{"id":3244,"date":"2026-04-28T21:25:11","date_gmt":"2026-04-28T19:25:11","guid":{"rendered":"https:\/\/repmancarretillas.es\/?post_type=product&#038;p=3244"},"modified":"2026-04-28T21:29:43","modified_gmt":"2026-04-28T19:29:43","slug":"bt-vector-1-5t","status":"publish","type":"product","link":"https:\/\/repmancarretillas.es\/en\/product\/bt-vector-1-5t\/","title":{"rendered":"BT Vector 1.5t"},"content":{"rendered":"<h2>Key benefits.<\/h2>\n<ul>\n<li data-pm-slice=\"1 1 []\">\n<p data-pm-slice=\"1 1 []\">Dise\u00f1ada para operaciones con operario a nivel del suelo en pasillos muy estrechos.<\/p>\n<\/li>\n<li data-pm-slice=\"1 1 []\">\n<p data-pm-slice=\"1 1 []\">Horquillas con cabezal trilateral para mayor versatilidad.<\/p>\n<\/li>\n<li data-pm-slice=\"1 1 []\">\n<p data-pm-slice=\"1 1 []\">Guiado por cables o rieles que garantiza rapidez y seguridad en la operaci\u00f3n.<\/p>\n<\/li>\n<li data-pm-slice=\"1 1 []\">\n<p data-pm-slice=\"1 1 []\">Control de Elevaci\u00f3n Transicional (TLC) para elevaci\u00f3n y descenso suaves a m\u00e1xima velocidad.<\/p>\n<\/li>\n<\/ul>\n<h2>Specs.<\/h2>\n<p data-pm-slice=\"1 1 []\">Carretilla retr\u00e1ctil el\u00e9ctrica con visi\u00f3n total, pedales tipo autom\u00f3vil, freno autom\u00e1tico, control TLC de elevaci\u00f3n, direcci\u00f3n 360\u00b0, hidr\u00e1ulico simult\u00e1neo, palanca multifunci\u00f3n, unidad de conducci\u00f3n robusta, sistema telem\u00e1tico inteligente y capacidad de carga de 1500 kg.<\/p>","protected":false},"excerpt":{"rendered":"<p data-pm-slice=\"1 1 []\">La serie BT Vector R, basada en la carretilla retr\u00e1ctil BT Reflex, incorpora un dise\u00f1o con cabeza de torreta que reduce el ancho de pasillo requerido y permite la manipulaci\u00f3n lateral de pallets a alta velocidad, siendo ideal para operaciones de intensidad media.<\/p>\n<p data-pm-slice=\"1 1 []\"><em><strong>1500 kg | 11000 mm | 14,0 km\/h | Carretilla inteligente<\/strong><\/em><\/p>\n<p data-pm-slice=\"1 1 []\">Movimiento de horquilla accionado por correa: Superior a la direcci\u00f3n tradicional de pi\u00f1\u00f3n y cremallera, elimina las vibraciones y la necesidad de lubricaci\u00f3n. El resultado es un funcionamiento suave y menos costes de mantenimiento.<\/p>","protected":false},"featured_media":3245,"template":"","meta":{"_joinchat":[]},"product_brand":[],"product_cat":[26,35],"product_tag":[],"class_list":{"0":"post-3244","1":"product","2":"type-product","3":"status-publish","4":"has-post-thumbnail","6":"product_cat-carretillas-elevadoras","7":"product_cat-carretillas-trilaterales","9":"first","10":"instock","11":"shipping-taxable","12":"product-type-simple"},"_links":{"self":[{"href":"https:\/\/repmancarretillas.es\/en\/wp-json\/wp\/v2\/product\/3244","targetHints":{"allow":["GET"]}}],"collection":[{"href":"https:\/\/repmancarretillas.es\/en\/wp-json\/wp\/v2\/product"}],"about":[{"href":"https:\/\/repmancarretillas.es\/en\/wp-json\/wp\/v2\/types\/product"}],"version-history":[{"count":1,"href":"https:\/\/repmancarretillas.es\/en\/wp-json\/wp\/v2\/product\/3244\/revisions"}],"predecessor-version":[{"id":3252,"href":"https:\/\/repmancarretillas.es\/en\/wp-json\/wp\/v2\/product\/3244\/revisions\/3252"}],"wp:featuredmedia":[{"embeddable":true,"href":"https:\/\/repmancarretillas.es\/en\/wp-json\/wp\/v2\/media\/3245"}],"wp:attachment":[{"href":"https:\/\/repmancarretillas.es\/en\/wp-json\/wp\/v2\/media?parent=3244"}],"wp:term":[{"taxonomy":"product_brand","embeddable":true,"href":"https:\/\/repmancarretillas.es\/en\/wp-json\/wp\/v2\/product_brand?post=3244"},{"taxonomy":"product_cat","embeddable":true,"href":"https:\/\/repmancarretillas.es\/en\/wp-json\/wp\/v2\/product_cat?post=3244"},{"taxonomy":"product_tag","embeddable":true,"href":"https:\/\/repmancarretillas.es\/en\/wp-json\/wp\/v2\/product_tag?post=3244"}],"curies":[{"name":"wp","href":"https:\/\/api.w.org\/{rel}","templated":true}]}}