{"id":3054,"date":"2026-04-28T19:04:43","date_gmt":"2026-04-28T17:04:43","guid":{"rendered":"https:\/\/repmancarretillas.es\/?post_type=product&#038;p=3054"},"modified":"2026-04-28T19:08:21","modified_gmt":"2026-04-28T17:08:21","slug":"toyota-tonero-hst-diesel-3-5t-500mm-lc","status":"publish","type":"product","link":"https:\/\/repmancarretillas.es\/en\/product\/toyota-tonero-hst-diesel-3-5t-500mm-lc\/","title":{"rendered":"Toyota Tonero HST Diesel 3.5t 500mm LC"},"content":{"rendered":"<h2>Key benefits.<\/h2>\n<ul>\n<li data-pm-slice=\"1 1 []\">\n<p data-pm-slice=\"1 1 []\">Dise\u00f1ada para manipulaci\u00f3n de materiales en exteriores en aplicaciones moderadas y exigentes.<\/p>\n<\/li>\n<li data-pm-slice=\"1 1 []\">\n<p data-pm-slice=\"1 1 []\">Adecuada para tareas ligeras en entornos exteriores de alta demanda.<\/p>\n<\/li>\n<li data-pm-slice=\"1 1 []\">\n<p data-pm-slice=\"1 1 []\">Motor di\u00e9sel industrial Toyota, potente y altamente fiable.<\/p>\n<\/li>\n<li data-pm-slice=\"1 1 []\">\n<p data-pm-slice=\"1 1 []\">Excelente visibilidad de las horquillas a cualquier altura para operaciones seguras.<\/p>\n<\/li>\n<li data-pm-slice=\"1 1 []\">\n<p data-pm-slice=\"1 1 []\">Sistema de Estabilidad Activa (SAS) que mejora el control y la estabilidad.<\/p>\n<\/li>\n<\/ul>\n<h2>Specs.<\/h2>\n<p data-pm-slice=\"1 1 []\">Carretilla elevadora con transmisi\u00f3n hidrost\u00e1tica, sistemas SAS, OPS y asiento ORS, m\u00e1stil de alta visibilidad, frenos de discos h\u00famedos, direcci\u00f3n hidr\u00e1ulica, ruedas neum\u00e1ticas, luces LED y capacidad de carga de 3500 kg.<\/p>","protected":false},"excerpt":{"rendered":"<p data-pm-slice=\"1 1 []\">La Toyota Tonero es una gama de carretillas contrapesadas de combusti\u00f3n interna dise\u00f1ada para una amplia variedad de aplicaciones industriales. Ofrece estabilidad, eficiencia y alto rendimiento en trabajos ligeros y exigentes en exteriores. Su dise\u00f1o prioriza la comodidad del operador y una excelente visibilidad panor\u00e1mica mediante cabinas ergon\u00f3micas. La transmisi\u00f3n hidrost\u00e1tica permite un control preciso con frenado autom\u00e1tico al liberar el acelerador.<\/p>\n<p data-pm-slice=\"1 1 []\"><em><strong>3500 kg | 7000 mm | 20,0 km\/h<\/strong><\/em><\/p>\n<p data-pm-slice=\"1 1 []\">Funcionamiento c\u00f3modo: El asiento totalmente ajustable, con apoyo lateral y lumbar, amplio espacio para las piernas y la columna de direcci\u00f3n ajustable ofrecen al conductor una experiencia ergon\u00f3mica.<\/p>","protected":false},"featured_media":3055,"template":"","meta":{"_joinchat":[]},"product_brand":[],"product_cat":[26,33],"product_tag":[],"class_list":{"0":"post-3054","1":"product","2":"type-product","3":"status-publish","4":"has-post-thumbnail","6":"product_cat-carretillas-elevadoras","7":"product_cat-contrapesadas-ci","9":"first","10":"instock","11":"shipping-taxable","12":"product-type-simple"},"_links":{"self":[{"href":"https:\/\/repmancarretillas.es\/en\/wp-json\/wp\/v2\/product\/3054","targetHints":{"allow":["GET"]}}],"collection":[{"href":"https:\/\/repmancarretillas.es\/en\/wp-json\/wp\/v2\/product"}],"about":[{"href":"https:\/\/repmancarretillas.es\/en\/wp-json\/wp\/v2\/types\/product"}],"version-history":[{"count":1,"href":"https:\/\/repmancarretillas.es\/en\/wp-json\/wp\/v2\/product\/3054\/revisions"}],"predecessor-version":[{"id":3063,"href":"https:\/\/repmancarretillas.es\/en\/wp-json\/wp\/v2\/product\/3054\/revisions\/3063"}],"wp:featuredmedia":[{"embeddable":true,"href":"https:\/\/repmancarretillas.es\/en\/wp-json\/wp\/v2\/media\/3055"}],"wp:attachment":[{"href":"https:\/\/repmancarretillas.es\/en\/wp-json\/wp\/v2\/media?parent=3054"}],"wp:term":[{"taxonomy":"product_brand","embeddable":true,"href":"https:\/\/repmancarretillas.es\/en\/wp-json\/wp\/v2\/product_brand?post=3054"},{"taxonomy":"product_cat","embeddable":true,"href":"https:\/\/repmancarretillas.es\/en\/wp-json\/wp\/v2\/product_cat?post=3054"},{"taxonomy":"product_tag","embeddable":true,"href":"https:\/\/repmancarretillas.es\/en\/wp-json\/wp\/v2\/product_tag?post=3054"}],"curies":[{"name":"wp","href":"https:\/\/api.w.org\/{rel}","templated":true}]}}