{"id":2973,"date":"2026-04-28T18:11:23","date_gmt":"2026-04-28T16:11:23","guid":{"rendered":"https:\/\/repmancarretillas.es\/?post_type=product&#038;p=2973"},"modified":"2026-04-28T18:15:43","modified_gmt":"2026-04-28T16:15:43","slug":"toyota-tonero-hst-glp-1-8t-500mm-lc","status":"publish","type":"product","link":"https:\/\/repmancarretillas.es\/en\/product\/toyota-tonero-hst-glp-1-8t-500mm-lc\/","title":{"rendered":"Toyota Tonero HST GLP 1.8t 500mm LC"},"content":{"rendered":"<h2>Key benefits.<\/h2>\n<ul>\n<li data-pm-slice=\"1 1 []\">\n<p data-pm-slice=\"1 1 []\">Dise\u00f1ada para manipulaci\u00f3n de materiales en interiores y exteriores en aplicaciones ligeras y moderadas.<\/p>\n<\/li>\n<li data-pm-slice=\"1 1 []\">\n<p data-pm-slice=\"1 1 []\">Adecuada para tareas ligeras en condiciones exteriores exigentes.<\/p>\n<\/li>\n<li data-pm-slice=\"1 1 []\">\n<p data-pm-slice=\"1 1 []\">Motor GLP industrial Toyota, potente y altamente fiable.<\/p>\n<\/li>\n<li data-pm-slice=\"1 1 []\">\n<p data-pm-slice=\"1 1 []\">Excelente visibilidad de las horquillas a cualquier altura para operaciones seguras.<\/p>\n<\/li>\n<li data-pm-slice=\"1 1 []\">\n<p data-pm-slice=\"1 1 []\">Sistema de Estabilidad Activa (SAS) que mejora el control y la estabilidad.<\/p>\n<\/li>\n<\/ul>\n<h2>Specs.<\/h2>\n<p data-pm-slice=\"1 1 []\">Carretilla elevadora con transmisi\u00f3n hidrost\u00e1tica, sistemas SAS, OPS y asiento ORS, m\u00e1stil de alta visibilidad, frenos de discos h\u00famedos, direcci\u00f3n hidr\u00e1ulica, ruedas neum\u00e1ticas, luces LED y capacidad de carga de 1800 kg.<\/p>","protected":false},"excerpt":{"rendered":"<p data-pm-slice=\"1 1 []\">La Toyota Tonero es una gama de carretillas contrapesadas de combusti\u00f3n interna dise\u00f1ada para m\u00faltiples aplicaciones. Ofrece estabilidad, eficiencia y productividad en trabajos ligeros y exigentes en exteriores. Su dise\u00f1o prioriza la comodidad del operador y una excelente visibilidad panor\u00e1mica mediante cabinas optimizadas. La transmisi\u00f3n hidrost\u00e1tica permite un control preciso con frenado autom\u00e1tico al liberar el acelerador.<\/p>\n<p data-pm-slice=\"1 1 []\"><em><strong>1800 kg | 7000 mm | 19,0 km\/h<\/strong><\/em><\/p>\n<p data-pm-slice=\"1 1 []\">Transmisi\u00f3n hidrost\u00e1tica: La transmisi\u00f3n hidrost\u00e1tica ofrece un r\u00e1pido cambio de direcci\u00f3n y un efecto de frenado autom\u00e1tico, en combinaci\u00f3n con una funcionalidad independiente de conducci\u00f3n y elevaci\u00f3n. Ideal para la carga y descarga de camiones (por ejemplo). Adem\u00e1s, el sistema de frenado de discos h\u00famedos sin mantenimiento garantiza unos costes de servicio bajos y un tiempo de inactividad m\u00ednimo<\/p>","protected":false},"featured_media":2974,"template":"","meta":{"_joinchat":[]},"product_brand":[],"product_cat":[26,33],"product_tag":[],"class_list":{"0":"post-2973","1":"product","2":"type-product","3":"status-publish","4":"has-post-thumbnail","6":"product_cat-carretillas-elevadoras","7":"product_cat-contrapesadas-ci","9":"first","10":"instock","11":"shipping-taxable","12":"product-type-simple"},"_links":{"self":[{"href":"https:\/\/repmancarretillas.es\/en\/wp-json\/wp\/v2\/product\/2973","targetHints":{"allow":["GET"]}}],"collection":[{"href":"https:\/\/repmancarretillas.es\/en\/wp-json\/wp\/v2\/product"}],"about":[{"href":"https:\/\/repmancarretillas.es\/en\/wp-json\/wp\/v2\/types\/product"}],"version-history":[{"count":1,"href":"https:\/\/repmancarretillas.es\/en\/wp-json\/wp\/v2\/product\/2973\/revisions"}],"predecessor-version":[{"id":2982,"href":"https:\/\/repmancarretillas.es\/en\/wp-json\/wp\/v2\/product\/2973\/revisions\/2982"}],"wp:featuredmedia":[{"embeddable":true,"href":"https:\/\/repmancarretillas.es\/en\/wp-json\/wp\/v2\/media\/2974"}],"wp:attachment":[{"href":"https:\/\/repmancarretillas.es\/en\/wp-json\/wp\/v2\/media?parent=2973"}],"wp:term":[{"taxonomy":"product_brand","embeddable":true,"href":"https:\/\/repmancarretillas.es\/en\/wp-json\/wp\/v2\/product_brand?post=2973"},{"taxonomy":"product_cat","embeddable":true,"href":"https:\/\/repmancarretillas.es\/en\/wp-json\/wp\/v2\/product_cat?post=2973"},{"taxonomy":"product_tag","embeddable":true,"href":"https:\/\/repmancarretillas.es\/en\/wp-json\/wp\/v2\/product_tag?post=2973"}],"curies":[{"name":"wp","href":"https:\/\/api.w.org\/{rel}","templated":true}]}}