{"id":2893,"date":"2026-04-28T17:25:21","date_gmt":"2026-04-28T15:25:21","guid":{"rendered":"https:\/\/repmancarretillas.es\/?post_type=product&#038;p=2893"},"modified":"2026-04-28T17:33:13","modified_gmt":"2026-04-28T15:33:13","slug":"toyota-tonero-tc-glp-4-5t-600mm-lc","status":"publish","type":"product","link":"https:\/\/repmancarretillas.es\/en\/product\/toyota-tonero-tc-glp-4-5t-600mm-lc\/","title":{"rendered":"Toyota Tonero TC GLP 4.5t 600mm LC"},"content":{"rendered":"<h2>Key benefits.<\/h2>\n<ul>\n<li data-pm-slice=\"1 1 []\">\n<p data-pm-slice=\"1 1 []\">Dise\u00f1ada para manipulaci\u00f3n de materiales en exteriores en operaciones exigentes y de carga m\u00faltiple.<\/p>\n<\/li>\n<li data-pm-slice=\"1 1 []\">\n<p data-pm-slice=\"1 1 []\">Transmisi\u00f3n con convertidor de par que garantiza una conducci\u00f3n suave y eficiente.<\/p>\n<\/li>\n<li data-pm-slice=\"1 1 []\">\n<p data-pm-slice=\"1 1 []\">Motor GLP industrial Toyota, potente y altamente confiable.<\/p>\n<\/li>\n<li data-pm-slice=\"1 1 []\">\n<p data-pm-slice=\"1 1 []\">Excelente visibilidad de las horquillas a cualquier altura para mayor seguridad operativa.<\/p>\n<\/li>\n<\/ul>\n<h2>Specs.<\/h2>\n<p data-pm-slice=\"1 1 []\">Carretilla elevadora con capacidad de 5000 kg o 4500 kg, transmisi\u00f3n hidrodin\u00e1mica, sistemas SAS y OPS, freno doble, direcci\u00f3n hidr\u00e1ulica, m\u00e1stil de alta visibilidad, luces LED y alto rendimiento operativo en interiores y exteriores.<\/p>","protected":false},"excerpt":{"rendered":"<p data-pm-slice=\"1 1 []\">\u00bfBusca una carretilla elevadora de combusti\u00f3n interna fiable y eficiente? Las Toyota Tonero GLP est\u00e1n dise\u00f1adas para trabajos intensivos en exteriores, ofreciendo gran maniobrabilidad, seguridad operativa y alto rendimiento productivo.<\/p>\n<p data-pm-slice=\"1 1 []\"><em><strong>4500 kg | 6000 mm | 24,0 km\/h<\/strong><\/em><\/p>\n<p data-pm-slice=\"1 1 []\">Motores industriales lean de Toyota: El motor 1FS est\u00e1 dise\u00f1ado internamente para aplicaciones industriales y permite una r\u00e1pida aceleraci\u00f3n. Combina eficiencia de combustible, bajo mantenimiento y alta durabilidad. El 1FS incluye un filtro para operaciones m\u00e1s limpias y magras, superando la normativa Stage V.<\/p>","protected":false},"featured_media":2894,"template":"","meta":{"_joinchat":[]},"product_brand":[],"product_cat":[26,33],"product_tag":[],"class_list":{"0":"post-2893","1":"product","2":"type-product","3":"status-publish","4":"has-post-thumbnail","6":"product_cat-carretillas-elevadoras","7":"product_cat-contrapesadas-ci","9":"first","10":"instock","11":"shipping-taxable","12":"product-type-simple"},"_links":{"self":[{"href":"https:\/\/repmancarretillas.es\/en\/wp-json\/wp\/v2\/product\/2893","targetHints":{"allow":["GET"]}}],"collection":[{"href":"https:\/\/repmancarretillas.es\/en\/wp-json\/wp\/v2\/product"}],"about":[{"href":"https:\/\/repmancarretillas.es\/en\/wp-json\/wp\/v2\/types\/product"}],"version-history":[{"count":1,"href":"https:\/\/repmancarretillas.es\/en\/wp-json\/wp\/v2\/product\/2893\/revisions"}],"predecessor-version":[{"id":2900,"href":"https:\/\/repmancarretillas.es\/en\/wp-json\/wp\/v2\/product\/2893\/revisions\/2900"}],"wp:featuredmedia":[{"embeddable":true,"href":"https:\/\/repmancarretillas.es\/en\/wp-json\/wp\/v2\/media\/2894"}],"wp:attachment":[{"href":"https:\/\/repmancarretillas.es\/en\/wp-json\/wp\/v2\/media?parent=2893"}],"wp:term":[{"taxonomy":"product_brand","embeddable":true,"href":"https:\/\/repmancarretillas.es\/en\/wp-json\/wp\/v2\/product_brand?post=2893"},{"taxonomy":"product_cat","embeddable":true,"href":"https:\/\/repmancarretillas.es\/en\/wp-json\/wp\/v2\/product_cat?post=2893"},{"taxonomy":"product_tag","embeddable":true,"href":"https:\/\/repmancarretillas.es\/en\/wp-json\/wp\/v2\/product_tag?post=2893"}],"curies":[{"name":"wp","href":"https:\/\/api.w.org\/{rel}","templated":true}]}}