{"id":2739,"date":"2026-04-28T15:50:23","date_gmt":"2026-04-28T13:50:23","guid":{"rendered":"https:\/\/repmancarretillas.es\/?post_type=product&#038;p=2739"},"modified":"2026-04-28T15:54:38","modified_gmt":"2026-04-28T13:54:38","slug":"toyota-tonero-tc-diesel-3-5t-600mm-lc","status":"publish","type":"product","link":"https:\/\/repmancarretillas.es\/en\/product\/toyota-tonero-tc-diesel-3-5t-600mm-lc\/","title":{"rendered":"Toyota Tonero TC Diesel 3.5t 600mm LC"},"content":{"rendered":"<h2>Key benefits.<\/h2>\n<ul>\n<li data-pm-slice=\"1 1 []\">\n<p data-pm-slice=\"1 1 []\">Ideal para trabajos intensivos en exteriores y cargas m\u00faltiples<\/p>\n<\/li>\n<li data-pm-slice=\"1 1 []\">\n<p data-pm-slice=\"1 1 []\">Transmisi\u00f3n por convertidor de par para conducci\u00f3n suave<\/p>\n<\/li>\n<li data-pm-slice=\"1 1 []\">\n<p data-pm-slice=\"1 1 []\">Motor di\u00e9sel Toyota potente y fiable<\/p>\n<\/li>\n<li data-pm-slice=\"1 1 []\">\n<p data-pm-slice=\"1 1 []\">Excelente visibilidad para manipulaci\u00f3n segura<\/p>\n<\/li>\n<li data-pm-slice=\"1 1 []\">\n<p data-pm-slice=\"1 1 []\">Sistema SAS para mayor seguridad<\/p>\n<\/li>\n<\/ul>\n<h2>Specs.<\/h2>\n<p data-pm-slice=\"1 1 []\">Toyota SAS y OPS, capacidad 4000\u20133500 kg, transmisi\u00f3n hidrodin\u00e1mica, ORS, m\u00e1stil 3000 mm, horquillas 1000 mm, frenos dobles, direcci\u00f3n hidr\u00e1ulica, LED, autodiagn\u00f3stico y columna ajustable.<\/p>","protected":false},"excerpt":{"rendered":"<p data-pm-slice=\"1 1 []\">\u00bfBusca una carretilla elevadora potente y fiable para exteriores? La Toyota Tonero di\u00e9sel ofrece gran durabilidad, maniobrabilidad segura y alto rendimiento en operaciones exigentes.<\/p>\n<p data-pm-slice=\"1 1 []\"><em><strong>3500 kg | 6000 mm | 24,0 km\/h<\/strong><\/em><\/p>\n<p data-pm-slice=\"1 1 []\">Funcionamiento c\u00f3modo: El asiento totalmente ajustable, con apoyo lateral y lumbar, amplio espacio para las piernas y la columna de direcci\u00f3n ajustable ofrecen al conductor una experiencia ergon\u00f3mica.<\/p>","protected":false},"featured_media":2740,"template":"","meta":{"_joinchat":[]},"product_brand":[],"product_cat":[26,33],"product_tag":[],"class_list":{"0":"post-2739","1":"product","2":"type-product","3":"status-publish","4":"has-post-thumbnail","6":"product_cat-carretillas-elevadoras","7":"product_cat-contrapesadas-ci","9":"first","10":"instock","11":"shipping-taxable","12":"product-type-simple"},"_links":{"self":[{"href":"https:\/\/repmancarretillas.es\/en\/wp-json\/wp\/v2\/product\/2739","targetHints":{"allow":["GET"]}}],"collection":[{"href":"https:\/\/repmancarretillas.es\/en\/wp-json\/wp\/v2\/product"}],"about":[{"href":"https:\/\/repmancarretillas.es\/en\/wp-json\/wp\/v2\/types\/product"}],"version-history":[{"count":1,"href":"https:\/\/repmancarretillas.es\/en\/wp-json\/wp\/v2\/product\/2739\/revisions"}],"predecessor-version":[{"id":2747,"href":"https:\/\/repmancarretillas.es\/en\/wp-json\/wp\/v2\/product\/2739\/revisions\/2747"}],"wp:featuredmedia":[{"embeddable":true,"href":"https:\/\/repmancarretillas.es\/en\/wp-json\/wp\/v2\/media\/2740"}],"wp:attachment":[{"href":"https:\/\/repmancarretillas.es\/en\/wp-json\/wp\/v2\/media?parent=2739"}],"wp:term":[{"taxonomy":"product_brand","embeddable":true,"href":"https:\/\/repmancarretillas.es\/en\/wp-json\/wp\/v2\/product_brand?post=2739"},{"taxonomy":"product_cat","embeddable":true,"href":"https:\/\/repmancarretillas.es\/en\/wp-json\/wp\/v2\/product_cat?post=2739"},{"taxonomy":"product_tag","embeddable":true,"href":"https:\/\/repmancarretillas.es\/en\/wp-json\/wp\/v2\/product_tag?post=2739"}],"curies":[{"name":"wp","href":"https:\/\/api.w.org\/{rel}","templated":true}]}}