{"id":2596,"date":"2026-04-28T02:36:11","date_gmt":"2026-04-28T00:36:11","guid":{"rendered":"https:\/\/repmancarretillas.es\/?post_type=product&#038;p=2596"},"modified":"2026-04-28T02:40:49","modified_gmt":"2026-04-28T00:40:49","slug":"toyota-traigo80v-4-ruedas-3-5-toneladas","status":"publish","type":"product","link":"https:\/\/repmancarretillas.es\/en\/product\/toyota-traigo80v-4-ruedas-3-5-toneladas\/","title":{"rendered":"Toyota Traigo80V 4 Ruedas 3.5 Toneladas"},"content":{"rendered":"<h2>Key benefits.<\/h2>\n<ul>\n<li data-pm-slice=\"1 1 []\">\n<p data-pm-slice=\"1 1 []\">Chasis robusto dise\u00f1ado para alta durabilidad<\/p>\n<\/li>\n<li data-pm-slice=\"1 1 []\">\n<p data-pm-slice=\"1 1 []\">Rendimiento el\u00e9ctrico sin emisiones<\/p>\n<\/li>\n<li data-pm-slice=\"1 1 []\">\n<p data-pm-slice=\"1 1 []\">Estabilidad superior en interiores y exteriores<\/p>\n<\/li>\n<li data-pm-slice=\"1 1 []\">\n<p data-pm-slice=\"1 1 []\">Energ\u00eda eficiente con bater\u00edas de litio<\/p>\n<\/li>\n<li data-pm-slice=\"1 1 []\">\n<p data-pm-slice=\"1 1 []\">Cabina ergon\u00f3mica que mejora confort y productividad<\/p>\n<\/li>\n<\/ul>\n<h2>Specs.<\/h2>\n<p data-pm-slice=\"1 1 []\">Toyota SAS, sistema AC, ORS y OPS, m\u00e1stil 3300 mm, horquillas 1000\u20131200 mm, frenos h\u00famedos, direcci\u00f3n hidr\u00e1ulica, pantalla digital, v\u00e1lvulas 3 v\u00edas, cabina flotante y parada emergencia.<\/p>","protected":false},"excerpt":{"rendered":"<p data-pm-slice=\"0 0 []\">La Toyota Traigo80 combina robustez y durabilidad para afrontar los entornos m\u00e1s exigentes, con rendimiento sin emisiones, bater\u00eda de litio opcional y ergonom\u00eda que impulsa la productividad.<\/p>\n<p data-pm-slice=\"1 1 []\"><em><strong>3500 kg | 6500 mm| 80 volt | 20,0 km\/h<\/strong><\/em><\/p>\n<p data-pm-slice=\"1 1 []\">Compartimento del conductor totalmente flotante: El compartimento del conductor totalmente flotante a\u00edsla al conductor de las vibraciones y el ruido para mejorar la comodidad y la productividad<\/p>","protected":false},"featured_media":2597,"template":"","meta":{"_joinchat":[]},"product_brand":[],"product_cat":[26,32],"product_tag":[],"class_list":{"0":"post-2596","1":"product","2":"type-product","3":"status-publish","4":"has-post-thumbnail","6":"product_cat-carretillas-elevadoras","7":"product_cat-contrapesadas-electricas","9":"first","10":"instock","11":"shipping-taxable","12":"product-type-simple"},"_links":{"self":[{"href":"https:\/\/repmancarretillas.es\/en\/wp-json\/wp\/v2\/product\/2596","targetHints":{"allow":["GET"]}}],"collection":[{"href":"https:\/\/repmancarretillas.es\/en\/wp-json\/wp\/v2\/product"}],"about":[{"href":"https:\/\/repmancarretillas.es\/en\/wp-json\/wp\/v2\/types\/product"}],"version-history":[{"count":1,"href":"https:\/\/repmancarretillas.es\/en\/wp-json\/wp\/v2\/product\/2596\/revisions"}],"predecessor-version":[{"id":2613,"href":"https:\/\/repmancarretillas.es\/en\/wp-json\/wp\/v2\/product\/2596\/revisions\/2613"}],"wp:featuredmedia":[{"embeddable":true,"href":"https:\/\/repmancarretillas.es\/en\/wp-json\/wp\/v2\/media\/2597"}],"wp:attachment":[{"href":"https:\/\/repmancarretillas.es\/en\/wp-json\/wp\/v2\/media?parent=2596"}],"wp:term":[{"taxonomy":"product_brand","embeddable":true,"href":"https:\/\/repmancarretillas.es\/en\/wp-json\/wp\/v2\/product_brand?post=2596"},{"taxonomy":"product_cat","embeddable":true,"href":"https:\/\/repmancarretillas.es\/en\/wp-json\/wp\/v2\/product_cat?post=2596"},{"taxonomy":"product_tag","embeddable":true,"href":"https:\/\/repmancarretillas.es\/en\/wp-json\/wp\/v2\/product_tag?post=2596"}],"curies":[{"name":"wp","href":"https:\/\/api.w.org\/{rel}","templated":true}]}}