{"id":2462,"date":"2026-04-27T19:52:38","date_gmt":"2026-04-27T17:52:38","guid":{"rendered":"https:\/\/repmancarretillas.es\/?post_type=product&#038;p=2462"},"modified":"2026-04-27T19:56:41","modified_gmt":"2026-04-27T17:56:41","slug":"toyota-traigo48-3-ruedas-1-6t-2025","status":"publish","type":"product","link":"https:\/\/repmancarretillas.es\/en\/product\/toyota-traigo48-3-ruedas-1-6t-2025\/","title":{"rendered":"Toyota Traigo48, 3 ruedas 1.6t (2025)"},"content":{"rendered":"<h2>Key benefits.<\/h2>\n<ul>\n<li data-pm-slice=\"1 1 []\">\n<p data-pm-slice=\"1 1 []\">Carretilla el\u00e9ctrica vers\u00e1til con radio de giro reducido<\/p>\n<\/li>\n<li data-pm-slice=\"1 1 []\">\n<p data-pm-slice=\"1 1 []\">Ideal para uso en interiores y exteriores<\/p>\n<\/li>\n<li data-pm-slice=\"1 1 []\">\n<p data-pm-slice=\"1 1 []\">Cabina espaciosa para mayor comodidad y productividad<\/p>\n<\/li>\n<li data-pm-slice=\"1 1 []\">\n<p data-pm-slice=\"1 1 []\">Opciones de energ\u00eda: plomo-\u00e1cido, litio o pila de combustible<\/p>\n<\/li>\n<li data-pm-slice=\"1 1 []\">\n<p data-pm-slice=\"1 1 []\">Sistema SAS para mayor seguridad<\/p>\n<\/li>\n<\/ul>\n<h2>Specs.<\/h2>\n<p data-pm-slice=\"1 1 []\">Carretilla con SAS Toyota, motor IPM y CA, asiento ORS, reposabrazos ergon\u00f3mico, m\u00e1stil 3300 mm, horquillas 1000 mm, frenos de disco h\u00famedos, pantalla t\u00e1ctil, direcci\u00f3n el\u00e9ctrica, cambio lateral bater\u00eda.<\/p>","protected":false},"excerpt":{"rendered":"<p data-pm-slice=\"0 0 []\">\u00bfBusca una carretilla el\u00e9ctrica compacta y eficiente? La Toyota Traigo48 de 3 ruedas ofrece excelente maniobrabilidad, radio de giro reducido y alto rendimiento en interiores y exteriores.<\/p>\n<p data-pm-slice=\"1 1 []\"><em><strong>1600 kg | 7500 mm | 48 volt | 16,0 km\/h<\/strong><\/em><\/p>\n<p data-pm-slice=\"1 1 []\">Cabina del operario ergon\u00f3mica: Volante, pantalla t\u00e1ctil, opciones de palanca: todo se ha dise\u00f1ado pensando en el operador para ofrecerle un confort y una productividad \u00f3ptimos.<\/p>","protected":false},"featured_media":2463,"template":"","meta":{"_joinchat":[]},"product_brand":[],"product_cat":[26,32],"product_tag":[],"class_list":{"0":"post-2462","1":"product","2":"type-product","3":"status-publish","4":"has-post-thumbnail","6":"product_cat-carretillas-elevadoras","7":"product_cat-contrapesadas-electricas","9":"first","10":"instock","11":"shipping-taxable","12":"product-type-simple"},"_links":{"self":[{"href":"https:\/\/repmancarretillas.es\/en\/wp-json\/wp\/v2\/product\/2462","targetHints":{"allow":["GET"]}}],"collection":[{"href":"https:\/\/repmancarretillas.es\/en\/wp-json\/wp\/v2\/product"}],"about":[{"href":"https:\/\/repmancarretillas.es\/en\/wp-json\/wp\/v2\/types\/product"}],"version-history":[{"count":1,"href":"https:\/\/repmancarretillas.es\/en\/wp-json\/wp\/v2\/product\/2462\/revisions"}],"predecessor-version":[{"id":2472,"href":"https:\/\/repmancarretillas.es\/en\/wp-json\/wp\/v2\/product\/2462\/revisions\/2472"}],"wp:featuredmedia":[{"embeddable":true,"href":"https:\/\/repmancarretillas.es\/en\/wp-json\/wp\/v2\/media\/2463"}],"wp:attachment":[{"href":"https:\/\/repmancarretillas.es\/en\/wp-json\/wp\/v2\/media?parent=2462"}],"wp:term":[{"taxonomy":"product_brand","embeddable":true,"href":"https:\/\/repmancarretillas.es\/en\/wp-json\/wp\/v2\/product_brand?post=2462"},{"taxonomy":"product_cat","embeddable":true,"href":"https:\/\/repmancarretillas.es\/en\/wp-json\/wp\/v2\/product_cat?post=2462"},{"taxonomy":"product_tag","embeddable":true,"href":"https:\/\/repmancarretillas.es\/en\/wp-json\/wp\/v2\/product_tag?post=2462"}],"curies":[{"name":"wp","href":"https:\/\/api.w.org\/{rel}","templated":true}]}}