{"id":2450,"date":"2026-04-27T19:46:03","date_gmt":"2026-04-27T17:46:03","guid":{"rendered":"https:\/\/repmancarretillas.es\/?post_type=product&#038;p=2450"},"modified":"2026-04-27T19:51:53","modified_gmt":"2026-04-27T17:51:53","slug":"toyota-traigo80v-4-ruedas-2-5-toneladas","status":"publish","type":"product","link":"https:\/\/repmancarretillas.es\/en\/product\/toyota-traigo80v-4-ruedas-2-5-toneladas\/","title":{"rendered":"Toyota Traigo80V 4 Ruedas 2.5 Toneladas"},"content":{"rendered":"<h2>Key benefits.<\/h2>\n<ul>\n<li data-pm-slice=\"1 1 []\">\n<p data-pm-slice=\"1 1 []\">Chasis est\u00e1ndar resistente y duradero<\/p>\n<\/li>\n<li data-pm-slice=\"1 1 []\">\n<p data-pm-slice=\"1 1 []\">Alto rendimiento con cero emisiones<\/p>\n<\/li>\n<li data-pm-slice=\"1 1 []\">\n<p data-pm-slice=\"1 1 []\">Estabilidad superior en interiores y exteriores<\/p>\n<\/li>\n<li data-pm-slice=\"1 1 []\">\n<p data-pm-slice=\"1 1 []\">Bater\u00edas de litio con sistemas de energ\u00eda inteligentes<\/p>\n<\/li>\n<li data-pm-slice=\"1 1 []\">\n<p data-pm-slice=\"1 1 []\">Cabina ergon\u00f3mica para mayor comodidad y productividad<\/p>\n<\/li>\n<\/ul>\n<h2>Specs.<\/h2>\n<p data-pm-slice=\"1 1 []\">Carretilla con SAS Toyota, sistema AC, OPS y ORS, m\u00e1stil 3300 mm, pantalla digital, frenos h\u00famedos, direcci\u00f3n hidr\u00e1ulica, ruedas superel\u00e1sticas, compartimento flotante y parada de emergencia integrada.<\/p>","protected":false},"excerpt":{"rendered":"<p data-pm-slice=\"0 0 []\">La Toyota Traigo80 ofrece resistencia y durabilidad para entornos exigentes, con rendimiento eficiente, cero emisiones y ergonom\u00eda avanzada para mayor productividad en interiores y exteriores.<\/p>\n<p data-pm-slice=\"1 1 []\"><em><strong>2500 kg | 6500 mm | 80 volt | 20,0 km\/h<\/strong><\/em><\/p>\n<p data-pm-slice=\"1 1 []\">Dise\u00f1ada para el operario: Cabina del operario dise\u00f1ada ergon\u00f3micamente con un nuevo reposabrazos. Dispone de una selecci\u00f3n de palancas para una excelente comodidad del conductor durante todo el turno.<\/p>","protected":false},"featured_media":2451,"template":"","meta":{"_joinchat":[]},"product_brand":[],"product_cat":[26,32],"product_tag":[],"class_list":{"0":"post-2450","1":"product","2":"type-product","3":"status-publish","4":"has-post-thumbnail","6":"product_cat-carretillas-elevadoras","7":"product_cat-contrapesadas-electricas","9":"first","10":"instock","11":"shipping-taxable","12":"product-type-simple"},"_links":{"self":[{"href":"https:\/\/repmancarretillas.es\/en\/wp-json\/wp\/v2\/product\/2450","targetHints":{"allow":["GET"]}}],"collection":[{"href":"https:\/\/repmancarretillas.es\/en\/wp-json\/wp\/v2\/product"}],"about":[{"href":"https:\/\/repmancarretillas.es\/en\/wp-json\/wp\/v2\/types\/product"}],"version-history":[{"count":1,"href":"https:\/\/repmancarretillas.es\/en\/wp-json\/wp\/v2\/product\/2450\/revisions"}],"predecessor-version":[{"id":2461,"href":"https:\/\/repmancarretillas.es\/en\/wp-json\/wp\/v2\/product\/2450\/revisions\/2461"}],"wp:featuredmedia":[{"embeddable":true,"href":"https:\/\/repmancarretillas.es\/en\/wp-json\/wp\/v2\/media\/2451"}],"wp:attachment":[{"href":"https:\/\/repmancarretillas.es\/en\/wp-json\/wp\/v2\/media?parent=2450"}],"wp:term":[{"taxonomy":"product_brand","embeddable":true,"href":"https:\/\/repmancarretillas.es\/en\/wp-json\/wp\/v2\/product_brand?post=2450"},{"taxonomy":"product_cat","embeddable":true,"href":"https:\/\/repmancarretillas.es\/en\/wp-json\/wp\/v2\/product_cat?post=2450"},{"taxonomy":"product_tag","embeddable":true,"href":"https:\/\/repmancarretillas.es\/en\/wp-json\/wp\/v2\/product_tag?post=2450"}],"curies":[{"name":"wp","href":"https:\/\/api.w.org\/{rel}","templated":true}]}}