{"id":2071,"date":"2026-04-27T00:10:08","date_gmt":"2026-04-26T22:10:08","guid":{"rendered":"https:\/\/repmancarretillas.es\/?post_type=product&#038;p=2071"},"modified":"2026-04-27T00:14:01","modified_gmt":"2026-04-26T22:14:01","slug":"bt-staxio-1-4t-con-plataforma","status":"publish","type":"product","link":"https:\/\/repmancarretillas.es\/en\/product\/bt-staxio-1-4t-con-plataforma\/","title":{"rendered":"BT Staxio 1.4t con plataforma"},"content":{"rendered":"<h2>Key benefits.<\/h2>\n<ul>\n<li data-pm-slice=\"1 1 []\">\n<p data-pm-slice=\"1 1 []\">Ideales para largos desplazamientos y apilamiento de intensidad media y alta<\/p>\n<\/li>\n<li data-pm-slice=\"1 1 []\">\n<p data-pm-slice=\"1 1 []\">Plataforma del operador abatible para mayor versatilidad<\/p>\n<\/li>\n<li data-pm-slice=\"1 1 []\">\n<p data-pm-slice=\"1 1 []\">Maniobrabilidad optimizada con Click-2-Creep y BT Powerdrive<\/p>\n<\/li>\n<li data-pm-slice=\"1 1 []\">\n<p data-pm-slice=\"1 1 []\">Chasis de 5 puntos para m\u00e1xima estabilidad y control<\/p>\n<\/li>\n<li data-pm-slice=\"1 1 []\">\n<p data-pm-slice=\"1 1 []\">Intelligent system easy to connect, monitor and optimize<\/p>\n<\/li>\n<\/ul>\n<h2>Specs.<\/h2>\n<p data-pm-slice=\"1 1 []\">BT Staxio con elevaci\u00f3n 5,4 m, velocidad 10 km\/h, Powertrak, Sensilift, controles fingertip, frenado electr\u00f3nico, seguridad operario, rendimiento programable, apagado autom\u00e1tico, telem\u00e1tica integrada y calidad Toyota garantizada.<\/p>","protected":false},"excerpt":{"rendered":"<p data-pm-slice=\"1 1 []\">\u00bfBusca una soluci\u00f3n de apilamiento para largas distancias? Las BT Staxio con plataforma de operador ofrecen velocidad, estabilidad y desplazamiento suave, mejorando la productividad con bater\u00edas de alta capacidad.<\/p>\n<p><em><strong>1400 kg | 5400 mm | 10,0 km\/h | Carretilla inteligente<\/strong><\/em><\/p>\n<p>Excelente visibilidad: Visi\u00f3n clara del m\u00e1stil y gran visibilidad desde la posici\u00f3n del operario hacia las puntas de las horquillas.<\/p>","protected":false},"featured_media":2072,"template":"","meta":{"_joinchat":[]},"product_brand":[],"product_cat":[29,26],"product_tag":[],"class_list":{"0":"post-2071","1":"product","2":"type-product","3":"status-publish","4":"has-post-thumbnail","6":"product_cat-apiladores-electricos","7":"product_cat-carretillas-elevadoras","9":"first","10":"instock","11":"shipping-taxable","12":"product-type-simple"},"_links":{"self":[{"href":"https:\/\/repmancarretillas.es\/en\/wp-json\/wp\/v2\/product\/2071","targetHints":{"allow":["GET"]}}],"collection":[{"href":"https:\/\/repmancarretillas.es\/en\/wp-json\/wp\/v2\/product"}],"about":[{"href":"https:\/\/repmancarretillas.es\/en\/wp-json\/wp\/v2\/types\/product"}],"version-history":[{"count":1,"href":"https:\/\/repmancarretillas.es\/en\/wp-json\/wp\/v2\/product\/2071\/revisions"}],"predecessor-version":[{"id":2080,"href":"https:\/\/repmancarretillas.es\/en\/wp-json\/wp\/v2\/product\/2071\/revisions\/2080"}],"wp:featuredmedia":[{"embeddable":true,"href":"https:\/\/repmancarretillas.es\/en\/wp-json\/wp\/v2\/media\/2072"}],"wp:attachment":[{"href":"https:\/\/repmancarretillas.es\/en\/wp-json\/wp\/v2\/media?parent=2071"}],"wp:term":[{"taxonomy":"product_brand","embeddable":true,"href":"https:\/\/repmancarretillas.es\/en\/wp-json\/wp\/v2\/product_brand?post=2071"},{"taxonomy":"product_cat","embeddable":true,"href":"https:\/\/repmancarretillas.es\/en\/wp-json\/wp\/v2\/product_cat?post=2071"},{"taxonomy":"product_tag","embeddable":true,"href":"https:\/\/repmancarretillas.es\/en\/wp-json\/wp\/v2\/product_tag?post=2071"}],"curies":[{"name":"wp","href":"https:\/\/api.w.org\/{rel}","templated":true}]}}