{"id":1983,"date":"2026-04-26T23:15:45","date_gmt":"2026-04-26T21:15:45","guid":{"rendered":"https:\/\/repmancarretillas.es\/?post_type=product&#038;p=1983"},"modified":"2026-04-26T23:19:33","modified_gmt":"2026-04-26T21:19:33","slug":"bt-staxio-1-6-toneladas-plataforma","status":"publish","type":"product","link":"https:\/\/repmancarretillas.es\/en\/product\/bt-staxio-1-6-toneladas-plataforma\/","title":{"rendered":"BT Staxio 1.6 Toneladas Plataforma"},"content":{"rendered":"<h2>Key benefits.<\/h2>\n<ul>\n<li data-pm-slice=\"1 1 []\">\n<p data-pm-slice=\"1 1 []\">Ideales para largos desplazamientos y apilamiento de intensidad media y alta<\/p>\n<\/li>\n<li data-pm-slice=\"1 1 []\">\n<p data-pm-slice=\"1 1 []\">Plataforma del operador abatible para mayor flexibilidad<\/p>\n<\/li>\n<li data-pm-slice=\"1 1 []\">\n<p data-pm-slice=\"1 1 []\">Maniobrabilidad con Click-2-Creep y BT Powerdrive para uso eficiente<\/p>\n<\/li>\n<li data-pm-slice=\"1 1 []\">\n<p data-pm-slice=\"1 1 []\">Chasis de 5 puntos de apoyo para m\u00e1xima estabilidad y control<\/p>\n<\/li>\n<li data-pm-slice=\"1 1 []\">\n<p data-pm-slice=\"1 1 []\">Intelligent system easy to connect, monitor and optimize<\/p>\n<\/li>\n<\/ul>\n<h2>Specs.<\/h2>\n<p data-pm-slice=\"1 1 []\">BT Staxio con elevaci\u00f3n 6 m, velocidad 10 km\/h, Powertrak, Sensilift, controles fingertip, frenado electr\u00f3nico, seguridad del operario, rendimiento programable, apagado autom\u00e1tico y telem\u00e1tica inteligente de alta calidad Toyota.<\/p>","protected":false},"excerpt":{"rendered":"<p data-pm-slice=\"1 1 []\">\u00bfBusca una soluci\u00f3n para apilamiento en largas distancias? Las BT Staxio con plataforma de operador ofrecen velocidad, estabilidad y suavidad de desplazamiento, aumentando la productividad gracias a su bater\u00eda de alta capacidad y cambio lateral.<\/p>\n<p><em><strong>1200 kg | 4800 mm | 8,0 km\/h | Carretilla inteligente<\/strong><\/em><\/p>\n<p>Plataforma del operador abatible: Permite largos desplazamientos a bordo y tambi\u00e9n el plegado para facilitar las maniobras.<\/p>","protected":false},"featured_media":1984,"template":"","meta":{"_joinchat":[]},"product_brand":[],"product_cat":[29,26],"product_tag":[],"class_list":{"0":"post-1983","1":"product","2":"type-product","3":"status-publish","4":"has-post-thumbnail","6":"product_cat-apiladores-electricos","7":"product_cat-carretillas-elevadoras","9":"first","10":"instock","11":"shipping-taxable","12":"product-type-simple"},"_links":{"self":[{"href":"https:\/\/repmancarretillas.es\/en\/wp-json\/wp\/v2\/product\/1983","targetHints":{"allow":["GET"]}}],"collection":[{"href":"https:\/\/repmancarretillas.es\/en\/wp-json\/wp\/v2\/product"}],"about":[{"href":"https:\/\/repmancarretillas.es\/en\/wp-json\/wp\/v2\/types\/product"}],"version-history":[{"count":1,"href":"https:\/\/repmancarretillas.es\/en\/wp-json\/wp\/v2\/product\/1983\/revisions"}],"predecessor-version":[{"id":1991,"href":"https:\/\/repmancarretillas.es\/en\/wp-json\/wp\/v2\/product\/1983\/revisions\/1991"}],"wp:featuredmedia":[{"embeddable":true,"href":"https:\/\/repmancarretillas.es\/en\/wp-json\/wp\/v2\/media\/1984"}],"wp:attachment":[{"href":"https:\/\/repmancarretillas.es\/en\/wp-json\/wp\/v2\/media?parent=1983"}],"wp:term":[{"taxonomy":"product_brand","embeddable":true,"href":"https:\/\/repmancarretillas.es\/en\/wp-json\/wp\/v2\/product_brand?post=1983"},{"taxonomy":"product_cat","embeddable":true,"href":"https:\/\/repmancarretillas.es\/en\/wp-json\/wp\/v2\/product_cat?post=1983"},{"taxonomy":"product_tag","embeddable":true,"href":"https:\/\/repmancarretillas.es\/en\/wp-json\/wp\/v2\/product_tag?post=1983"}],"curies":[{"name":"wp","href":"https:\/\/api.w.org\/{rel}","templated":true}]}}