{"id":1799,"date":"2026-04-26T21:28:03","date_gmt":"2026-04-26T19:28:03","guid":{"rendered":"https:\/\/repmancarretillas.es\/?post_type=product&#038;p=1799"},"modified":"2026-04-26T21:35:43","modified_gmt":"2026-04-26T19:35:43","slug":"bt-levio-1-6t-litio-modular","status":"publish","type":"product","link":"https:\/\/repmancarretillas.es\/en\/product\/bt-levio-1-6t-litio-modular\/","title":{"rendered":"BT Levio 1.6t Lithium Modular"},"content":{"rendered":"<h2>Key benefits.<\/h2>\n<ul>\n<li data-pm-slice=\"1 1 []\">\n<p data-pm-slice=\"1 1 []\">Dise\u00f1o compacto ideal para espacios confinados<\/p>\n<\/li>\n<li data-pm-slice=\"1 1 []\">\n<p data-pm-slice=\"1 1 []\">Estructura ligera para mayor maniobrabilidad<\/p>\n<\/li>\n<li data-pm-slice=\"1 1 []\">\n<p data-pm-slice=\"1 1 []\">Carga r\u00e1pida y sencilla<\/p>\n<\/li>\n<li data-pm-slice=\"1 1 []\">\n<p data-pm-slice=\"1 1 []\">Operaci\u00f3n f\u00e1cil y segura<\/p>\n<\/li>\n<li data-pm-slice=\"1 1 []\">\n<p data-pm-slice=\"1 1 []\">Bajo consumo energ\u00e9tico<\/p>\n<\/li>\n<\/ul>\n<h2>Specs.<\/h2>\n<p data-pm-slice=\"1 1 []\">Modelo LWI160 con capacidad de 1600 kg, peso 269 kg, elevaci\u00f3n 210 mm, bater\u00eda de litio 24V, velocidad 6 km\/h, sistema PIN, USB, telem\u00e1tica, horquillas 1150&#215;520 mm y ruedas poliuretano.<\/p>","protected":false},"excerpt":{"rendered":"<p data-pm-slice=\"1 1 []\">La BT Levio LWI160 es la primera transpaleta el\u00e9ctrica desarrollada con un sistema de bater\u00eda de litio modular, ofreciendo un dise\u00f1o compacto, ligero y altamente eficiente energ\u00e9ticamente.<\/p>\n<p data-start=\"100\" data-end=\"364\"><em><strong>1600 kg | 6,0 km\/h | Carretilla inteligente<\/strong><\/em><\/p>\n<p data-start=\"100\" data-end=\"364\">Configure su carretilla seg\u00fan: Ruedas de horquillas, Rueda motriz, Brazo tim\u00f3n, Ancho de horquillas, Pack de energ\u00eda, Borde.<\/p>","protected":false},"featured_media":1800,"template":"","meta":{"_joinchat":[]},"product_brand":[],"product_cat":[26,28],"product_tag":[],"class_list":{"0":"post-1799","1":"product","2":"type-product","3":"status-publish","4":"has-post-thumbnail","6":"product_cat-carretillas-elevadoras","7":"product_cat-transpaletas-electricas","9":"first","10":"instock","11":"shipping-taxable","12":"product-type-simple"},"_links":{"self":[{"href":"https:\/\/repmancarretillas.es\/en\/wp-json\/wp\/v2\/product\/1799","targetHints":{"allow":["GET"]}}],"collection":[{"href":"https:\/\/repmancarretillas.es\/en\/wp-json\/wp\/v2\/product"}],"about":[{"href":"https:\/\/repmancarretillas.es\/en\/wp-json\/wp\/v2\/types\/product"}],"version-history":[{"count":1,"href":"https:\/\/repmancarretillas.es\/en\/wp-json\/wp\/v2\/product\/1799\/revisions"}],"predecessor-version":[{"id":1807,"href":"https:\/\/repmancarretillas.es\/en\/wp-json\/wp\/v2\/product\/1799\/revisions\/1807"}],"wp:featuredmedia":[{"embeddable":true,"href":"https:\/\/repmancarretillas.es\/en\/wp-json\/wp\/v2\/media\/1800"}],"wp:attachment":[{"href":"https:\/\/repmancarretillas.es\/en\/wp-json\/wp\/v2\/media?parent=1799"}],"wp:term":[{"taxonomy":"product_brand","embeddable":true,"href":"https:\/\/repmancarretillas.es\/en\/wp-json\/wp\/v2\/product_brand?post=1799"},{"taxonomy":"product_cat","embeddable":true,"href":"https:\/\/repmancarretillas.es\/en\/wp-json\/wp\/v2\/product_cat?post=1799"},{"taxonomy":"product_tag","embeddable":true,"href":"https:\/\/repmancarretillas.es\/en\/wp-json\/wp\/v2\/product_tag?post=1799"}],"curies":[{"name":"wp","href":"https:\/\/api.w.org\/{rel}","templated":true}]}}