{"id":1692,"date":"2026-04-21T16:29:54","date_gmt":"2026-04-21T14:29:54","guid":{"rendered":"https:\/\/repmancarretillas.es\/?post_type=product&#038;p=1692"},"modified":"2026-04-21T16:34:51","modified_gmt":"2026-04-21T14:34:51","slug":"toyota-lifter-con-valvula-de-proteccion-sobrecarga","status":"publish","type":"product","link":"https:\/\/repmancarretillas.es\/en\/product\/toyota-lifter-con-valvula-de-proteccion-sobrecarga\/","title":{"rendered":"Toyota Lifter con v\u00e1lvula de protecci\u00f3n sobrecarga"},"content":{"rendered":"<div class=\"beneficios-producto\">\n<h2>Key benefits.<\/h2>\n<ul class=\"beneficios-lista\">\n<li>\n<p data-pm-slice=\"1 1 []\">Protecci\u00f3n contra sobrecarga para mayor seguridad<\/p>\n<\/li>\n<li>\n<p data-pm-slice=\"1 1 []\">L\u00edmite de peso preestablecido<\/p>\n<\/li>\n<li>\n<p data-pm-slice=\"1 1 []\">Hasta 5 veces m\u00e1s duradera<\/p>\n<\/li>\n<li>\n<p data-pm-slice=\"1 1 []\">Opciones para distintos tipos de carga<\/p>\n<\/li>\n<li>\n<p data-pm-slice=\"1 1 []\">99 a\u00f1os de garant\u00eda en horquillas<\/p>\n<\/li>\n<\/ul>\n<h2>Specs.<\/h2>\n<p data-pm-slice=\"1 1 []\">Modelo <strong>LHM230O<\/strong> con bomba est\u00e1ndar. Capacidad de carga 2300 kg y altura de elevaci\u00f3n 200 mm. Dise\u00f1ada para operaciones seguras, rendimiento constante y manipulaci\u00f3n eficiente en diversas aplicaciones industriales diarias.<\/p>\n<\/div>","protected":false},"excerpt":{"rendered":"<p data-pm-slice=\"1 1 []\">\u00bfDesea evitar sobrecargas? La Toyota Lifter incorpora una v\u00e1lvula de protecci\u00f3n que garantiza un funcionamiento seguro y prolonga la vida \u00fatil del equipo.<\/p>\n<p><em><strong>2300 kg | 200 mm<\/strong><\/em><\/p>\n<p>Empu\u00f1adura ergon\u00f3mica: El dise\u00f1o cerrado de su empu\u00f1adura de pol\u00edmero de alta resistencia proporciona al operario comodidad y protecci\u00f3n para sus manos.<\/p>","protected":false},"featured_media":1693,"template":"","meta":{"_joinchat":[]},"product_brand":[],"product_cat":[26,27],"product_tag":[],"class_list":{"0":"post-1692","1":"product","2":"type-product","3":"status-publish","4":"has-post-thumbnail","6":"product_cat-carretillas-elevadoras","7":"product_cat-transpaletas-manuales","9":"first","10":"instock","11":"shipping-taxable","12":"product-type-simple"},"_links":{"self":[{"href":"https:\/\/repmancarretillas.es\/en\/wp-json\/wp\/v2\/product\/1692","targetHints":{"allow":["GET"]}}],"collection":[{"href":"https:\/\/repmancarretillas.es\/en\/wp-json\/wp\/v2\/product"}],"about":[{"href":"https:\/\/repmancarretillas.es\/en\/wp-json\/wp\/v2\/types\/product"}],"version-history":[{"count":1,"href":"https:\/\/repmancarretillas.es\/en\/wp-json\/wp\/v2\/product\/1692\/revisions"}],"predecessor-version":[{"id":1700,"href":"https:\/\/repmancarretillas.es\/en\/wp-json\/wp\/v2\/product\/1692\/revisions\/1700"}],"wp:featuredmedia":[{"embeddable":true,"href":"https:\/\/repmancarretillas.es\/en\/wp-json\/wp\/v2\/media\/1693"}],"wp:attachment":[{"href":"https:\/\/repmancarretillas.es\/en\/wp-json\/wp\/v2\/media?parent=1692"}],"wp:term":[{"taxonomy":"product_brand","embeddable":true,"href":"https:\/\/repmancarretillas.es\/en\/wp-json\/wp\/v2\/product_brand?post=1692"},{"taxonomy":"product_cat","embeddable":true,"href":"https:\/\/repmancarretillas.es\/en\/wp-json\/wp\/v2\/product_cat?post=1692"},{"taxonomy":"product_tag","embeddable":true,"href":"https:\/\/repmancarretillas.es\/en\/wp-json\/wp\/v2\/product_tag?post=1692"}],"curies":[{"name":"wp","href":"https:\/\/api.w.org\/{rel}","templated":true}]}}