{"id":125,"date":"2026-04-11T18:20:57","date_gmt":"2026-04-11T16:20:57","guid":{"rendered":"https:\/\/repmancarretillas.es\/?page_id=125"},"modified":"2026-04-29T04:38:27","modified_gmt":"2026-04-29T02:38:27","slug":"productos-de-alquiler","status":"publish","type":"page","link":"https:\/\/repmancarretillas.es\/en\/productos-de-alquiler\/","title":{"rendered":"Rental Products"},"content":{"rendered":"<div data-elementor-type=\"wp-page\" data-elementor-id=\"125\" class=\"elementor elementor-125\" data-elementor-post-type=\"page\">\n\t\t\t\t<div class=\"elementor-element elementor-element-7b1e858c e-flex e-con-boxed e-con e-parent\" data-id=\"7b1e858c\" data-element_type=\"container\" data-e-type=\"container\">\n\t\t\t\t\t<div class=\"e-con-inner\">\n\t\t<div class=\"elementor-element elementor-element-362ef6fb e-con-full e-flex e-con e-child\" data-id=\"362ef6fb\" data-element_type=\"container\" data-e-type=\"container\">\n\t\t\t\t<div class=\"elementor-element elementor-element-3bbbec12 elementor-hidden-mobile elementor-widget elementor-widget-spacer\" data-id=\"3bbbec12\" data-element_type=\"widget\" data-e-type=\"widget\" data-widget_type=\"spacer.default\">\n\t\t\t\t\t\t\t<div class=\"elementor-spacer\">\n\t\t\t<div class=\"elementor-spacer-inner\"><\/div>\n\t\t<\/div>\n\t\t\t\t\t\t<\/div>\n\t\t\t\t<div class=\"elementor-element elementor-element-7ce6e3a1 elementor-widget elementor-widget-heading\" data-id=\"7ce6e3a1\" data-element_type=\"widget\" data-e-type=\"widget\" data-widget_type=\"heading.default\">\n\t\t\t\t\t<h2 class=\"elementor-heading-title elementor-size-default\">All Forklifts<\/h2>\t\t\t\t<\/div>\n\t\t\t\t<div class=\"elementor-element elementor-element-3c919806 elementor-icon-list--layout-traditional elementor-list-item-link-full_width elementor-widget elementor-widget-icon-list\" data-id=\"3c919806\" data-element_type=\"widget\" data-e-type=\"widget\" data-widget_type=\"icon-list.default\">\n\t\t\t\t\t\t\t<ul class=\"elementor-icon-list-items\">\n\t\t\t\t\t\t\t<li class=\"elementor-icon-list-item\">\n\t\t\t\t\t\t\t\t\t\t\t<a href=\"https:\/\/repmancarretillas.es\/en\/product-category\/carretillas-elevadoras-para-alquiler\/transpaletas-electricas-alquiler\/\">\n\n\t\t\t\t\t\t\t\t\t\t\t\t<span class=\"elementor-icon-list-icon\">\n\t\t\t\t\t\t\t<i aria-hidden=\"true\" class=\"icon icon-checkmark-circle\"><\/i>\t\t\t\t\t\t<\/span>\n\t\t\t\t\t\t\t\t\t\t<span class=\"elementor-icon-list-text\">Electric pallet trucks<\/span>\n\t\t\t\t\t\t\t\t\t\t\t<\/a>\n\t\t\t\t\t\t\t\t\t<\/li>\n\t\t\t\t\t\t\t\t<li class=\"elementor-icon-list-item\">\n\t\t\t\t\t\t\t\t\t\t\t<a href=\"https:\/\/repmancarretillas.es\/en\/product-category\/carretillas-elevadoras-para-alquiler\/apiladores-electricos-alquiler\/\">\n\n\t\t\t\t\t\t\t\t\t\t\t\t<span class=\"elementor-icon-list-icon\">\n\t\t\t\t\t\t\t<i aria-hidden=\"true\" class=\"icon icon-checkmark-circle\"><\/i>\t\t\t\t\t\t<\/span>\n\t\t\t\t\t\t\t\t\t\t<span class=\"elementor-icon-list-text\">Electric stackers<\/span>\n\t\t\t\t\t\t\t\t\t\t\t<\/a>\n\t\t\t\t\t\t\t\t\t<\/li>\n\t\t\t\t\t\t\t\t<li class=\"elementor-icon-list-item\">\n\t\t\t\t\t\t\t\t\t\t\t<a href=\"https:\/\/repmancarretillas.es\/en\/product-category\/carretillas-elevadoras-para-alquiler\/recogepedidos-alquiler\/\">\n\n\t\t\t\t\t\t\t\t\t\t\t\t<span class=\"elementor-icon-list-icon\">\n\t\t\t\t\t\t\t<i aria-hidden=\"true\" class=\"icon icon-checkmark-circle\"><\/i>\t\t\t\t\t\t<\/span>\n\t\t\t\t\t\t\t\t\t\t<span class=\"elementor-icon-list-text\">Order Picker<\/span>\n\t\t\t\t\t\t\t\t\t\t\t<\/a>\n\t\t\t\t\t\t\t\t\t<\/li>\n\t\t\t\t\t\t\t\t<li class=\"elementor-icon-list-item\">\n\t\t\t\t\t\t\t\t\t\t\t<a href=\"https:\/\/repmancarretillas.es\/en\/product-category\/carretillas-elevadoras-para-alquiler\/carretillas-retractiles-alquiler\/\">\n\n\t\t\t\t\t\t\t\t\t\t\t\t<span class=\"elementor-icon-list-icon\">\n\t\t\t\t\t\t\t<i aria-hidden=\"true\" class=\"icon icon-checkmark-circle\"><\/i>\t\t\t\t\t\t<\/span>\n\t\t\t\t\t\t\t\t\t\t<span class=\"elementor-icon-list-text\">Reach trucks<\/span>\n\t\t\t\t\t\t\t\t\t\t\t<\/a>\n\t\t\t\t\t\t\t\t\t<\/li>\n\t\t\t\t\t\t\t\t<li class=\"elementor-icon-list-item\">\n\t\t\t\t\t\t\t\t\t\t\t<a href=\"https:\/\/repmancarretillas.es\/en\/product-category\/carretillas-elevadoras-para-alquiler\/contrapesadas-electricas-alquiler\/\">\n\n\t\t\t\t\t\t\t\t\t\t\t\t<span class=\"elementor-icon-list-icon\">\n\t\t\t\t\t\t\t<i aria-hidden=\"true\" class=\"icon icon-checkmark-circle\"><\/i>\t\t\t\t\t\t<\/span>\n\t\t\t\t\t\t\t\t\t\t<span class=\"elementor-icon-list-text\">Electric counterbalanced<\/span>\n\t\t\t\t\t\t\t\t\t\t\t<\/a>\n\t\t\t\t\t\t\t\t\t<\/li>\n\t\t\t\t\t\t\t\t<li class=\"elementor-icon-list-item\">\n\t\t\t\t\t\t\t\t\t\t\t<a href=\"https:\/\/repmancarretillas.es\/en\/product-category\/carretillas-elevadoras-para-alquiler\/contrapesadas-ci-alquiler\/\">\n\n\t\t\t\t\t\t\t\t\t\t\t\t<span class=\"elementor-icon-list-icon\">\n\t\t\t\t\t\t\t<i aria-hidden=\"true\" class=\"icon icon-checkmark-circle\"><\/i>\t\t\t\t\t\t<\/span>\n\t\t\t\t\t\t\t\t\t\t<span class=\"elementor-icon-list-text\">Counterbalanced CI<\/span>\n\t\t\t\t\t\t\t\t\t\t\t<\/a>\n\t\t\t\t\t\t\t\t\t<\/li>\n\t\t\t\t\t\t\t\t<li class=\"elementor-icon-list-item\">\n\t\t\t\t\t\t\t\t\t\t\t<a href=\"https:\/\/repmancarretillas.es\/en\/product-category\/carretillas-elevadoras-para-alquiler\/tractores-de-arrastre-alquiler\/\">\n\n\t\t\t\t\t\t\t\t\t\t\t\t<span class=\"elementor-icon-list-icon\">\n\t\t\t\t\t\t\t<i aria-hidden=\"true\" class=\"icon icon-checkmark-circle\"><\/i>\t\t\t\t\t\t<\/span>\n\t\t\t\t\t\t\t\t\t\t<span class=\"elementor-icon-list-text\">Towing tractors<\/span>\n\t\t\t\t\t\t\t\t\t\t\t<\/a>\n\t\t\t\t\t\t\t\t\t<\/li>\n\t\t\t\t\t\t\t\t<li class=\"elementor-icon-list-item\">\n\t\t\t\t\t\t\t\t\t\t\t<a href=\"https:\/\/repmancarretillas.es\/en\/product-category\/carretillas-elevadoras-para-alquiler\/carretillas-trilaterales-alquiler\/\">\n\n\t\t\t\t\t\t\t\t\t\t\t\t<span class=\"elementor-icon-list-icon\">\n\t\t\t\t\t\t\t<i aria-hidden=\"true\" class=\"icon icon-checkmark-circle\"><\/i>\t\t\t\t\t\t<\/span>\n\t\t\t\t\t\t\t\t\t\t<span class=\"elementor-icon-list-text\">Three-way forklifts<\/span>\n\t\t\t\t\t\t\t\t\t\t\t<\/a>\n\t\t\t\t\t\t\t\t\t<\/li>\n\t\t\t\t\t\t<\/ul>\n\t\t\t\t\t\t<\/div>\n\t\t\t\t<\/div>\n\t\t<div class=\"elementor-element elementor-element-6ae1a1a0 e-con-full e-flex e-con e-child\" data-id=\"6ae1a1a0\" data-element_type=\"container\" data-e-type=\"container\">\n\t\t\t\t<div class=\"elementor-element elementor-element-391e338d elementor-widget elementor-widget-shortcode\" data-id=\"391e338d\" data-element_type=\"widget\" data-e-type=\"widget\" data-widget_type=\"shortcode.default\">\n\t\t\t\t\t\t\t<div class=\"elementor-shortcode\"><div class=\"woocommerce columns-3\"><div class=\"woocommerce-notices-wrapper\"><\/div><p class=\"woocommerce-result-count\" role=\"alert\" aria-relevant=\"all\" >\n\tShowing 1&ndash;9 of 44 results<\/p>\n<form class=\"woocommerce-ordering\" method=\"get\" action=\"\">\n\t\t<select\n\t\tname=\"orderby\"\n\t\tclass=\"orderby\"\n\t\t\t\t\taria-label=\"Shop order\" data-no-translation-aria-label=\"\"\n\t\t\t>\n\t\t\t\t\t<option value=\"menu_order\"  selected='selected' data-no-translation=\"\" data-trp-gettext=\"\">Default sorting<\/option>\n\t\t\t\t\t<option value=\"popularity\" data-no-translation=\"\" data-trp-gettext=\"\" >Sort by popularity<\/option>\n\t\t\t\t\t<option value=\"date\" data-no-translation=\"\" data-trp-gettext=\"\" >Sort by latest<\/option>\n\t\t\t\t\t<option value=\"price\" data-no-translation=\"\" data-trp-gettext=\"\" >Sort by price: low to high<\/option>\n\t\t\t\t\t<option value=\"price-desc\" data-no-translation=\"\" data-trp-gettext=\"\" >Sort by price: high to low<\/option>\n\t\t\t<\/select>\n\t<input type=\"hidden\" name=\"paged\" value=\"1\" \/>\n\t<input type=\"hidden\" name=\"trp-form-language\" value=\"en\"\/><\/form>\n<ul class=\"products columns-3\">\n<li class=\"product type-product post-3296 status-publish first instock product_cat-carretillas-elevadoras-para-alquiler product_cat-transpaletas-electricas-alquiler has-post-thumbnail shipping-taxable product-type-simple\">\n\t<a href=\"https:\/\/repmancarretillas.es\/en\/product\/bt-levio-1-3t-compacta-2\/\" class=\"woocommerce-LoopProduct-link woocommerce-loop-product__link\"><img fetchpriority=\"high\" decoding=\"async\" width=\"300\" height=\"300\" src=\"https:\/\/repmancarretillas.es\/wp-content\/uploads\/2026\/04\/bt-levio-lwe130-main-1-300x300.webp\" class=\"attachment-woocommerce_thumbnail size-woocommerce_thumbnail\" alt=\"BT Levio 1.3t Compacta\" srcset=\"https:\/\/repmancarretillas.es\/wp-content\/uploads\/2026\/04\/bt-levio-lwe130-main-1-300x300.webp 300w, https:\/\/repmancarretillas.es\/wp-content\/uploads\/2026\/04\/bt-levio-lwe130-main-1-150x150.webp 150w, https:\/\/repmancarretillas.es\/wp-content\/uploads\/2026\/04\/bt-levio-lwe130-main-1-12x12.webp 12w, https:\/\/repmancarretillas.es\/wp-content\/uploads\/2026\/04\/bt-levio-lwe130-main-1-100x100.webp 100w, https:\/\/repmancarretillas.es\/wp-content\/uploads\/2026\/04\/bt-levio-lwe130-main-1.webp 480w\" sizes=\"(max-width: 300px) 100vw, 300px\" \/><h2 class=\"woocommerce-loop-product__title\">BT Levio 1.3t Compact<\/h2>\n<\/a><a href=\"https:\/\/repmancarretillas.es\/en\/product\/bt-levio-1-3t-compacta-2\/\" aria-describedby=\"woocommerce_loop_add_to_cart_link_describedby_3296\" data-quantity=\"1\" class=\"button product_type_simple\" data-product_id=\"3296\" data-product_sku=\"\" aria-label=\"Read more about \u201cBT Levio 1.3t Compacta\u201d\" rel=\"nofollow\" data-success_message=\"\" data-no-translation=\"\" data-trp-gettext=\"\" data-no-translation-aria-label=\"\">Read more<\/a>\t<span id=\"woocommerce_loop_add_to_cart_link_describedby_3296\" class=\"screen-reader-text\">\n\t\t\t<\/span>\n<\/li>\n<li class=\"product type-product post-3307 status-publish instock product_cat-carretillas-elevadoras-para-alquiler product_cat-transpaletas-electricas-alquiler has-post-thumbnail shipping-taxable product-type-simple\">\n\t<a href=\"https:\/\/repmancarretillas.es\/en\/product\/bt-levio-1-4t-2\/\" class=\"woocommerce-LoopProduct-link woocommerce-loop-product__link\"><img decoding=\"async\" width=\"300\" height=\"300\" src=\"https:\/\/repmancarretillas.es\/wp-content\/uploads\/2026\/04\/411-1-300x300.webp\" class=\"attachment-woocommerce_thumbnail size-woocommerce_thumbnail\" alt=\"BT Levio 1.4t\" srcset=\"https:\/\/repmancarretillas.es\/wp-content\/uploads\/2026\/04\/411-1-300x300.webp 300w, https:\/\/repmancarretillas.es\/wp-content\/uploads\/2026\/04\/411-1-150x150.webp 150w, https:\/\/repmancarretillas.es\/wp-content\/uploads\/2026\/04\/411-1-12x12.webp 12w, https:\/\/repmancarretillas.es\/wp-content\/uploads\/2026\/04\/411-1-100x100.webp 100w, https:\/\/repmancarretillas.es\/wp-content\/uploads\/2026\/04\/411-1.webp 480w\" sizes=\"(max-width: 300px) 100vw, 300px\" \/><h2 class=\"woocommerce-loop-product__title\">BT Levio 1.4t<\/h2>\n<\/a><a href=\"https:\/\/repmancarretillas.es\/en\/product\/bt-levio-1-4t-2\/\" aria-describedby=\"woocommerce_loop_add_to_cart_link_describedby_3307\" data-quantity=\"1\" class=\"button product_type_simple\" data-product_id=\"3307\" data-product_sku=\"\" aria-label=\"Read more about \u201cBT Levio 1.4t\u201d\" rel=\"nofollow\" data-success_message=\"\" data-no-translation=\"\" data-trp-gettext=\"\" data-no-translation-aria-label=\"\">Read more<\/a>\t<span id=\"woocommerce_loop_add_to_cart_link_describedby_3307\" class=\"screen-reader-text\">\n\t\t\t<\/span>\n<\/li>\n<li class=\"product type-product post-3267 status-publish last instock product_cat-carretillas-elevadoras-para-alquiler product_cat-transpaletas-electricas-alquiler has-post-thumbnail shipping-taxable product-type-simple\">\n\t<a href=\"https:\/\/repmancarretillas.es\/en\/product\/bt-levio-1-6t-2\/\" class=\"woocommerce-LoopProduct-link woocommerce-loop-product__link\"><img decoding=\"async\" width=\"300\" height=\"300\" src=\"https:\/\/repmancarretillas.es\/wp-content\/uploads\/2026\/04\/toyota-bt-levio-lwe160_12561-1-300x300.webp\" class=\"attachment-woocommerce_thumbnail size-woocommerce_thumbnail\" alt=\"BT Levio 1.6t\" srcset=\"https:\/\/repmancarretillas.es\/wp-content\/uploads\/2026\/04\/toyota-bt-levio-lwe160_12561-1-300x300.webp 300w, https:\/\/repmancarretillas.es\/wp-content\/uploads\/2026\/04\/toyota-bt-levio-lwe160_12561-1-150x150.webp 150w, https:\/\/repmancarretillas.es\/wp-content\/uploads\/2026\/04\/toyota-bt-levio-lwe160_12561-1-12x12.webp 12w, https:\/\/repmancarretillas.es\/wp-content\/uploads\/2026\/04\/toyota-bt-levio-lwe160_12561-1-100x100.webp 100w, https:\/\/repmancarretillas.es\/wp-content\/uploads\/2026\/04\/toyota-bt-levio-lwe160_12561-1.webp 480w\" sizes=\"(max-width: 300px) 100vw, 300px\" \/><h2 class=\"woocommerce-loop-product__title\">BT Levio 1.6t<\/h2>\n<\/a><a href=\"https:\/\/repmancarretillas.es\/en\/product\/bt-levio-1-6t-2\/\" aria-describedby=\"woocommerce_loop_add_to_cart_link_describedby_3267\" data-quantity=\"1\" class=\"button product_type_simple\" data-product_id=\"3267\" data-product_sku=\"\" aria-label=\"Read more about \u201cBT Levio 1.6t\u201d\" rel=\"nofollow\" data-success_message=\"\" data-no-translation=\"\" data-trp-gettext=\"\" data-no-translation-aria-label=\"\">Read more<\/a>\t<span id=\"woocommerce_loop_add_to_cart_link_describedby_3267\" class=\"screen-reader-text\">\n\t\t\t<\/span>\n<\/li>\n<li class=\"product type-product post-3314 status-publish first instock product_cat-carretillas-elevadoras-para-alquiler product_cat-transpaletas-electricas-alquiler has-post-thumbnail shipping-taxable product-type-simple\">\n\t<a href=\"https:\/\/repmancarretillas.es\/en\/product\/bt-levio-1-8-toneladas-2\/\" class=\"woocommerce-LoopProduct-link woocommerce-loop-product__link\"><img loading=\"lazy\" decoding=\"async\" width=\"300\" height=\"300\" src=\"https:\/\/repmancarretillas.es\/wp-content\/uploads\/2026\/04\/toyota-bt-levio-lwe180-1-300x300.webp\" class=\"attachment-woocommerce_thumbnail size-woocommerce_thumbnail\" alt=\"BT Levio 1.8 Toneladas\" srcset=\"https:\/\/repmancarretillas.es\/wp-content\/uploads\/2026\/04\/toyota-bt-levio-lwe180-1-300x300.webp 300w, https:\/\/repmancarretillas.es\/wp-content\/uploads\/2026\/04\/toyota-bt-levio-lwe180-1-150x150.webp 150w, https:\/\/repmancarretillas.es\/wp-content\/uploads\/2026\/04\/toyota-bt-levio-lwe180-1-12x12.webp 12w, https:\/\/repmancarretillas.es\/wp-content\/uploads\/2026\/04\/toyota-bt-levio-lwe180-1-100x100.webp 100w, https:\/\/repmancarretillas.es\/wp-content\/uploads\/2026\/04\/toyota-bt-levio-lwe180-1.webp 480w\" sizes=\"(max-width: 300px) 100vw, 300px\" \/><h2 class=\"woocommerce-loop-product__title\">BT Levio 1.8 Tons<\/h2>\n<\/a><a href=\"https:\/\/repmancarretillas.es\/en\/product\/bt-levio-1-8-toneladas-2\/\" aria-describedby=\"woocommerce_loop_add_to_cart_link_describedby_3314\" data-quantity=\"1\" class=\"button product_type_simple\" data-product_id=\"3314\" data-product_sku=\"\" aria-label=\"Read more about \u201cBT Levio 1.8 Toneladas\u201d\" rel=\"nofollow\" data-success_message=\"\" data-no-translation=\"\" data-trp-gettext=\"\" data-no-translation-aria-label=\"\">Read more<\/a>\t<span id=\"woocommerce_loop_add_to_cart_link_describedby_3314\" class=\"screen-reader-text\">\n\t\t\t<\/span>\n<\/li>\n<li class=\"product type-product post-3323 status-publish instock product_cat-carretillas-elevadoras-para-alquiler product_cat-transpaletas-electricas-alquiler has-post-thumbnail shipping-taxable product-type-simple\">\n\t<a href=\"https:\/\/repmancarretillas.es\/en\/product\/bt-levio-2-toneladas-2\/\" class=\"woocommerce-LoopProduct-link woocommerce-loop-product__link\"><img loading=\"lazy\" decoding=\"async\" width=\"300\" height=\"300\" src=\"https:\/\/repmancarretillas.es\/wp-content\/uploads\/2026\/04\/410-2-300x300.webp\" class=\"attachment-woocommerce_thumbnail size-woocommerce_thumbnail\" alt=\"BT Levio 2 Toneladas\" srcset=\"https:\/\/repmancarretillas.es\/wp-content\/uploads\/2026\/04\/410-2-300x300.webp 300w, https:\/\/repmancarretillas.es\/wp-content\/uploads\/2026\/04\/410-2-150x150.webp 150w, https:\/\/repmancarretillas.es\/wp-content\/uploads\/2026\/04\/410-2-12x12.webp 12w, https:\/\/repmancarretillas.es\/wp-content\/uploads\/2026\/04\/410-2-100x100.webp 100w, https:\/\/repmancarretillas.es\/wp-content\/uploads\/2026\/04\/410-2.webp 480w\" sizes=\"(max-width: 300px) 100vw, 300px\" \/><h2 class=\"woocommerce-loop-product__title\">BT Levio 2 Ton<\/h2>\n<\/a><a href=\"https:\/\/repmancarretillas.es\/en\/product\/bt-levio-2-toneladas-2\/\" aria-describedby=\"woocommerce_loop_add_to_cart_link_describedby_3323\" data-quantity=\"1\" class=\"button product_type_simple\" data-product_id=\"3323\" data-product_sku=\"\" aria-label=\"Read more about \u201cBT Levio 2 Toneladas\u201d\" rel=\"nofollow\" data-success_message=\"\" data-no-translation=\"\" data-trp-gettext=\"\" data-no-translation-aria-label=\"\">Read more<\/a>\t<span id=\"woocommerce_loop_add_to_cart_link_describedby_3323\" class=\"screen-reader-text\">\n\t\t\t<\/span>\n<\/li>\n<li class=\"product type-product post-3279 status-publish last instock product_cat-carretillas-elevadoras-para-alquiler product_cat-transpaletas-electricas-alquiler has-post-thumbnail shipping-taxable product-type-simple\">\n\t<a href=\"https:\/\/repmancarretillas.es\/en\/product\/bt-levio-2-toneladas-con-plataforma-2\/\" class=\"woocommerce-LoopProduct-link woocommerce-loop-product__link\"><img loading=\"lazy\" decoding=\"async\" width=\"300\" height=\"300\" src=\"https:\/\/repmancarretillas.es\/wp-content\/uploads\/2026\/04\/bt-levio-lpe200-without-gates-1-300x300.webp\" class=\"attachment-woocommerce_thumbnail size-woocommerce_thumbnail\" alt=\"BT Levio 2 Toneladas con Plataforma\" srcset=\"https:\/\/repmancarretillas.es\/wp-content\/uploads\/2026\/04\/bt-levio-lpe200-without-gates-1-300x300.webp 300w, https:\/\/repmancarretillas.es\/wp-content\/uploads\/2026\/04\/bt-levio-lpe200-without-gates-1-150x150.webp 150w, https:\/\/repmancarretillas.es\/wp-content\/uploads\/2026\/04\/bt-levio-lpe200-without-gates-1-12x12.webp 12w, https:\/\/repmancarretillas.es\/wp-content\/uploads\/2026\/04\/bt-levio-lpe200-without-gates-1-100x100.webp 100w, https:\/\/repmancarretillas.es\/wp-content\/uploads\/2026\/04\/bt-levio-lpe200-without-gates-1.webp 480w\" sizes=\"(max-width: 300px) 100vw, 300px\" \/><h2 class=\"woocommerce-loop-product__title\">BT Levio 2 Tons with Platform<\/h2>\n<\/a><a href=\"https:\/\/repmancarretillas.es\/en\/product\/bt-levio-2-toneladas-con-plataforma-2\/\" aria-describedby=\"woocommerce_loop_add_to_cart_link_describedby_3279\" data-quantity=\"1\" class=\"button product_type_simple\" data-product_id=\"3279\" data-product_sku=\"\" aria-label=\"Read more about \u201cBT Levio 2 Toneladas con Plataforma\u201d\" rel=\"nofollow\" data-success_message=\"\" data-no-translation=\"\" data-trp-gettext=\"\" data-no-translation-aria-label=\"\">Read more<\/a>\t<span id=\"woocommerce_loop_add_to_cart_link_describedby_3279\" class=\"screen-reader-text\">\n\t\t\t<\/span>\n<\/li>\n<li class=\"product type-product post-3288 status-publish first instock product_cat-carretillas-elevadoras-para-alquiler product_cat-transpaletas-electricas-alquiler has-post-thumbnail shipping-taxable product-type-simple\">\n\t<a href=\"https:\/\/repmancarretillas.es\/en\/product\/bt-levio-2-2-toneladas-con-plataforma-2\/\" class=\"woocommerce-LoopProduct-link woocommerce-loop-product__link\"><img loading=\"lazy\" decoding=\"async\" width=\"300\" height=\"300\" src=\"https:\/\/repmancarretillas.es\/wp-content\/uploads\/2026\/04\/lpe200_packshot_with_gates_line-up-2-300x300.webp\" class=\"attachment-woocommerce_thumbnail size-woocommerce_thumbnail\" alt=\"BT Levio 2.2 Toneladas con Plataforma\" srcset=\"https:\/\/repmancarretillas.es\/wp-content\/uploads\/2026\/04\/lpe200_packshot_with_gates_line-up-2-300x300.webp 300w, https:\/\/repmancarretillas.es\/wp-content\/uploads\/2026\/04\/lpe200_packshot_with_gates_line-up-2-150x150.webp 150w, https:\/\/repmancarretillas.es\/wp-content\/uploads\/2026\/04\/lpe200_packshot_with_gates_line-up-2-12x12.webp 12w, https:\/\/repmancarretillas.es\/wp-content\/uploads\/2026\/04\/lpe200_packshot_with_gates_line-up-2-100x100.webp 100w, https:\/\/repmancarretillas.es\/wp-content\/uploads\/2026\/04\/lpe200_packshot_with_gates_line-up-2.webp 480w\" sizes=\"(max-width: 300px) 100vw, 300px\" \/><h2 class=\"woocommerce-loop-product__title\">BT Levio 2.2 Toneladas con Plataforma<\/h2>\n<\/a><a href=\"https:\/\/repmancarretillas.es\/en\/product\/bt-levio-2-2-toneladas-con-plataforma-2\/\" aria-describedby=\"woocommerce_loop_add_to_cart_link_describedby_3288\" data-quantity=\"1\" class=\"button product_type_simple\" data-product_id=\"3288\" data-product_sku=\"\" aria-label=\"Read more about \u201cBT Levio 2.2 Toneladas con Plataforma\u201d\" rel=\"nofollow\" data-success_message=\"\" data-no-translation=\"\" data-trp-gettext=\"\" data-no-translation-aria-label=\"\">Read more<\/a>\t<span id=\"woocommerce_loop_add_to_cart_link_describedby_3288\" class=\"screen-reader-text\">\n\t\t\t<\/span>\n<\/li>\n<li class=\"product type-product post-3490 status-publish instock product_cat-carretillas-elevadoras-para-alquiler product_cat-recogepedidos-alquiler has-post-thumbnail shipping-taxable product-type-simple\">\n\t<a href=\"https:\/\/repmancarretillas.es\/en\/product\/bt-optio-10-t-de-nivel-alto-con-horquillas-elevables-2\/\" class=\"woocommerce-LoopProduct-link woocommerce-loop-product__link\"><img loading=\"lazy\" decoding=\"async\" width=\"300\" height=\"300\" src=\"https:\/\/repmancarretillas.es\/wp-content\/uploads\/2026\/04\/bt-optio-h-series-ome100h-main-1-300x300.webp\" class=\"attachment-woocommerce_thumbnail size-woocommerce_thumbnail\" alt=\"BT Optio 1,0 t de nivel alto con horquillas elevables\" srcset=\"https:\/\/repmancarretillas.es\/wp-content\/uploads\/2026\/04\/bt-optio-h-series-ome100h-main-1-300x300.webp 300w, https:\/\/repmancarretillas.es\/wp-content\/uploads\/2026\/04\/bt-optio-h-series-ome100h-main-1-150x150.webp 150w, https:\/\/repmancarretillas.es\/wp-content\/uploads\/2026\/04\/bt-optio-h-series-ome100h-main-1-12x12.webp 12w, https:\/\/repmancarretillas.es\/wp-content\/uploads\/2026\/04\/bt-optio-h-series-ome100h-main-1-100x100.webp 100w, https:\/\/repmancarretillas.es\/wp-content\/uploads\/2026\/04\/bt-optio-h-series-ome100h-main-1.webp 480w\" sizes=\"(max-width: 300px) 100vw, 300px\" \/><h2 class=\"woocommerce-loop-product__title\">BT Optio 1,0 t de nivel alto con horquillas elevables<\/h2>\n<\/a><a href=\"https:\/\/repmancarretillas.es\/en\/product\/bt-optio-10-t-de-nivel-alto-con-horquillas-elevables-2\/\" aria-describedby=\"woocommerce_loop_add_to_cart_link_describedby_3490\" data-quantity=\"1\" class=\"button product_type_simple\" data-product_id=\"3490\" data-product_sku=\"\" aria-label=\"Read more about \u201cBT Optio 1,0 t de nivel alto con horquillas elevables\u201d\" rel=\"nofollow\" data-success_message=\"\" data-no-translation=\"\" data-trp-gettext=\"\" data-no-translation-aria-label=\"\">Read more<\/a>\t<span id=\"woocommerce_loop_add_to_cart_link_describedby_3490\" class=\"screen-reader-text\">\n\t\t\t<\/span>\n<\/li>\n<li class=\"product type-product post-3496 status-publish last instock product_cat-carretillas-elevadoras-para-alquiler product_cat-recogepedidos-alquiler has-post-thumbnail shipping-taxable product-type-simple\">\n\t<a href=\"https:\/\/repmancarretillas.es\/en\/product\/bt-optio-10-t-de-nivel-bajo-con-horquillas-elevables-2\/\" class=\"woocommerce-LoopProduct-link woocommerce-loop-product__link\"><img loading=\"lazy\" decoding=\"async\" width=\"300\" height=\"300\" src=\"https:\/\/repmancarretillas.es\/wp-content\/uploads\/2026\/04\/ose100-main-image-1-300x300.webp\" class=\"attachment-woocommerce_thumbnail size-woocommerce_thumbnail\" alt=\"BT Optio 1,0 t de nivel bajo con horquillas elevables\" srcset=\"https:\/\/repmancarretillas.es\/wp-content\/uploads\/2026\/04\/ose100-main-image-1-300x300.webp 300w, https:\/\/repmancarretillas.es\/wp-content\/uploads\/2026\/04\/ose100-main-image-1-150x150.webp 150w, https:\/\/repmancarretillas.es\/wp-content\/uploads\/2026\/04\/ose100-main-image-1-12x12.webp 12w, https:\/\/repmancarretillas.es\/wp-content\/uploads\/2026\/04\/ose100-main-image-1-100x100.webp 100w, https:\/\/repmancarretillas.es\/wp-content\/uploads\/2026\/04\/ose100-main-image-1.webp 480w\" sizes=\"(max-width: 300px) 100vw, 300px\" \/><h2 class=\"woocommerce-loop-product__title\">BT Optio 1,0 t de nivel bajo con horquillas elevables<\/h2>\n<\/a><a href=\"https:\/\/repmancarretillas.es\/en\/product\/bt-optio-10-t-de-nivel-bajo-con-horquillas-elevables-2\/\" aria-describedby=\"woocommerce_loop_add_to_cart_link_describedby_3496\" data-quantity=\"1\" class=\"button product_type_simple\" data-product_id=\"3496\" data-product_sku=\"\" aria-label=\"Read more about \u201cBT Optio 1,0 t de nivel bajo con horquillas elevables\u201d\" rel=\"nofollow\" data-success_message=\"\" data-no-translation=\"\" data-trp-gettext=\"\" data-no-translation-aria-label=\"\">Read more<\/a>\t<span id=\"woocommerce_loop_add_to_cart_link_describedby_3496\" class=\"screen-reader-text\">\n\t\t\t<\/span>\n<\/li>\n<\/ul>\n<nav class=\"woocommerce-pagination\" aria-label=\"Product Pagination\" data-no-translation-aria-label=\"\">\n\t<ul class='page-numbers'>\n\t<li><span aria-label=\"Page 1\" aria-current=\"page\" class=\"page-numbers current\" data-no-translation-aria-label=\"\">1<\/span><\/li>\n\t<li><a aria-label=\"Page 2\" class=\"page-numbers\" href=\"\/en\/wp-json\/wp\/v2\/pages\/125?product-page=2\" data-no-translation-aria-label=\"\">2<\/a><\/li>\n\t<li><a aria-label=\"Page 3\" class=\"page-numbers\" href=\"\/en\/wp-json\/wp\/v2\/pages\/125?product-page=3\" data-no-translation-aria-label=\"\">3<\/a><\/li>\n\t<li><a aria-label=\"Page 4\" class=\"page-numbers\" href=\"\/en\/wp-json\/wp\/v2\/pages\/125?product-page=4\" data-no-translation-aria-label=\"\">4<\/a><\/li>\n\t<li><a aria-label=\"Page 5\" class=\"page-numbers\" href=\"\/en\/wp-json\/wp\/v2\/pages\/125?product-page=5\" data-no-translation-aria-label=\"\">5<\/a><\/li>\n\t<li><a class=\"next page-numbers\" href=\"\/en\/wp-json\/wp\/v2\/pages\/125?product-page=2\">\u2192<\/a><\/li>\n<\/ul>\n<\/nav>\n<\/div><\/div>\n\t\t\t\t\t\t<\/div>\n\t\t\t\t<\/div>\n\t\t\t\t\t<\/div>\n\t\t\t\t<\/div>\n\t\t\t\t<\/div>","protected":false},"excerpt":{"rendered":"<p>Todo Carretillas Elevadoras Transpaletas el\u00e9ctricas Apiladores el\u00e9ctricos Recogepedidos Carretillas retr\u00e1ctiles Contrapesadas el\u00e9ctricas Contrapesadas CI Tractores de arrastre Carretillas trilaterales<\/p>","protected":false},"author":1,"featured_media":0,"parent":0,"menu_order":0,"comment_status":"closed","ping_status":"closed","template":"elementor_header_footer","meta":{"_joinchat":[],"footnotes":""},"class_list":["post-125","page","type-page","status-publish","hentry"],"_links":{"self":[{"href":"https:\/\/repmancarretillas.es\/en\/wp-json\/wp\/v2\/pages\/125","targetHints":{"allow":["GET"]}}],"collection":[{"href":"https:\/\/repmancarretillas.es\/en\/wp-json\/wp\/v2\/pages"}],"about":[{"href":"https:\/\/repmancarretillas.es\/en\/wp-json\/wp\/v2\/types\/page"}],"author":[{"embeddable":true,"href":"https:\/\/repmancarretillas.es\/en\/wp-json\/wp\/v2\/users\/1"}],"replies":[{"embeddable":true,"href":"https:\/\/repmancarretillas.es\/en\/wp-json\/wp\/v2\/comments?post=125"}],"version-history":[{"count":28,"href":"https:\/\/repmancarretillas.es\/en\/wp-json\/wp\/v2\/pages\/125\/revisions"}],"predecessor-version":[{"id":3737,"href":"https:\/\/repmancarretillas.es\/en\/wp-json\/wp\/v2\/pages\/125\/revisions\/3737"}],"wp:attachment":[{"href":"https:\/\/repmancarretillas.es\/en\/wp-json\/wp\/v2\/media?parent=125"}],"curies":[{"name":"wp","href":"https:\/\/api.w.org\/{rel}","templated":true}]}}