{"id":115,"date":"2026-04-11T18:18:31","date_gmt":"2026-04-11T16:18:31","guid":{"rendered":"https:\/\/repmancarretillas.es\/?page_id=115"},"modified":"2026-04-19T19:05:07","modified_gmt":"2026-04-19T17:05:07","slug":"servicio-tecnico","status":"publish","type":"page","link":"https:\/\/repmancarretillas.es\/en\/servicio-tecnico\/","title":{"rendered":"Technical Service"},"content":{"rendered":"<div data-elementor-type=\"wp-page\" data-elementor-id=\"115\" class=\"elementor elementor-115\" data-elementor-post-type=\"page\">\n\t\t\t\t<div class=\"elementor-element elementor-element-3b8a9f71 e-flex e-con-boxed e-con e-parent\" data-id=\"3b8a9f71\" data-element_type=\"container\" data-e-type=\"container\" data-settings=\"{&quot;background_background&quot;:&quot;classic&quot;}\">\n\t\t\t\t\t<div class=\"e-con-inner\">\n\t\t\t\t<div class=\"elementor-element elementor-element-13212193 elementor-widget elementor-widget-heading\" data-id=\"13212193\" data-element_type=\"widget\" data-e-type=\"widget\" data-widget_type=\"heading.default\">\n\t\t\t\t\t<h2 class=\"elementor-heading-title elementor-size-default\">Technical Service<\/h2>\t\t\t\t<\/div>\n\t\t\t\t<div class=\"elementor-element elementor-element-31f90be elementor-widget elementor-widget-text-editor\" data-id=\"31f90be\" data-element_type=\"widget\" data-e-type=\"widget\" data-widget_type=\"text-editor.default\">\n\t\t\t\t\t\t\t\t\t<a href=\"https:\/\/repmancarretillas.es\/en\/\"><strong>Home<\/strong><\/a> &#8211; Servicio T\u00e9cnico\t\t\t\t\t\t\t\t<\/div>\n\t\t\t\t\t<\/div>\n\t\t\t\t<\/div>\n\t\t<div class=\"elementor-element elementor-element-63f87f1a e-con-full e-flex e-con e-parent\" data-id=\"63f87f1a\" data-element_type=\"container\" data-e-type=\"container\">\n\t\t<div class=\"elementor-element elementor-element-3b5b0862 e-con-full e-flex e-con e-child\" data-id=\"3b5b0862\" data-element_type=\"container\" data-e-type=\"container\">\n\t\t<div class=\"elementor-element elementor-element-5961ed9b e-con-full e-flex e-con e-child\" data-id=\"5961ed9b\" data-element_type=\"container\" data-e-type=\"container\">\n\t\t\t\t<div class=\"elementor-element elementor-element-42e61d89 elementor-icon-list--layout-traditional elementor-list-item-link-full_width elementor-widget elementor-widget-icon-list\" data-id=\"42e61d89\" data-element_type=\"widget\" data-e-type=\"widget\" data-widget_type=\"icon-list.default\">\n\t\t\t\t\t\t\t<ul class=\"elementor-icon-list-items\">\n\t\t\t\t\t\t\t<li class=\"elementor-icon-list-item\">\n\t\t\t\t\t\t\t\t\t\t\t<span class=\"elementor-icon-list-icon\">\n\t\t\t\t\t\t\t<i aria-hidden=\"true\" class=\"icon icon-minus\"><\/i>\t\t\t\t\t\t<\/span>\n\t\t\t\t\t\t\t\t\t\t<span class=\"elementor-icon-list-text\">Mantenimiento personalizado<\/span>\n\t\t\t\t\t\t\t\t\t<\/li>\n\t\t\t\t\t\t<\/ul>\n\t\t\t\t\t\t<\/div>\n\t\t\t\t<div class=\"elementor-element elementor-element-55dc8f00 elementor-invisible elementor-widget elementor-widget-heading\" data-id=\"55dc8f00\" data-element_type=\"widget\" data-e-type=\"widget\" data-settings=\"{&quot;_animation&quot;:&quot;fadeInUp&quot;}\" data-widget_type=\"heading.default\">\n\t\t\t\t\t<h2 class=\"elementor-heading-title elementor-size-default\">Soluciones adaptadas para maximizar el rendimiento y la vida \u00fatil de su maquinaria.<\/h2>\t\t\t\t<\/div>\n\t\t\t\t<\/div>\n\t\t<div class=\"elementor-element elementor-element-12032e3a e-con-full e-flex e-con e-child\" data-id=\"12032e3a\" data-element_type=\"container\" data-e-type=\"container\">\n\t\t\t\t<div class=\"elementor-element elementor-element-1c45a02e elementor-widget elementor-widget-text-editor\" data-id=\"1c45a02e\" data-element_type=\"widget\" data-e-type=\"widget\" data-widget_type=\"text-editor.default\">\n\t\t\t\t\t\t\t\t\t<p data-start=\"76\" data-end=\"344\">Dise\u00f1amos planes de <strong data-start=\"96\" data-end=\"113\">mantenimiento<\/strong>, <strong data-start=\"115\" data-end=\"129\">reparaci\u00f3n<\/strong>, <strong data-start=\"131\" data-end=\"145\">asistencia<\/strong> y <strong data-start=\"148\" data-end=\"161\">recambios<\/strong> adaptados a cada cliente, optimizando el rendimiento y la vida \u00fatil de sus equipos. Incluimos <strong data-start=\"256\" data-end=\"284\">servicios ACP, ALP y SPV<\/strong>, ajustados a las necesidades espec\u00edficas de cada operaci\u00f3n.<\/p><p data-start=\"346\" data-end=\"525\">Atendemos todas las marcas y modelos de carretillas, ofreciendo asistencia t\u00e9cnica especializada y contratos flexibles que garantizan una respuesta eficiente en cada intervenci\u00f3n.<\/p><p data-start=\"527\" data-end=\"726\" data-is-last-node=\"\" data-is-only-node=\"\">Nuestro objetivo es asegurar la continuidad operativa de su negocio, reduciendo tiempos de inactividad y garantizando un funcionamiento seguro, eficiente y constante de su maquinaria en todo momento.<\/p>\t\t\t\t\t\t\t\t<\/div>\n\t\t\t\t<\/div>\n\t\t\t\t<\/div>\n\t\t<div class=\"elementor-element elementor-element-77c428ea e-con-full e-flex e-con e-child\" data-id=\"77c428ea\" data-element_type=\"container\" data-e-type=\"container\">\n\t\t<div class=\"elementor-element elementor-element-67b63c64 e-con-full e-flex e-con e-child\" data-id=\"67b63c64\" data-element_type=\"container\" data-e-type=\"container\">\n\t\t<div class=\"elementor-element elementor-element-25c7cba4 e-con-full animated-fast e-flex elementor-invisible e-con e-child\" data-id=\"25c7cba4\" data-element_type=\"container\" data-e-type=\"container\" data-settings=\"{&quot;animation&quot;:&quot;fadeInUp&quot;}\">\n\t\t\t\t<div class=\"elementor-element elementor-element-41da307 elementor-view-stacked elementor-shape-circle elementor-widget elementor-widget-icon\" data-id=\"41da307\" data-element_type=\"widget\" data-e-type=\"widget\" data-widget_type=\"icon.default\">\n\t\t\t\t\t\t\t<div class=\"elementor-icon-wrapper\">\n\t\t\t<div class=\"elementor-icon\">\n\t\t\t<i aria-hidden=\"true\" class=\"icon icon-tools\"><\/i>\t\t\t<\/div>\n\t\t<\/div>\n\t\t\t\t\t\t<\/div>\n\t\t\t\t<div class=\"elementor-element elementor-element-35b9300f ekit-equal-height-disable elementor-widget elementor-widget-elementskit-image-box\" data-id=\"35b9300f\" data-element_type=\"widget\" data-e-type=\"widget\" data-widget_type=\"elementskit-image-box.default\">\n\t\t\t\t\t<div class=\"ekit-wid-con\" >\n            <div class=\"elementskit-info-image-box ekit-image-box text-left simple-card\" >\n\n                \n                <div class=\"elementskit-box-header image-box-img-left\">\n\n                    \n                <\/div>\n                \n                <div class=\"elementskit-box-body ekit-image-box-body\">\n                    <div class=\"elementskit-box-content ekit-image-box-body-inner\">\n                                                <h4 class=\"elementskit-info-box-title\">\n\n                        MANTENIMIENTO PREVENTIVO\n                        \n                    <\/h4>\n                                                            <div class=\"elementskit-box-style-content\">\n                        Incluye mano de obra y planificaci\u00f3n de mantenimiento en funci\u00f3n de las horas de uso de la m\u00e1quina, con desplazamiento incluido. No contempla consumibles ni piezas sujetas a desgaste.                    <\/div>\n                                    <\/div>\n\n                            <\/div>\n            <\/div>\n    <\/div>\t\t\t\t<\/div>\n\t\t\t\t<\/div>\n\t\t<div class=\"elementor-element elementor-element-277e5454 e-con-full animated-fast e-flex elementor-invisible e-con e-child\" data-id=\"277e5454\" data-element_type=\"container\" data-e-type=\"container\" data-settings=\"{&quot;animation&quot;:&quot;fadeInUp&quot;}\">\n\t\t\t\t<div class=\"elementor-element elementor-element-7de43f6 elementor-view-stacked elementor-shape-circle elementor-widget elementor-widget-icon\" data-id=\"7de43f6\" data-element_type=\"widget\" data-e-type=\"widget\" data-widget_type=\"icon.default\">\n\t\t\t\t\t\t\t<div class=\"elementor-icon-wrapper\">\n\t\t\t<div class=\"elementor-icon\">\n\t\t\t<i aria-hidden=\"true\" class=\"icon icon-team1\"><\/i>\t\t\t<\/div>\n\t\t<\/div>\n\t\t\t\t\t\t<\/div>\n\t\t\t\t<div class=\"elementor-element elementor-element-116c681c ekit-equal-height-disable elementor-widget elementor-widget-elementskit-image-box\" data-id=\"116c681c\" data-element_type=\"widget\" data-e-type=\"widget\" data-widget_type=\"elementskit-image-box.default\">\n\t\t\t\t\t<div class=\"ekit-wid-con\" >\n            <div class=\"elementskit-info-image-box ekit-image-box text-left simple-card\" >\n\n                \n                <div class=\"elementskit-box-header image-box-img-left\">\n\n                    \n                <\/div>\n                \n                <div class=\"elementskit-box-body ekit-image-box-body\">\n                    <div class=\"elementskit-box-content ekit-image-box-body-inner\">\n                                                <h4 class=\"elementskit-info-box-title\">\n\n                        SERVICIO INTEGRAL\n                        \n                    <\/h4>\n                                                            <div class=\"elementskit-box-style-content\">\n                        Cobertura completa de mantenimiento y mano de obra seg\u00fan las horas contratadas, asegurando el correcto funcionamiento continuo de la maquinaria.                    <\/div>\n                                    <\/div>\n\n                            <\/div>\n            <\/div>\n    <\/div>\t\t\t\t<\/div>\n\t\t\t\t<\/div>\n\t\t\t\t<\/div>\n\t\t\t\t<\/div>\n\t\t\t\t<\/div>\n\t\t\t\t<\/div>","protected":false},"excerpt":{"rendered":"<p>Servicio T\u00e9cnico Inicio &#8211; Servicio T\u00e9cnico Mantenimiento personalizado Soluciones adaptadas para maximizar el rendimiento y la vida \u00fatil de su maquinaria. Dise\u00f1amos planes de mantenimiento, reparaci\u00f3n, asistencia y recambios adaptados a cada cliente, optimizando el rendimiento y la vida \u00fatil de sus equipos. Incluimos servicios ACP, ALP y SPV, ajustados a las necesidades espec\u00edficas de [&hellip;]<\/p>\n","protected":false},"author":1,"featured_media":0,"parent":0,"menu_order":0,"comment_status":"closed","ping_status":"closed","template":"elementor_header_footer","meta":{"_joinchat":[],"footnotes":""},"class_list":["post-115","page","type-page","status-publish","hentry"],"_links":{"self":[{"href":"https:\/\/repmancarretillas.es\/en\/wp-json\/wp\/v2\/pages\/115","targetHints":{"allow":["GET"]}}],"collection":[{"href":"https:\/\/repmancarretillas.es\/en\/wp-json\/wp\/v2\/pages"}],"about":[{"href":"https:\/\/repmancarretillas.es\/en\/wp-json\/wp\/v2\/types\/page"}],"author":[{"embeddable":true,"href":"https:\/\/repmancarretillas.es\/en\/wp-json\/wp\/v2\/users\/1"}],"replies":[{"embeddable":true,"href":"https:\/\/repmancarretillas.es\/en\/wp-json\/wp\/v2\/comments?post=115"}],"version-history":[{"count":37,"href":"https:\/\/repmancarretillas.es\/en\/wp-json\/wp\/v2\/pages\/115\/revisions"}],"predecessor-version":[{"id":1516,"href":"https:\/\/repmancarretillas.es\/en\/wp-json\/wp\/v2\/pages\/115\/revisions\/1516"}],"wp:attachment":[{"href":"https:\/\/repmancarretillas.es\/en\/wp-json\/wp\/v2\/media?parent=115"}],"curies":[{"name":"wp","href":"https:\/\/api.w.org\/{rel}","templated":true}]}}