{"id":113,"date":"2026-04-11T18:18:17","date_gmt":"2026-04-11T16:18:17","guid":{"rendered":"https:\/\/repmancarretillas.es\/?page_id=113"},"modified":"2026-04-19T19:03:18","modified_gmt":"2026-04-19T17:03:18","slug":"alquiler","status":"publish","type":"page","link":"https:\/\/repmancarretillas.es\/en\/alquiler\/","title":{"rendered":"Rent"},"content":{"rendered":"<div data-elementor-type=\"wp-page\" data-elementor-id=\"113\" class=\"elementor elementor-113\" data-elementor-post-type=\"page\">\n\t\t\t\t<div class=\"elementor-element elementor-element-1ff2d55b e-flex e-con-boxed e-con e-parent\" data-id=\"1ff2d55b\" data-element_type=\"container\" data-e-type=\"container\" data-settings=\"{&quot;background_background&quot;:&quot;classic&quot;}\">\n\t\t\t\t\t<div class=\"e-con-inner\">\n\t\t\t\t<div class=\"elementor-element elementor-element-176d644d elementor-widget elementor-widget-heading\" data-id=\"176d644d\" data-element_type=\"widget\" data-e-type=\"widget\" data-widget_type=\"heading.default\">\n\t\t\t\t\t<h2 class=\"elementor-heading-title elementor-size-default\">Rent<\/h2>\t\t\t\t<\/div>\n\t\t\t\t<div class=\"elementor-element elementor-element-2ba346f4 elementor-widget elementor-widget-text-editor\" data-id=\"2ba346f4\" data-element_type=\"widget\" data-e-type=\"widget\" data-widget_type=\"text-editor.default\">\n\t\t\t\t\t\t\t\t\t<a href=\"https:\/\/repmancarretillas.es\/en\/\"><strong>Home<\/strong><\/a> &#8211; Alquiler\t\t\t\t\t\t\t\t<\/div>\n\t\t\t\t\t<\/div>\n\t\t\t\t<\/div>\n\t\t<div class=\"elementor-element elementor-element-57eb23d e-flex e-con-boxed e-con e-parent\" data-id=\"57eb23d\" data-element_type=\"container\" data-e-type=\"container\" data-settings=\"{&quot;background_background&quot;:&quot;classic&quot;}\">\n\t\t\t\t\t<div class=\"e-con-inner\">\n\t\t<div class=\"elementor-element elementor-element-750d02d7 e-con-full e-flex e-con e-child\" data-id=\"750d02d7\" data-element_type=\"container\" data-e-type=\"container\">\n\t\t\t\t<div class=\"elementor-element elementor-element-5de7f259 elementor-icon-list--layout-traditional elementor-list-item-link-full_width elementor-widget elementor-widget-icon-list\" data-id=\"5de7f259\" data-element_type=\"widget\" data-e-type=\"widget\" data-widget_type=\"icon-list.default\">\n\t\t\t\t\t\t\t<ul class=\"elementor-icon-list-items\">\n\t\t\t\t\t\t\t<li class=\"elementor-icon-list-item\">\n\t\t\t\t\t\t\t\t\t\t\t<span class=\"elementor-icon-list-icon\">\n\t\t\t\t\t\t\t<i aria-hidden=\"true\" class=\"icon icon-minus\"><\/i>\t\t\t\t\t\t<\/span>\n\t\t\t\t\t\t\t\t\t\t<span class=\"elementor-icon-list-text\">Alquiler de Carretillas<\/span>\n\t\t\t\t\t\t\t\t\t<\/li>\n\t\t\t\t\t\t<\/ul>\n\t\t\t\t\t\t<\/div>\n\t\t\t\t<div class=\"elementor-element elementor-element-180717c4 elementor-widget__width-initial animated-fast elementor-invisible elementor-widget elementor-widget-heading\" data-id=\"180717c4\" data-element_type=\"widget\" data-e-type=\"widget\" data-settings=\"{&quot;_animation&quot;:&quot;fadeInUp&quot;}\" data-widget_type=\"heading.default\">\n\t\t\t\t\t<h2 class=\"elementor-heading-title elementor-size-default\">Soluciones flexibles adaptadas a las necesidades de su empresa.<\/h2>\t\t\t\t<\/div>\n\t\t\t\t<div class=\"elementor-element elementor-element-65ed0a05 elementor-widget elementor-widget-text-editor\" data-id=\"65ed0a05\" data-element_type=\"widget\" data-e-type=\"widget\" data-widget_type=\"text-editor.default\">\n\t\t\t\t\t\t\t\t\t<p>In <strong>REPMAN Wheelbarrows<\/strong> ofrecemos soluciones de alquiler dise\u00f1adas para optimizar su operativa sin necesidad de grandes inversiones. Disponemos de una amplia flota de maquinaria lista para su uso inmediato, con condiciones flexibles y adaptadas a cada cliente.<\/p>\t\t\t\t\t\t\t\t<\/div>\n\t\t\t\t<div class=\"elementor-element elementor-element-a0d8cd7 elementor-widget elementor-widget-button\" data-id=\"a0d8cd7\" data-element_type=\"widget\" data-e-type=\"widget\" data-widget_type=\"button.default\">\n\t\t\t\t\t\t\t\t\t\t<a class=\"elementor-button elementor-button-link elementor-size-sm\" href=\"https:\/\/repmancarretillas.es\/en\/contacto\/#formulario\">\n\t\t\t\t\t\t<span class=\"elementor-button-content-wrapper\">\n\t\t\t\t\t\t<span class=\"elementor-button-icon\">\n\t\t\t\t<i aria-hidden=\"true\" class=\"icon icon-envelope3\"><\/i>\t\t\t<\/span>\n\t\t\t\t\t\t\t\t\t<span class=\"elementor-button-text\">Request Information<\/span>\n\t\t\t\t\t<\/span>\n\t\t\t\t\t<\/a>\n\t\t\t\t\t\t\t\t<\/div>\n\t\t\t\t<\/div>\n\t\t<div class=\"elementor-element elementor-element-4ad02e93 e-con-full e-flex e-con e-child\" data-id=\"4ad02e93\" data-element_type=\"container\" data-e-type=\"container\">\n\t\t<div class=\"elementor-element elementor-element-21b1500c e-con-full e-flex e-con e-child\" data-id=\"21b1500c\" data-element_type=\"container\" data-e-type=\"container\">\n\t\t<div class=\"elementor-element elementor-element-53c4d6ec e-con-full animated-fast e-flex elementor-invisible e-con e-child\" data-id=\"53c4d6ec\" data-element_type=\"container\" data-e-type=\"container\" data-settings=\"{&quot;animation&quot;:&quot;fadeInUp&quot;}\">\n\t\t\t\t<div class=\"elementor-element elementor-element-75c7e9fd ekit-equal-height-disable elementor-widget elementor-widget-elementskit-image-box\" data-id=\"75c7e9fd\" data-element_type=\"widget\" data-e-type=\"widget\" data-widget_type=\"elementskit-image-box.default\">\n\t\t\t\t\t<div class=\"ekit-wid-con\" >\n            <div class=\"elementskit-info-image-box ekit-image-box text-left simple-card\" >\n\n                \n                <div class=\"elementskit-box-header image-box-img-left\">\n\n                    <img fetchpriority=\"high\" decoding=\"async\" width=\"300\" height=\"300\" src=\"https:\/\/repmancarretillas.es\/wp-content\/uploads\/2026\/04\/Diseno-sin-titulo-2026-04-12T102501.494.png\" class=\"attachment-full size-full wp-image-490\" alt=\"\" srcset=\"https:\/\/repmancarretillas.es\/wp-content\/uploads\/2026\/04\/Diseno-sin-titulo-2026-04-12T102501.494.png 300w, https:\/\/repmancarretillas.es\/wp-content\/uploads\/2026\/04\/Diseno-sin-titulo-2026-04-12T102501.494-100x100.png 100w, https:\/\/repmancarretillas.es\/wp-content\/uploads\/2026\/04\/Diseno-sin-titulo-2026-04-12T102501.494-150x150.png 150w\" sizes=\"(max-width: 300px) 100vw, 300px\" \/>\n                <\/div>\n                \n                <div class=\"elementskit-box-body ekit-image-box-body\">\n                    <div class=\"elementskit-box-content ekit-image-box-body-inner\">\n                                                <h4 class=\"elementskit-info-box-title\">\n\n                        ALQUILER A CORTO PLAZO\n                        \n                    <\/h4>\n                                                            <div class=\"elementskit-box-style-content\">\n                        <p>\nDisponemos de una amplia flota para cubrir necesidades puntuales desde un solo d\u00eda, con disponibilidad inmediata siempre que sea posible.\n<\/p>\n\n<div>\n    <div style=\"background:#ffffff;border:1px solid #eee;padding:15px;margin-bottom:10px\">\n        Amplia gama de maquinaria disponible\n    <\/div>\n\n    <div style=\"background:#ffffff;border:1px solid #eee;padding:15px;margin-bottom:10px\">\n        Alquiler desde un solo d\u00eda\n    <\/div>\n\n    <div style=\"background:#ffffff;border:1px solid #eee;padding:15px;margin-bottom:10px\">\n        Entrega r\u00e1pida\n    <\/div>\n\n    <div style=\"background:#ffffff;border:1px solid #eee;padding:15px\">\n        Flexibilidad total seg\u00fan necesidad\n    <\/div>\n<\/div>                    <\/div>\n                                    <\/div>\n\n                            <\/div>\n            <\/div>\n    <\/div>\t\t\t\t<\/div>\n\t\t\t\t<\/div>\n\t\t<div class=\"elementor-element elementor-element-10ee0cac e-con-full e-flex elementor-invisible e-con e-child\" data-id=\"10ee0cac\" data-element_type=\"container\" data-e-type=\"container\" data-settings=\"{&quot;animation&quot;:&quot;fadeInUp&quot;}\">\n\t\t\t\t<div class=\"elementor-element elementor-element-4f340b2 ekit-equal-height-disable elementor-widget elementor-widget-elementskit-image-box\" data-id=\"4f340b2\" data-element_type=\"widget\" data-e-type=\"widget\" data-widget_type=\"elementskit-image-box.default\">\n\t\t\t\t\t<div class=\"ekit-wid-con\" >\n            <div class=\"elementskit-info-image-box ekit-image-box text-left simple-card\" >\n\n                \n                <div class=\"elementskit-box-header image-box-img-left\">\n\n                    <img decoding=\"async\" width=\"300\" height=\"300\" src=\"https:\/\/repmancarretillas.es\/wp-content\/uploads\/2026\/04\/Diseno-sin-titulo-2026-04-12T102600.486.png\" class=\"attachment-full size-full wp-image-491\" alt=\"\" srcset=\"https:\/\/repmancarretillas.es\/wp-content\/uploads\/2026\/04\/Diseno-sin-titulo-2026-04-12T102600.486.png 300w, https:\/\/repmancarretillas.es\/wp-content\/uploads\/2026\/04\/Diseno-sin-titulo-2026-04-12T102600.486-100x100.png 100w, https:\/\/repmancarretillas.es\/wp-content\/uploads\/2026\/04\/Diseno-sin-titulo-2026-04-12T102600.486-150x150.png 150w\" sizes=\"(max-width: 300px) 100vw, 300px\" \/>\n                <\/div>\n                \n                <div class=\"elementskit-box-body ekit-image-box-body\">\n                    <div class=\"elementskit-box-content ekit-image-box-body-inner\">\n                                                <h4 class=\"elementskit-info-box-title\">\n\n                        ALQUILER A LARGO PLAZO\n                        \n                    <\/h4>\n                                                            <div class=\"elementskit-box-style-content\">\n                        <p>\nSoluciones de alquiler a largo plazo dise\u00f1adas para empresas que buscan estabilidad operativa y control de costes.\n<\/p>\n\n<div>\n    <div style=\"background:#ffffff;border:1px solid #eee;padding:15px;margin-bottom:10px\">\n        Condiciones econ\u00f3micas competitivas\n    <\/div>\n\n    <div style=\"background:#ffffff;border:1px solid #eee;padding:15px;margin-bottom:10px\">\n        Equipos nuevos y revisados\n    <\/div>\n\n    <div style=\"background:#ffffff;border:1px solid #eee;padding:15px;margin-bottom:10px\">\n        Contratos adaptados\n    <\/div>\n\n    <div style=\"background:#ffffff;border:1px solid #eee;padding:15px\">\n        Planificaci\u00f3n a medida\n    <\/div>\n<\/div>                    <\/div>\n                                    <\/div>\n\n                            <\/div>\n            <\/div>\n    <\/div>\t\t\t\t<\/div>\n\t\t\t\t<\/div>\n\t\t\t\t<\/div>\n\t\t\t\t<\/div>\n\t\t\t\t\t<\/div>\n\t\t\t\t<\/div>\n\t\t<div class=\"elementor-element elementor-element-48508f89 e-flex e-con-boxed e-con e-parent\" data-id=\"48508f89\" data-element_type=\"container\" data-e-type=\"container\">\n\t\t\t\t\t<div class=\"e-con-inner\">\n\t\t\t\t<div class=\"elementor-element elementor-element-4d8cb363 elementor-align-center elementor-icon-list--layout-traditional elementor-list-item-link-full_width elementor-widget elementor-widget-icon-list\" data-id=\"4d8cb363\" data-element_type=\"widget\" data-e-type=\"widget\" data-widget_type=\"icon-list.default\">\n\t\t\t\t\t\t\t<ul class=\"elementor-icon-list-items\">\n\t\t\t\t\t\t\t<li class=\"elementor-icon-list-item\">\n\t\t\t\t\t\t\t\t\t\t<span class=\"elementor-icon-list-text\">M\u00e1xima eficiencia<\/span>\n\t\t\t\t\t\t\t\t\t<\/li>\n\t\t\t\t\t\t<\/ul>\n\t\t\t\t\t\t<\/div>\n\t\t\t\t<div class=\"elementor-element elementor-element-11035456 elementor-widget elementor-widget-heading\" data-id=\"11035456\" data-element_type=\"widget\" data-e-type=\"widget\" data-widget_type=\"heading.default\">\n\t\t\t\t\t<h2 class=\"elementor-heading-title elementor-size-default\">Tipos de maquina disponible.<\/h2>\t\t\t\t<\/div>\n\t\t\t\t<div class=\"elementor-element elementor-element-67f704d7 elementor-widget__width-initial elementor-widget elementor-widget-text-editor\" data-id=\"67f704d7\" data-element_type=\"widget\" data-e-type=\"widget\" data-widget_type=\"text-editor.default\">\n\t\t\t\t\t\t\t\t\tContamos con una amplia variedad de equipos para cubrir cualquier necesidad log\u00edstica: transpaletas el\u00e9ctricas, apiladores, carretillas el\u00e9ctricas, de combusti\u00f3n interna y otros equipos especializados para entornos industriales.\t\t\t\t\t\t\t\t<\/div>\n\t\t\t\t<div class=\"elementor-element elementor-element-57817db elementor-arrows-position-inside elementor-pagination-position-outside elementor-widget elementor-widget-image-carousel\" data-id=\"57817db\" data-element_type=\"widget\" data-e-type=\"widget\" data-settings=\"{&quot;slides_to_show&quot;:&quot;7&quot;,&quot;navigation&quot;:&quot;both&quot;,&quot;autoplay&quot;:&quot;yes&quot;,&quot;pause_on_hover&quot;:&quot;yes&quot;,&quot;pause_on_interaction&quot;:&quot;yes&quot;,&quot;autoplay_speed&quot;:5000,&quot;infinite&quot;:&quot;yes&quot;,&quot;speed&quot;:500}\" data-widget_type=\"image-carousel.default\">\n\t\t\t\t\t\t\t<div class=\"elementor-image-carousel-wrapper swiper\" role=\"region\" aria-roledescription=\"carousel\" aria-label=\"Image carousel\" dir=\"ltr\">\n\t\t\t<div class=\"elementor-image-carousel swiper-wrapper\" aria-live=\"off\">\n\t\t\t\t\t\t\t\t<div class=\"swiper-slide\" role=\"group\" aria-roledescription=\"slide\" aria-label=\"1 of 8\" data-no-translation-aria-label=\"\"><figure class=\"swiper-slide-inner\"><img decoding=\"async\" class=\"swiper-slide-image\" src=\"https:\/\/repmancarretillas.es\/wp-content\/uploads\/2026\/04\/Toyota-Tyro-LHE160-1-150x150.jpeg\" alt=\"Toyota Tyro LHE160 (1)\" \/><\/figure><\/div><div class=\"swiper-slide\" role=\"group\" aria-roledescription=\"slide\" aria-label=\"2 of 8\" data-no-translation-aria-label=\"\"><figure class=\"swiper-slide-inner\"><img decoding=\"async\" class=\"swiper-slide-image\" src=\"https:\/\/repmancarretillas.es\/wp-content\/uploads\/2026\/04\/Toyota-Tonero-30-1-150x150.jpeg\" alt=\"Toyota Tonero 30 (1)\" \/><\/figure><\/div><div class=\"swiper-slide\" role=\"group\" aria-roledescription=\"slide\" aria-label=\"3 of 8\" data-no-translation-aria-label=\"\"><figure class=\"swiper-slide-inner\"><img decoding=\"async\" class=\"swiper-slide-image\" src=\"https:\/\/repmancarretillas.es\/wp-content\/uploads\/2026\/04\/Toyota-Serie-9-modelo-9FBE20T-1-150x150.jpeg\" alt=\"Toyota Serie 9 modelo 9FBE20T (1)\" \/><\/figure><\/div><div class=\"swiper-slide\" role=\"group\" aria-roledescription=\"slide\" aria-label=\"4 of 8\" data-no-translation-aria-label=\"\"><figure class=\"swiper-slide-inner\"><img decoding=\"async\" class=\"swiper-slide-image\" src=\"https:\/\/repmancarretillas.es\/wp-content\/uploads\/2026\/04\/Apiladores-electricos-Toyota-modelo-SWE120_-SWE140-1-150x150.jpeg\" alt=\"Apiladores el\u00e9ctricos Toyota modelo SWE120_ SWE140 (1)\" \/><\/figure><\/div><div class=\"swiper-slide\" role=\"group\" aria-roledescription=\"slide\" aria-label=\"5 of 8\" data-no-translation-aria-label=\"\"><figure class=\"swiper-slide-inner\"><img decoding=\"async\" class=\"swiper-slide-image\" src=\"https:\/\/repmancarretillas.es\/wp-content\/uploads\/2026\/04\/Retractil-Toyota-BT-Reflex-2-150x150.jpeg\" alt=\"Retr\u00e1ctil Toyota BT Reflex (2)\" \/><\/figure><\/div><div class=\"swiper-slide\" role=\"group\" aria-roledescription=\"slide\" aria-label=\"6 of 8\" data-no-translation-aria-label=\"\"><figure class=\"swiper-slide-inner\"><img decoding=\"async\" class=\"swiper-slide-image\" src=\"https:\/\/repmancarretillas.es\/wp-content\/uploads\/2026\/04\/Toyota-Modelo-8FBM30T-1-150x150.jpeg\" alt=\"Toyota Modelo 8FBM30T (1)\" \/><\/figure><\/div><div class=\"swiper-slide\" role=\"group\" aria-roledescription=\"slide\" aria-label=\"7 of 8\" data-no-translation-aria-label=\"\"><figure class=\"swiper-slide-inner\"><img decoding=\"async\" class=\"swiper-slide-image\" src=\"https:\/\/repmancarretillas.es\/wp-content\/uploads\/2026\/04\/Toyota-Modelo-8FDF15-2-150x150.jpeg\" alt=\"Toyota Modelo 8FDF15 (2)\" \/><\/figure><\/div><div class=\"swiper-slide\" role=\"group\" aria-roledescription=\"slide\" aria-label=\"8 of 8\" data-no-translation-aria-label=\"\"><figure class=\"swiper-slide-inner\"><img decoding=\"async\" class=\"swiper-slide-image\" src=\"https:\/\/repmancarretillas.es\/wp-content\/uploads\/2026\/04\/Toyota-Serie-8.-Modelo-8FBM20T-1-150x150.jpeg\" alt=\"Toyota Serie 8. Modelo 8FBM20T (1)\" \/><\/figure><\/div>\t\t\t<\/div>\n\t\t\t\t\t\t\t\t\t\t\t\t<div class=\"elementor-swiper-button elementor-swiper-button-prev\" role=\"button\" tabindex=\"0\">\n\t\t\t\t\t\t<svg aria-hidden=\"true\" class=\"e-font-icon-svg e-eicon-chevron-left\" viewbox=\"0 0 1000 1000\" xmlns=\"http:\/\/www.w3.org\/2000\/svg\"><path d=\"M646 125C629 125 613 133 604 142L308 442C296 454 292 471 292 487 292 504 296 521 308 533L604 854C617 867 629 875 646 875 663 875 679 871 692 858 704 846 713 829 713 812 713 796 708 779 692 767L438 487 692 225C700 217 708 204 708 187 708 171 704 154 692 142 675 129 663 125 646 125Z\"><\/path><\/svg>\t\t\t\t\t<\/div>\n\t\t\t\t\t<div class=\"elementor-swiper-button elementor-swiper-button-next\" role=\"button\" tabindex=\"0\">\n\t\t\t\t\t\t<svg aria-hidden=\"true\" class=\"e-font-icon-svg e-eicon-chevron-right\" viewbox=\"0 0 1000 1000\" xmlns=\"http:\/\/www.w3.org\/2000\/svg\"><path d=\"M696 533C708 521 713 504 713 487 713 471 708 454 696 446L400 146C388 133 375 125 354 125 338 125 325 129 313 142 300 154 292 171 292 187 292 204 296 221 308 233L563 492 304 771C292 783 288 800 288 817 288 833 296 850 308 863 321 871 338 875 354 875 371 875 388 867 400 854L696 533Z\"><\/path><\/svg>\t\t\t\t\t<\/div>\n\t\t\t\t\n\t\t\t\t\t\t\t\t\t<div class=\"swiper-pagination\"><\/div>\n\t\t\t\t\t\t\t\t\t<\/div>\n\t\t\t\t\t\t<\/div>\n\t\t\t\t\t<\/div>\n\t\t\t\t<\/div>\n\t\t<div class=\"elementor-element elementor-element-b72f0ed e-flex e-con-boxed e-con e-parent\" data-id=\"b72f0ed\" data-element_type=\"container\" data-e-type=\"container\">\n\t\t\t\t\t<div class=\"e-con-inner\">\n\t\t\t\t<div class=\"elementor-element elementor-element-d1e4be6 elementor-widget elementor-widget-html\" data-id=\"d1e4be6\" data-element_type=\"widget\" data-e-type=\"widget\" data-widget_type=\"html.default\">\n\t\t\t\t\t<style>\r\n.ventajas-section {\r\n    background: #f7f7f7;\r\n    padding: 80px 20px;\r\n    font-family: Arial, sans-serif;\r\n}\r\n\r\n.ventajas-container {\r\n    max-width: 1200px;\r\n    margin: 0 auto;\r\n    text-align: center;\r\n}\r\n\r\n.ventajas-title {\r\n    font-size: 34px;\r\n    font-weight: 700;\r\n    color: #000;\r\n    margin-bottom: 50px;\r\n}\r\n\r\n.ventajas-grid {\r\n    display: grid;\r\n    grid-template-columns: repeat(auto-fit, minmax(220px, 1fr));\r\n    gap: 25px;\r\n}\r\n\r\n.ventaja-card {\r\n    background: #ffffff;\r\n    padding: 30px 20px;\r\n    border-radius: 8px;\r\n    border-top: 4px solid #C8002E;\r\n    box-shadow: 0 10px 25px rgba(0,0,0,0.04);\r\n    transition: 0.3s;\r\n}\r\n\r\n.ventaja-card:hover {\r\n    transform: translateY(-5px);\r\n    box-shadow: 0 15px 35px rgba(0,0,0,0.08);\r\n}\r\n\r\n.ventaja-icon {\r\n    font-size: 28px;\r\n    margin-bottom: 15px;\r\n    color: #C8002E;\r\n}\r\n\r\n.ventaja-text {\r\n    font-size: 15px;\r\n    color: #333;\r\n    font-weight: 500;\r\n}\r\n<\/style>\r\n\r\n<section class=\"ventajas-section\">\r\n    <div class=\"ventajas-container\">\r\n\r\n        <h2 class=\"ventajas-title\">Ventajas del alquiler.<\/h2>\r\n\r\n        <div class=\"ventajas-grid\">\r\n\r\n            <div class=\"ventaja-card\">\r\n                <div class=\"ventaja-icon\">\u2714<\/div>\r\n                <div class=\"ventaja-text\">No requiere inversi\u00f3n inicial<\/div>\r\n            <\/div>\r\n\r\n            <div class=\"ventaja-card\">\r\n                <div class=\"ventaja-icon\">\u2714<\/div>\r\n                <div class=\"ventaja-text\">Disponibilidad inmediata<\/div>\r\n            <\/div>\r\n\r\n            <div class=\"ventaja-card\">\r\n                <div class=\"ventaja-icon\">\u2714<\/div>\r\n                <div class=\"ventaja-text\">Flexibilidad seg\u00fan necesidades<\/div>\r\n            <\/div>\r\n\r\n            <div class=\"ventaja-card\">\r\n                <div class=\"ventaja-icon\">\u2714<\/div>\r\n                <div class=\"ventaja-text\">Mantenimiento incluido<\/div>\r\n            <\/div>\r\n\r\n            <div class=\"ventaja-card\">\r\n                <div class=\"ventaja-icon\">\u2714<\/div>\r\n                <div class=\"ventaja-text\">Optimizaci\u00f3n de costes operativos<\/div>\r\n            <\/div>\r\n\r\n        <\/div>\r\n\r\n    <\/div>\r\n<\/section>\t\t\t\t<\/div>\n\t\t\t\t\t<\/div>\n\t\t\t\t<\/div>\n\t\t\t\t<\/div>","protected":false},"excerpt":{"rendered":"<p>Alquiler Inicio &#8211; Alquiler Alquiler de Carretillas Soluciones flexibles adaptadas a las necesidades de su empresa. En REPMAN Carretillas ofrecemos soluciones de alquiler dise\u00f1adas para optimizar su operativa sin necesidad de grandes inversiones. Disponemos de una amplia flota de maquinaria lista para su uso inmediato, con condiciones flexibles y adaptadas a cada cliente. Solicitar Informaci\u00f3n [&hellip;]<\/p>\n","protected":false},"author":1,"featured_media":0,"parent":0,"menu_order":0,"comment_status":"closed","ping_status":"closed","template":"elementor_header_footer","meta":{"_joinchat":[],"footnotes":""},"class_list":["post-113","page","type-page","status-publish","hentry"],"_links":{"self":[{"href":"https:\/\/repmancarretillas.es\/en\/wp-json\/wp\/v2\/pages\/113","targetHints":{"allow":["GET"]}}],"collection":[{"href":"https:\/\/repmancarretillas.es\/en\/wp-json\/wp\/v2\/pages"}],"about":[{"href":"https:\/\/repmancarretillas.es\/en\/wp-json\/wp\/v2\/types\/page"}],"author":[{"embeddable":true,"href":"https:\/\/repmancarretillas.es\/en\/wp-json\/wp\/v2\/users\/1"}],"replies":[{"embeddable":true,"href":"https:\/\/repmancarretillas.es\/en\/wp-json\/wp\/v2\/comments?post=113"}],"version-history":[{"count":43,"href":"https:\/\/repmancarretillas.es\/en\/wp-json\/wp\/v2\/pages\/113\/revisions"}],"predecessor-version":[{"id":1510,"href":"https:\/\/repmancarretillas.es\/en\/wp-json\/wp\/v2\/pages\/113\/revisions\/1510"}],"wp:attachment":[{"href":"https:\/\/repmancarretillas.es\/en\/wp-json\/wp\/v2\/media?parent=113"}],"curies":[{"name":"wp","href":"https:\/\/api.w.org\/{rel}","templated":true}]}}