{"id":3710,"date":"2026-04-29T04:14:35","date_gmt":"2026-04-29T02:14:35","guid":{"rendered":"https:\/\/repmancarretillas.es\/?post_type=product&#038;p=3710"},"modified":"2026-04-29T04:22:17","modified_gmt":"2026-04-29T02:22:17","slug":"bt-staxio-1-4t-con-brazos-de-soporte-separados","status":"publish","type":"product","link":"https:\/\/repmancarretillas.es\/de\/product\/bt-staxio-1-4t-con-brazos-de-soporte-separados\/","title":{"rendered":"BT Staxio 1.4t con brazos de soporte separados"},"content":{"rendered":"<h2>Wichtigste Vorteile.<\/h2>\n<ul>\n<li data-pm-slice=\"1 1 []\">\n<p data-pm-slice=\"1 1 []\">Brazos de soporte independientes para manipulaci\u00f3n de pallets cerrados y abiertos<\/p>\n<\/li>\n<li data-pm-slice=\"1 1 []\">\n<p data-pm-slice=\"1 1 []\">Chasis de 5 puntos que garantiza alta estabilidad y control<\/p>\n<\/li>\n<li data-pm-slice=\"1 1 []\">\n<p data-pm-slice=\"1 1 []\">Excelente visibilidad de las horquillas para mayor seguridad<\/p>\n<\/li>\n<li data-pm-slice=\"1 1 []\">\n<p data-pm-slice=\"1 1 []\">Funci\u00f3n Click-2-Creep para activaci\u00f3n r\u00e1pida de modo lento<\/p>\n<\/li>\n<li data-pm-slice=\"1 1 []\">\n<p data-pm-slice=\"1 1 []\">Carretilla inteligente con conectividad y monitoreo eficiente<\/p>\n<\/li>\n<\/ul>\n<h2>Spezifikationen.<\/h2>\n<p data-pm-slice=\"1 1 []\">La SWE140S ofrece hasta 5,35 m de elevaci\u00f3n, 6 km\/h de velocidad, brazos ajustables y sistema BT Powertrak. Incluye controles ergon\u00f3micos, seguridad avanzada, mantenimiento f\u00e1cil y telemetr\u00eda inteligente integrada.<\/p>","protected":false},"excerpt":{"rendered":"<p data-pm-slice=\"1 1 []\">\u00bfBusca un apilador eficiente para suelos irregulares? El BT Staxio SWE140S de la Serie W ofrece 1400 kg de capacidad y brazos elevables, ideal para pendientes y operaciones en almacenes con excelente visibilidad y control intuitivo.<\/p>\n<p><em><strong>1400 kg | 5350 mm | 6,0 km\/h | Carretilla inteligente<\/strong><\/em><\/p>\n<p>Ancho de hoquillas ajustable: Se pueden manipular pallets cerrados o diferentes tipos de portadores de cargas gracias a los brazos de soporte en horquilla y al ancho de horquillas ajustable, lo que aumenta la flexibilidad.<\/p>","protected":false},"featured_media":3711,"template":"","meta":{"_joinchat":[]},"product_brand":[],"product_cat":[29,26],"product_tag":[],"class_list":{"0":"post-3710","1":"product","2":"type-product","3":"status-publish","4":"has-post-thumbnail","6":"product_cat-apiladores-electricos","7":"product_cat-carretillas-elevadoras","9":"first","10":"instock","11":"shipping-taxable","12":"product-type-simple"},"_links":{"self":[{"href":"https:\/\/repmancarretillas.es\/de\/wp-json\/wp\/v2\/product\/3710","targetHints":{"allow":["GET"]}}],"collection":[{"href":"https:\/\/repmancarretillas.es\/de\/wp-json\/wp\/v2\/product"}],"about":[{"href":"https:\/\/repmancarretillas.es\/de\/wp-json\/wp\/v2\/types\/product"}],"version-history":[{"count":1,"href":"https:\/\/repmancarretillas.es\/de\/wp-json\/wp\/v2\/product\/3710\/revisions"}],"predecessor-version":[{"id":3719,"href":"https:\/\/repmancarretillas.es\/de\/wp-json\/wp\/v2\/product\/3710\/revisions\/3719"}],"wp:featuredmedia":[{"embeddable":true,"href":"https:\/\/repmancarretillas.es\/de\/wp-json\/wp\/v2\/media\/3711"}],"wp:attachment":[{"href":"https:\/\/repmancarretillas.es\/de\/wp-json\/wp\/v2\/media?parent=3710"}],"wp:term":[{"taxonomy":"product_brand","embeddable":true,"href":"https:\/\/repmancarretillas.es\/de\/wp-json\/wp\/v2\/product_brand?post=3710"},{"taxonomy":"product_cat","embeddable":true,"href":"https:\/\/repmancarretillas.es\/de\/wp-json\/wp\/v2\/product_cat?post=3710"},{"taxonomy":"product_tag","embeddable":true,"href":"https:\/\/repmancarretillas.es\/de\/wp-json\/wp\/v2\/product_tag?post=3710"}],"curies":[{"name":"wp","href":"https:\/\/api.w.org\/{rel}","templated":true}]}}