{"id":3700,"date":"2026-04-29T04:10:22","date_gmt":"2026-04-29T02:10:22","guid":{"rendered":"https:\/\/repmancarretillas.es\/?post_type=product&#038;p=3700"},"modified":"2026-04-29T04:14:21","modified_gmt":"2026-04-29T02:14:21","slug":"bt-staxio-2-0t-plataforma-y-brazos-soporte-elevables","status":"publish","type":"product","link":"https:\/\/repmancarretillas.es\/de\/product\/bt-staxio-2-0t-plataforma-y-brazos-soporte-elevables\/","title":{"rendered":"BT Staxio 2.0t plataforma y brazos soporte elevables"},"content":{"rendered":"<h2>Beneficios clave.<\/h2>\n<ul>\n<li data-pm-slice=\"1 1 []\">\n<p data-pm-slice=\"1 1 []\">Rendimiento \u00f3ptimo en suelos irregulares para largas distancias y cargas medias y pesadas<\/p>\n<\/li>\n<li data-pm-slice=\"1 1 []\">\n<p data-pm-slice=\"1 1 []\">Plataforma del operador abatible para mayor flexibilidad<\/p>\n<\/li>\n<li data-pm-slice=\"1 1 []\">\n<p data-pm-slice=\"1 1 []\">Capacidad para manipulaci\u00f3n de pal\u00e9s dobles<\/p>\n<\/li>\n<li data-pm-slice=\"1 1 []\">\n<p data-pm-slice=\"1 1 []\">Tim\u00f3n ergon\u00f3mico que mejora la seguridad operativa<\/p>\n<\/li>\n<li data-pm-slice=\"1 1 []\">\n<p data-pm-slice=\"1 1 []\">Carretilla inteligente con conectividad y monitoreo avanzado<\/p>\n<\/li>\n<\/ul>\n<h2>Especificaciones.<\/h2>\n<p data-pm-slice=\"0 0 []\">Tracci\u00f3n \u00d3ptima: El chasis Powertrak patentado por BT hace que la carga aerodin\u00e1mica aplicada a la rueda motriz sea proporcional el peso de la carga en la horquilla para asegurar una tracci\u00f3n \u00f3ptima, pero tambi\u00e9n a la altura de las horquillas para mantener una estabilidad m\u00e1xima.<\/p>","protected":false},"excerpt":{"rendered":"<p data-pm-slice=\"1 1 []\">\u00bfBusca una soluci\u00f3n eficiente para recorridos largos? Las carretillas BT Staxio con plataforma de operador ofrecen rapidez, estabilidad y suavidad en el manejo, incluso en terrenos irregulares y pendientes.<\/p>\n<p><em><strong>2000 kg | 4400 mm | 6,0 km\/h | Carretilla inteligente<\/strong><\/em><\/p>\n<p>Sensi-lift: La velocidad de elevaci\u00f3n puede controlarse con precisi\u00f3n mediante el interruptor basculante de dise\u00f1o intuitivo que se encuentra en la empu\u00f1adura. Esto permite ciclos de trabajo m\u00e1s r\u00e1pidos, ya que el operador tiene un control excelente de la carga en todo momento. Esto reduce el riesgo de error y los costes.<\/p>","protected":false},"featured_media":3701,"template":"","meta":{"_joinchat":[]},"product_brand":[],"product_cat":[29,26],"product_tag":[],"class_list":{"0":"post-3700","1":"product","2":"type-product","3":"status-publish","4":"has-post-thumbnail","6":"product_cat-apiladores-electricos","7":"product_cat-carretillas-elevadoras","9":"first","10":"instock","11":"shipping-taxable","12":"product-type-simple"},"_links":{"self":[{"href":"https:\/\/repmancarretillas.es\/de\/wp-json\/wp\/v2\/product\/3700","targetHints":{"allow":["GET"]}}],"collection":[{"href":"https:\/\/repmancarretillas.es\/de\/wp-json\/wp\/v2\/product"}],"about":[{"href":"https:\/\/repmancarretillas.es\/de\/wp-json\/wp\/v2\/types\/product"}],"version-history":[{"count":1,"href":"https:\/\/repmancarretillas.es\/de\/wp-json\/wp\/v2\/product\/3700\/revisions"}],"predecessor-version":[{"id":3709,"href":"https:\/\/repmancarretillas.es\/de\/wp-json\/wp\/v2\/product\/3700\/revisions\/3709"}],"wp:featuredmedia":[{"embeddable":true,"href":"https:\/\/repmancarretillas.es\/de\/wp-json\/wp\/v2\/media\/3701"}],"wp:attachment":[{"href":"https:\/\/repmancarretillas.es\/de\/wp-json\/wp\/v2\/media?parent=3700"}],"wp:term":[{"taxonomy":"product_brand","embeddable":true,"href":"https:\/\/repmancarretillas.es\/de\/wp-json\/wp\/v2\/product_brand?post=3700"},{"taxonomy":"product_cat","embeddable":true,"href":"https:\/\/repmancarretillas.es\/de\/wp-json\/wp\/v2\/product_cat?post=3700"},{"taxonomy":"product_tag","embeddable":true,"href":"https:\/\/repmancarretillas.es\/de\/wp-json\/wp\/v2\/product_tag?post=3700"}],"curies":[{"name":"wp","href":"https:\/\/api.w.org\/{rel}","templated":true}]}}