{"id":3215,"date":"2026-04-28T20:56:24","date_gmt":"2026-04-28T18:56:24","guid":{"rendered":"https:\/\/repmancarretillas.es\/?post_type=product&#038;p=3215"},"modified":"2026-04-28T21:05:03","modified_gmt":"2026-04-28T19:05:03","slug":"tracto-con-plataforma-y-capacidad-de-10t","status":"publish","type":"product","link":"https:\/\/repmancarretillas.es\/de\/product\/tracto-con-plataforma-y-capacidad-de-10t\/","title":{"rendered":"Tracto con plataforma y capacidad de 10t"},"content":{"rendered":"<h2>Wichtigste Vorteile.<\/h2>\n<ul>\n<li data-pm-slice=\"1 1 []\">\n<p data-pm-slice=\"1 1 []\">Dise\u00f1ado para aplicaciones intensivas en interiores y exteriores.<\/p>\n<\/li>\n<li data-pm-slice=\"1 1 []\">\n<p data-pm-slice=\"1 1 []\">Direcci\u00f3n el\u00e9ctrica que mejora la maniobrabilidad y el confort.<\/p>\n<\/li>\n<li data-pm-slice=\"1 1 []\">\n<p data-pm-slice=\"1 1 []\">Plataforma ajustable que ampl\u00eda el rango de aplicaciones.<\/p>\n<\/li>\n<li data-pm-slice=\"1 1 []\">\n<p data-pm-slice=\"1 1 []\">Alto rendimiento en aceleraci\u00f3n, pendientes y accionamiento.<\/p>\n<\/li>\n<li data-pm-slice=\"1 1 []\">\n<p data-pm-slice=\"1 1 []\">Mayor comodidad gracias a asientos ajustables, suspensi\u00f3n en ruedas y direcci\u00f3n por cable.<\/p>\n<\/li>\n<\/ul>\n<h2>Spezifikationen.<\/h2>\n<p data-pm-slice=\"1 1 []\">Tractor de plataforma el\u00e9ctrico con direcci\u00f3n electrohidr\u00e1ulica, motor de corriente alterna, neum\u00e1ticos industriales, freno autom\u00e1tico y regenerativo, sistema de presencia del operador, luces completas, pantalla digital, cambio lateral de bater\u00eda y capacidad de carga de 2000 kg.<\/p>","protected":false},"excerpt":{"rendered":"<p data-pm-slice=\"1 1 []\">Tractor de arrastre compacto de alto rendimiento, dise\u00f1ado para aplicaciones intensivas y de f\u00e1cil conducci\u00f3n, con plataforma ajustable para mayor versatilidad operativa.<\/p>\n<p data-pm-slice=\"0 0 []\"><em><strong>2000 kg | 21,0 km\/h<\/strong><\/em><\/p>\n<p data-pm-slice=\"0 0 []\">Sistema completo de se\u00f1ales y lucea LED: Aumento de la visibildad gracias a la luz frontal, intermitentes e indicsdores de posici\u00f3n, adem\u00e1s de frenos y direcci\u00f3n en la parte trasera.<\/p>","protected":false},"featured_media":3216,"template":"","meta":{"_joinchat":[]},"product_brand":[],"product_cat":[26,34],"product_tag":[],"class_list":{"0":"post-3215","1":"product","2":"type-product","3":"status-publish","4":"has-post-thumbnail","6":"product_cat-carretillas-elevadoras","7":"product_cat-tractores-de-arrastre","9":"first","10":"instock","11":"shipping-taxable","12":"product-type-simple"},"_links":{"self":[{"href":"https:\/\/repmancarretillas.es\/de\/wp-json\/wp\/v2\/product\/3215","targetHints":{"allow":["GET"]}}],"collection":[{"href":"https:\/\/repmancarretillas.es\/de\/wp-json\/wp\/v2\/product"}],"about":[{"href":"https:\/\/repmancarretillas.es\/de\/wp-json\/wp\/v2\/types\/product"}],"version-history":[{"count":1,"href":"https:\/\/repmancarretillas.es\/de\/wp-json\/wp\/v2\/product\/3215\/revisions"}],"predecessor-version":[{"id":3224,"href":"https:\/\/repmancarretillas.es\/de\/wp-json\/wp\/v2\/product\/3215\/revisions\/3224"}],"wp:featuredmedia":[{"embeddable":true,"href":"https:\/\/repmancarretillas.es\/de\/wp-json\/wp\/v2\/media\/3216"}],"wp:attachment":[{"href":"https:\/\/repmancarretillas.es\/de\/wp-json\/wp\/v2\/media?parent=3215"}],"wp:term":[{"taxonomy":"product_brand","embeddable":true,"href":"https:\/\/repmancarretillas.es\/de\/wp-json\/wp\/v2\/product_brand?post=3215"},{"taxonomy":"product_cat","embeddable":true,"href":"https:\/\/repmancarretillas.es\/de\/wp-json\/wp\/v2\/product_cat?post=3215"},{"taxonomy":"product_tag","embeddable":true,"href":"https:\/\/repmancarretillas.es\/de\/wp-json\/wp\/v2\/product_tag?post=3215"}],"curies":[{"name":"wp","href":"https:\/\/api.w.org\/{rel}","templated":true}]}}