{"id":3196,"date":"2026-04-28T20:42:35","date_gmt":"2026-04-28T18:42:35","guid":{"rendered":"https:\/\/repmancarretillas.es\/?post_type=product&#038;p=3196"},"modified":"2026-04-28T20:46:21","modified_gmt":"2026-04-28T18:46:21","slug":"tracto-plataforma-de-1-5t-con-capacidad-de-remolque-de-10t","status":"publish","type":"product","link":"https:\/\/repmancarretillas.es\/de\/product\/tracto-plataforma-de-1-5t-con-capacidad-de-remolque-de-10t\/","title":{"rendered":"Tracto, plataforma de 1.5t con capacidad de remolque de 10t"},"content":{"rendered":"<h2>Wichtigste Vorteile.<\/h2>\n<ul>\n<li data-pm-slice=\"1 1 []\">\n<p data-pm-slice=\"1 1 []\">Tractor con plataforma dise\u00f1ado para aplicaciones intensivas en interiores y exteriores.<\/p>\n<\/li>\n<li data-pm-slice=\"1 1 []\">\n<p data-pm-slice=\"1 1 []\">Direcci\u00f3n hidr\u00e1ulica que mejora la comodidad del operador.<\/p>\n<\/li>\n<li data-pm-slice=\"1 1 []\">\n<p data-pm-slice=\"1 1 []\">Plataforma ajustable para ampliar el rango de aplicaciones.<\/p>\n<\/li>\n<li data-pm-slice=\"1 1 []\">\n<p data-pm-slice=\"1 1 []\">Alta capacidad de aceleraci\u00f3n, pendiente y respuesta de accionamiento.<\/p>\n<\/li>\n<li data-pm-slice=\"1 1 []\">\n<p data-pm-slice=\"1 1 []\">Mayor confort gracias a asientos ajustables, suspensi\u00f3n en ruedas y direcci\u00f3n por cable.<\/p>\n<\/li>\n<\/ul>\n<h2>Spezifikationen.<\/h2>\n<p data-pm-slice=\"1 1 []\">Sistema de luces y se\u00f1ales completo: Aumento de la visibildad gracias a la luz frontal, intermitentes e indicsdores de posici\u00f3n, adem\u00e1s de frenos y direcci\u00f3n en la parte trasera.<\/p>","protected":false},"excerpt":{"rendered":"<p data-pm-slice=\"0 0 []\">Tractor de arrastre compacto dise\u00f1ado para aplicaciones intensivas, de f\u00e1cil conducci\u00f3n y con plataforma ajustable para mayor versatilidad operativa.<\/p>\n<p data-pm-slice=\"0 0 []\"><em><strong>1500 kg | 18,0 km\/h<\/strong><\/em><\/p>\n<p data-pm-slice=\"0 0 []\">Conducci\u00f3n parecida a la de un veh\u00edculo: Con la columna de direcci\u00f3n ajustable, los asientos suspendidos y el sistema de direcci\u00f3n por cable, el tractor es c\u00f3modo y f\u00e1cil de conducir.<\/p>","protected":false},"featured_media":3197,"template":"","meta":{"_joinchat":[]},"product_brand":[],"product_cat":[26,34],"product_tag":[],"class_list":{"0":"post-3196","1":"product","2":"type-product","3":"status-publish","4":"has-post-thumbnail","6":"product_cat-carretillas-elevadoras","7":"product_cat-tractores-de-arrastre","9":"first","10":"instock","11":"shipping-taxable","12":"product-type-simple"},"_links":{"self":[{"href":"https:\/\/repmancarretillas.es\/de\/wp-json\/wp\/v2\/product\/3196","targetHints":{"allow":["GET"]}}],"collection":[{"href":"https:\/\/repmancarretillas.es\/de\/wp-json\/wp\/v2\/product"}],"about":[{"href":"https:\/\/repmancarretillas.es\/de\/wp-json\/wp\/v2\/types\/product"}],"version-history":[{"count":1,"href":"https:\/\/repmancarretillas.es\/de\/wp-json\/wp\/v2\/product\/3196\/revisions"}],"predecessor-version":[{"id":3205,"href":"https:\/\/repmancarretillas.es\/de\/wp-json\/wp\/v2\/product\/3196\/revisions\/3205"}],"wp:featuredmedia":[{"embeddable":true,"href":"https:\/\/repmancarretillas.es\/de\/wp-json\/wp\/v2\/media\/3197"}],"wp:attachment":[{"href":"https:\/\/repmancarretillas.es\/de\/wp-json\/wp\/v2\/media?parent=3196"}],"wp:term":[{"taxonomy":"product_brand","embeddable":true,"href":"https:\/\/repmancarretillas.es\/de\/wp-json\/wp\/v2\/product_brand?post=3196"},{"taxonomy":"product_cat","embeddable":true,"href":"https:\/\/repmancarretillas.es\/de\/wp-json\/wp\/v2\/product_cat?post=3196"},{"taxonomy":"product_tag","embeddable":true,"href":"https:\/\/repmancarretillas.es\/de\/wp-json\/wp\/v2\/product_tag?post=3196"}],"curies":[{"name":"wp","href":"https:\/\/api.w.org\/{rel}","templated":true}]}}