{"id":3148,"date":"2026-04-28T20:15:16","date_gmt":"2026-04-28T18:15:16","guid":{"rendered":"https:\/\/repmancarretillas.es\/?post_type=product&#038;p=3148"},"modified":"2026-04-28T20:22:55","modified_gmt":"2026-04-28T18:22:55","slug":"toyota-tracto-1-5t-con-sistema-de-escalon-estanteria-o-carga","status":"publish","type":"product","link":"https:\/\/repmancarretillas.es\/de\/product\/toyota-tracto-1-5t-con-sistema-de-escalon-estanteria-o-carga\/","title":{"rendered":"Toyota Tracto 1.5t con sistema de escal\u00f3n, estanter\u00eda o carga"},"content":{"rendered":"<h2>Wichtigste Vorteile.<\/h2>\n<ul>\n<li data-pm-slice=\"1 1 []\">\n<p data-pm-slice=\"1 1 []\">Dise\u00f1ado para transporte horizontal de mercanc\u00edas mediante remolque de carros en trenes log\u00edsticos.<\/p>\n<\/li>\n<li data-pm-slice=\"1 1 []\">\n<p data-pm-slice=\"1 1 []\">Alta compatibilidad con distintos sistemas de arrastre.<\/p>\n<\/li>\n<li data-pm-slice=\"1 1 []\">\n<p data-pm-slice=\"1 1 []\">Adecuado para aplicaciones de intensidad ligera y media.<\/p>\n<\/li>\n<li data-pm-slice=\"1 1 []\">\n<p data-pm-slice=\"1 1 []\">Chasis compacto para maniobras en espacios reducidos.<\/p>\n<\/li>\n<li data-pm-slice=\"1 1 []\">\n<p data-pm-slice=\"1 1 []\">Acceso seguro y de f\u00e1cil operaci\u00f3n.<\/p>\n<\/li>\n<\/ul>\n<h2>Spezifikationen.<\/h2>\n<p data-pm-slice=\"0 0 []\">Amplia gama de carros para conectar: Este modelo se puede utilizar con diversos tipos de carros que se pueden combinar para formar un tren de arrastre con hasta cuatro carros.<\/p>","protected":false},"excerpt":{"rendered":"<p data-pm-slice=\"1 1 []\">Los modelos Toyota Tracto serie N son tractores de arrastre ligeros y compactos, dise\u00f1ados para m\u00faltiples aplicaciones industriales. Incorporan un escal\u00f3n de acceso bajo y una conexi\u00f3n sencilla con el carro, permitiendo su integraci\u00f3n con carros con gancho en sistemas de tren log\u00edstico.<\/p>\n<p data-pm-slice=\"0 0 []\"><em><strong>1500 kg | 12,0 km\/h<\/strong><\/em><\/p>\n<p data-pm-slice=\"0 0 []\">Amplia gama de carros para conectar: Este modelo se puede utilizar con diversos tipos de carros que se pueden combinar para formar un tren de arrastre con hasta cuatro carros.<\/p>","protected":false},"featured_media":3149,"template":"","meta":{"_joinchat":[]},"product_brand":[],"product_cat":[26,34],"product_tag":[],"class_list":{"0":"post-3148","1":"product","2":"type-product","3":"status-publish","4":"has-post-thumbnail","6":"product_cat-carretillas-elevadoras","7":"product_cat-tractores-de-arrastre","9":"first","10":"instock","11":"shipping-taxable","12":"product-type-simple"},"_links":{"self":[{"href":"https:\/\/repmancarretillas.es\/de\/wp-json\/wp\/v2\/product\/3148","targetHints":{"allow":["GET"]}}],"collection":[{"href":"https:\/\/repmancarretillas.es\/de\/wp-json\/wp\/v2\/product"}],"about":[{"href":"https:\/\/repmancarretillas.es\/de\/wp-json\/wp\/v2\/types\/product"}],"version-history":[{"count":1,"href":"https:\/\/repmancarretillas.es\/de\/wp-json\/wp\/v2\/product\/3148\/revisions"}],"predecessor-version":[{"id":3157,"href":"https:\/\/repmancarretillas.es\/de\/wp-json\/wp\/v2\/product\/3148\/revisions\/3157"}],"wp:featuredmedia":[{"embeddable":true,"href":"https:\/\/repmancarretillas.es\/de\/wp-json\/wp\/v2\/media\/3149"}],"wp:attachment":[{"href":"https:\/\/repmancarretillas.es\/de\/wp-json\/wp\/v2\/media?parent=3148"}],"wp:term":[{"taxonomy":"product_brand","embeddable":true,"href":"https:\/\/repmancarretillas.es\/de\/wp-json\/wp\/v2\/product_brand?post=3148"},{"taxonomy":"product_cat","embeddable":true,"href":"https:\/\/repmancarretillas.es\/de\/wp-json\/wp\/v2\/product_cat?post=3148"},{"taxonomy":"product_tag","embeddable":true,"href":"https:\/\/repmancarretillas.es\/de\/wp-json\/wp\/v2\/product_tag?post=3148"}],"curies":[{"name":"wp","href":"https:\/\/api.w.org\/{rel}","templated":true}]}}