{"id":3110,"date":"2026-04-28T19:34:30","date_gmt":"2026-04-28T17:34:30","guid":{"rendered":"https:\/\/repmancarretillas.es\/?post_type=product&#038;p=3110"},"modified":"2026-04-28T19:37:51","modified_gmt":"2026-04-28T17:37:51","slug":"toyota-tracto-1t","status":"publish","type":"product","link":"https:\/\/repmancarretillas.es\/de\/product\/toyota-tracto-1t\/","title":{"rendered":"Toyota Tracto 1t"},"content":{"rendered":"<h2>Wichtigste Vorteile.<\/h2>\n<ul>\n<li data-pm-slice=\"1 1 []\">\n<p data-pm-slice=\"1 1 []\">Dise\u00f1ado para transporte horizontal de mercanc\u00edas mediante remolque de carros en trenes log\u00edsticos.<\/p>\n<\/li>\n<li data-pm-slice=\"1 1 []\">\n<p data-pm-slice=\"1 1 []\">Alta compatibilidad con distintos dispositivos de arrastre.<\/p>\n<\/li>\n<li data-pm-slice=\"1 1 []\">\n<p data-pm-slice=\"1 1 []\">Adecuado para aplicaciones de intensidad ligera y media.<\/p>\n<\/li>\n<li data-pm-slice=\"1 1 []\">\n<p data-pm-slice=\"1 1 []\">Chasis compacto para maniobras en espacios reducidos.<\/p>\n<\/li>\n<li data-pm-slice=\"1 1 []\">\n<p data-pm-slice=\"1 1 []\">Acceso al equipo f\u00e1cil y seguro.<\/p>\n<\/li>\n<\/ul>\n<h2>Spezifikationen.<\/h2>\n<p data-pm-slice=\"1 1 []\">Controles intuitivos: Nuestro tractor de arrastre incorpora un volante f\u00e1cil de operar, un tim\u00f3n con control de direcci\u00f3n integrado y acceso con c\u00f3digo PIN.<\/p>","protected":false},"excerpt":{"rendered":"<p data-pm-slice=\"0 0 []\">Los modelos Toyota Tracto serie N son tractores de arrastre ligeros y compactos, dise\u00f1ados para m\u00faltiples aplicaciones. Incorporan un escal\u00f3n de acceso bajo y una conexi\u00f3n sencilla con el carro, facilitando su integraci\u00f3n con carros con gancho en trenes log\u00edsticos.<\/p>\n<p data-pm-slice=\"0 0 []\"><em><strong>1000 kg | 105 Ah | 24 volt | 12,0 km\/h<\/strong><\/em><\/p>\n<p data-pm-slice=\"0 0 []\">Elecci\u00f3n de bater\u00edas de plomo \u00e1cido o litio: Diferentes tipos de bater\u00edas en funci\u00f3n de las necesidades del cliente: plomo \u00e1cido con facilidad de cambio de bater\u00eda o Li-Ion para carga r\u00e1pida de oportunidad.<\/p>","protected":false},"featured_media":3111,"template":"","meta":{"_joinchat":[]},"product_brand":[],"product_cat":[26,34],"product_tag":[],"class_list":{"0":"post-3110","1":"product","2":"type-product","3":"status-publish","4":"has-post-thumbnail","6":"product_cat-carretillas-elevadoras","7":"product_cat-tractores-de-arrastre","9":"first","10":"instock","11":"shipping-taxable","12":"product-type-simple"},"_links":{"self":[{"href":"https:\/\/repmancarretillas.es\/de\/wp-json\/wp\/v2\/product\/3110","targetHints":{"allow":["GET"]}}],"collection":[{"href":"https:\/\/repmancarretillas.es\/de\/wp-json\/wp\/v2\/product"}],"about":[{"href":"https:\/\/repmancarretillas.es\/de\/wp-json\/wp\/v2\/types\/product"}],"version-history":[{"count":1,"href":"https:\/\/repmancarretillas.es\/de\/wp-json\/wp\/v2\/product\/3110\/revisions"}],"predecessor-version":[{"id":3116,"href":"https:\/\/repmancarretillas.es\/de\/wp-json\/wp\/v2\/product\/3110\/revisions\/3116"}],"wp:featuredmedia":[{"embeddable":true,"href":"https:\/\/repmancarretillas.es\/de\/wp-json\/wp\/v2\/media\/3111"}],"wp:attachment":[{"href":"https:\/\/repmancarretillas.es\/de\/wp-json\/wp\/v2\/media?parent=3110"}],"wp:term":[{"taxonomy":"product_brand","embeddable":true,"href":"https:\/\/repmancarretillas.es\/de\/wp-json\/wp\/v2\/product_brand?post=3110"},{"taxonomy":"product_cat","embeddable":true,"href":"https:\/\/repmancarretillas.es\/de\/wp-json\/wp\/v2\/product_cat?post=3110"},{"taxonomy":"product_tag","embeddable":true,"href":"https:\/\/repmancarretillas.es\/de\/wp-json\/wp\/v2\/product_tag?post=3110"}],"curies":[{"name":"wp","href":"https:\/\/api.w.org\/{rel}","templated":true}]}}