{"id":3095,"date":"2026-04-28T19:26:06","date_gmt":"2026-04-28T17:26:06","guid":{"rendered":"https:\/\/repmancarretillas.es\/?post_type=product&#038;p=3095"},"modified":"2026-04-28T19:29:47","modified_gmt":"2026-04-28T17:29:47","slug":"toyota-tracto-5t","status":"publish","type":"product","link":"https:\/\/repmancarretillas.es\/de\/product\/toyota-tracto-5t\/","title":{"rendered":"Toyota Tracto 5t"},"content":{"rendered":"<h2>Beneficios clave.<\/h2>\n<ul>\n<li data-pm-slice=\"1 1 []\">\n<p data-pm-slice=\"1 1 []\">Tractora de arrastre dise\u00f1ada para transporte horizontal con operaciones frecuentes de encendido y apagado.<\/p>\n<\/li>\n<li data-pm-slice=\"1 1 []\">\n<p data-pm-slice=\"1 1 []\">Escal\u00f3n de acceso bajo y suelo opcional con amortiguaci\u00f3n de vibraciones para mayor confort.<\/p>\n<\/li>\n<li data-pm-slice=\"1 1 []\">\n<p data-pm-slice=\"1 1 []\">Sistema de control E-man reubicable en ambos lados para facilitar el manejo peatonal.<\/p>\n<\/li>\n<\/ul>\n<h2>Especificaciones.<\/h2>\n<p data-pm-slice=\"1 1 []\">Tractora de arrastre de alto rendimiento con sistema BT E-man, BT Powerdrive, escal\u00f3n bajo, enganches m\u00faltiples, telematics integrado, soporte de film estirable, opcional E-bar, bater\u00eda hasta 620 Ah y capacidad de carga de 5000 kg.<\/p>","protected":false},"excerpt":{"rendered":"<p data-pm-slice=\"1 1 []\">La serie S de Toyota Tracto es una gama de tractores de arrastre de alto rendimiento, con capacidad de hasta 5 toneladas y velocidad de hasta 12 km\/h. Est\u00e1 dise\u00f1ada para operaciones de remolque en preparaci\u00f3n de pedidos, transporte de larga distancia y procesos de fabricaci\u00f3n ajustada. Disponible tambi\u00e9n con bater\u00eda de iones de litio para turnos prolongados y carga de oportunidad.<\/p>\n<p data-pm-slice=\"0 0 []\"><em><strong>5000 kg | 620 Ah | 11,0 km\/h | Carretilla inteligente<\/strong><\/em><\/p>\n<p data-pm-slice=\"0 0 []\">Carretilla inteligente: Las carretillas inteligentes incluyen hardware telem\u00e1tico de serie. Estas carretillas pueden conectarse f\u00e1cilmente con I_Site de Toyota, que ofrece informaci\u00f3n sobre la gesti\u00f3n de la bater\u00eda, la geolocalizaci\u00f3n, los impactos y mucho m\u00e1s.<\/p>","protected":false},"featured_media":3096,"template":"","meta":{"_joinchat":[]},"product_brand":[],"product_cat":[26,34],"product_tag":[],"class_list":{"0":"post-3095","1":"product","2":"type-product","3":"status-publish","4":"has-post-thumbnail","6":"product_cat-carretillas-elevadoras","7":"product_cat-tractores-de-arrastre","9":"first","10":"instock","11":"shipping-taxable","12":"product-type-simple"},"_links":{"self":[{"href":"https:\/\/repmancarretillas.es\/de\/wp-json\/wp\/v2\/product\/3095","targetHints":{"allow":["GET"]}}],"collection":[{"href":"https:\/\/repmancarretillas.es\/de\/wp-json\/wp\/v2\/product"}],"about":[{"href":"https:\/\/repmancarretillas.es\/de\/wp-json\/wp\/v2\/types\/product"}],"version-history":[{"count":1,"href":"https:\/\/repmancarretillas.es\/de\/wp-json\/wp\/v2\/product\/3095\/revisions"}],"predecessor-version":[{"id":3099,"href":"https:\/\/repmancarretillas.es\/de\/wp-json\/wp\/v2\/product\/3095\/revisions\/3099"}],"wp:featuredmedia":[{"embeddable":true,"href":"https:\/\/repmancarretillas.es\/de\/wp-json\/wp\/v2\/media\/3096"}],"wp:attachment":[{"href":"https:\/\/repmancarretillas.es\/de\/wp-json\/wp\/v2\/media?parent=3095"}],"wp:term":[{"taxonomy":"product_brand","embeddable":true,"href":"https:\/\/repmancarretillas.es\/de\/wp-json\/wp\/v2\/product_brand?post=3095"},{"taxonomy":"product_cat","embeddable":true,"href":"https:\/\/repmancarretillas.es\/de\/wp-json\/wp\/v2\/product_cat?post=3095"},{"taxonomy":"product_tag","embeddable":true,"href":"https:\/\/repmancarretillas.es\/de\/wp-json\/wp\/v2\/product_tag?post=3095"}],"curies":[{"name":"wp","href":"https:\/\/api.w.org\/{rel}","templated":true}]}}