{"id":3074,"date":"2026-04-28T19:17:26","date_gmt":"2026-04-28T17:17:26","guid":{"rendered":"https:\/\/repmancarretillas.es\/?post_type=product&#038;p=3074"},"modified":"2026-04-28T19:21:19","modified_gmt":"2026-04-28T17:21:19","slug":"tracto-1-2t","status":"publish","type":"product","link":"https:\/\/repmancarretillas.es\/de\/product\/tracto-1-2t\/","title":{"rendered":"Tracto 1.2t"},"content":{"rendered":"<h2>Beneficios clave.<\/h2>\n<ul>\n<li data-pm-slice=\"1 1 []\">\n<p data-pm-slice=\"1 1 []\">Incrementa la productividad en el traslado de jaulas y contenedores.<\/p>\n<\/li>\n<li data-pm-slice=\"1 1 []\">\n<p data-pm-slice=\"1 1 []\">Dise\u00f1o altamente ergon\u00f3mico para el operador.<\/p>\n<\/li>\n<li data-pm-slice=\"1 1 []\">\n<p data-pm-slice=\"1 1 []\">Manipulaci\u00f3n segura y controlada en espacios reducidos.<\/p>\n<\/li>\n<li data-pm-slice=\"1 1 []\">\n<p data-pm-slice=\"1 1 []\">Excelente visibilidad de la carga durante la operaci\u00f3n.<\/p>\n<\/li>\n<li data-pm-slice=\"1 1 []\">\n<p data-pm-slice=\"1 1 []\">Amplia variedad de enganches seg\u00fan las necesidades.<\/p>\n<\/li>\n<\/ul>\n<h2>Especificaciones.<\/h2>\n<p data-pm-slice=\"1 1 []\">Ruedas antipinchazos: Al transportar mercanc\u00edas pesadas en giros, el aire se distribuye de forma \u00f3ptima dentro de la rueda para conseguir una mejor tracci\u00f3n.<\/p>","protected":false},"excerpt":{"rendered":"<p data-pm-slice=\"1 1 []\">Tractores de arrastre con conductor acompa\u00f1ante dise\u00f1ados para el transporte de jaulas, contenedores y equipos log\u00edsticos sobre ruedas, facilitando el traslado eficiente de mercanc\u00edas con esfuerzo m\u00ednimo y alta ergonom\u00eda.<\/p>\n<p data-pm-slice=\"0 0 []\"><em><strong>1200 kg | 5,0 km\/h<\/strong><\/em><\/p>\n<p data-pm-slice=\"0 0 []\">Cierre el\u00e9ctrico en el enganche (opcional): Esta opci\u00f3n puede ser de gran utilidad para terrenos desiguales y pendientes. La jaula se bloquea y desbloquea a trav\u00e9s de un bot\u00f3n situado en el brazo tim\u00f3n. Altura m\u00edn\/m\u00e1x de la jaula: 100-200 mm. Ancho de perfil de la jaula: 20-120 mm.<\/p>","protected":false},"featured_media":3075,"template":"","meta":{"_joinchat":[]},"product_brand":[],"product_cat":[26,34],"product_tag":[],"class_list":{"0":"post-3074","1":"product","2":"type-product","3":"status-publish","4":"has-post-thumbnail","6":"product_cat-carretillas-elevadoras","7":"product_cat-tractores-de-arrastre","9":"first","10":"instock","11":"shipping-taxable","12":"product-type-simple"},"_links":{"self":[{"href":"https:\/\/repmancarretillas.es\/de\/wp-json\/wp\/v2\/product\/3074","targetHints":{"allow":["GET"]}}],"collection":[{"href":"https:\/\/repmancarretillas.es\/de\/wp-json\/wp\/v2\/product"}],"about":[{"href":"https:\/\/repmancarretillas.es\/de\/wp-json\/wp\/v2\/types\/product"}],"version-history":[{"count":1,"href":"https:\/\/repmancarretillas.es\/de\/wp-json\/wp\/v2\/product\/3074\/revisions"}],"predecessor-version":[{"id":3083,"href":"https:\/\/repmancarretillas.es\/de\/wp-json\/wp\/v2\/product\/3074\/revisions\/3083"}],"wp:featuredmedia":[{"embeddable":true,"href":"https:\/\/repmancarretillas.es\/de\/wp-json\/wp\/v2\/media\/3075"}],"wp:attachment":[{"href":"https:\/\/repmancarretillas.es\/de\/wp-json\/wp\/v2\/media?parent=3074"}],"wp:term":[{"taxonomy":"product_brand","embeddable":true,"href":"https:\/\/repmancarretillas.es\/de\/wp-json\/wp\/v2\/product_brand?post=3074"},{"taxonomy":"product_cat","embeddable":true,"href":"https:\/\/repmancarretillas.es\/de\/wp-json\/wp\/v2\/product_cat?post=3074"},{"taxonomy":"product_tag","embeddable":true,"href":"https:\/\/repmancarretillas.es\/de\/wp-json\/wp\/v2\/product_tag?post=3074"}],"curies":[{"name":"wp","href":"https:\/\/api.w.org\/{rel}","templated":true}]}}