{"id":2992,"date":"2026-04-28T18:21:35","date_gmt":"2026-04-28T16:21:35","guid":{"rendered":"https:\/\/repmancarretillas.es\/?post_type=product&#038;p=2992"},"modified":"2026-04-28T18:25:37","modified_gmt":"2026-04-28T16:25:37","slug":"toyota-tonero-hst-glp-2-5t-500mm-lc","status":"publish","type":"product","link":"https:\/\/repmancarretillas.es\/de\/product\/toyota-tonero-hst-glp-2-5t-500mm-lc\/","title":{"rendered":"Toyota Tonero HST GLP 2.5t 500mm LC"},"content":{"rendered":"<h2>Wichtigste Vorteile.<\/h2>\n<ul>\n<li data-pm-slice=\"1 1 []\">\n<p data-pm-slice=\"1 1 []\">Dise\u00f1ada para manipulaci\u00f3n de materiales en interiores y exteriores en aplicaciones moderadas y exigentes.<\/p>\n<\/li>\n<li data-pm-slice=\"1 1 []\">\n<p data-pm-slice=\"1 1 []\">Adecuada para trabajos de manejo ligero en entornos exteriores de alta exigencia.<\/p>\n<\/li>\n<li data-pm-slice=\"1 1 []\">\n<p data-pm-slice=\"1 1 []\">Motor GLP industrial Toyota, potente y altamente fiable.<\/p>\n<\/li>\n<li data-pm-slice=\"1 1 []\">\n<p data-pm-slice=\"1 1 []\">Excelente visibilidad de las horquillas a cualquier altura para operaciones seguras.<\/p>\n<\/li>\n<li data-pm-slice=\"1 1 []\">\n<p data-pm-slice=\"1 1 []\">Sistema de Estabilidad Activa (SAS) que mejora el control y la estabilidad.<\/p>\n<\/li>\n<\/ul>\n<h2>Spezifikationen.<\/h2>\n<p data-pm-slice=\"1 1 []\">Carretilla elevadora con transmisi\u00f3n hidrost\u00e1tica, sistemas SAS, OPS y asiento ORS, m\u00e1stil de alta visibilidad, frenos de discos h\u00famedos, direcci\u00f3n hidr\u00e1ulica, ruedas neum\u00e1ticas, luces LED y capacidad de carga de 2500 kg.<\/p>","protected":false},"excerpt":{"rendered":"<p data-pm-slice=\"1 1 []\">La Toyota Tonero es una gama de carretillas contrapesadas de combusti\u00f3n interna dise\u00f1ada para una amplia variedad de aplicaciones. Ofrece estabilidad, rendimiento y productividad tanto en trabajos ligeros como exigentes en exteriores. Su dise\u00f1o prioriza la comodidad del operador y una excelente visibilidad panor\u00e1mica gracias a sus cabinas. La transmisi\u00f3n hidrost\u00e1tica proporciona un control preciso con frenado autom\u00e1tico al soltar el acelerador.<\/p>\n<p data-pm-slice=\"1 1 []\"><em><strong>2500 kg | 6500 mm | 19,0 km\/h<\/strong><\/em><\/p>\n<p data-pm-slice=\"1 1 []\">La potencia Toyota: Dise\u00f1o propio de los motores espec\u00edficamente para aplicaciones industriales y permiten una r\u00e1pida aceleraci\u00f3n con una eficiencia de combustible \u00f3ptima.<\/p>","protected":false},"featured_media":2993,"template":"","meta":{"_joinchat":[]},"product_brand":[],"product_cat":[26,33],"product_tag":[],"class_list":{"0":"post-2992","1":"product","2":"type-product","3":"status-publish","4":"has-post-thumbnail","6":"product_cat-carretillas-elevadoras","7":"product_cat-contrapesadas-ci","9":"first","10":"instock","11":"shipping-taxable","12":"product-type-simple"},"_links":{"self":[{"href":"https:\/\/repmancarretillas.es\/de\/wp-json\/wp\/v2\/product\/2992","targetHints":{"allow":["GET"]}}],"collection":[{"href":"https:\/\/repmancarretillas.es\/de\/wp-json\/wp\/v2\/product"}],"about":[{"href":"https:\/\/repmancarretillas.es\/de\/wp-json\/wp\/v2\/types\/product"}],"version-history":[{"count":1,"href":"https:\/\/repmancarretillas.es\/de\/wp-json\/wp\/v2\/product\/2992\/revisions"}],"predecessor-version":[{"id":3000,"href":"https:\/\/repmancarretillas.es\/de\/wp-json\/wp\/v2\/product\/2992\/revisions\/3000"}],"wp:featuredmedia":[{"embeddable":true,"href":"https:\/\/repmancarretillas.es\/de\/wp-json\/wp\/v2\/media\/2993"}],"wp:attachment":[{"href":"https:\/\/repmancarretillas.es\/de\/wp-json\/wp\/v2\/media?parent=2992"}],"wp:term":[{"taxonomy":"product_brand","embeddable":true,"href":"https:\/\/repmancarretillas.es\/de\/wp-json\/wp\/v2\/product_brand?post=2992"},{"taxonomy":"product_cat","embeddable":true,"href":"https:\/\/repmancarretillas.es\/de\/wp-json\/wp\/v2\/product_cat?post=2992"},{"taxonomy":"product_tag","embeddable":true,"href":"https:\/\/repmancarretillas.es\/de\/wp-json\/wp\/v2\/product_tag?post=2992"}],"curies":[{"name":"wp","href":"https:\/\/api.w.org\/{rel}","templated":true}]}}