{"id":2944,"date":"2026-04-28T17:55:08","date_gmt":"2026-04-28T15:55:08","guid":{"rendered":"https:\/\/repmancarretillas.es\/?post_type=product&#038;p=2944"},"modified":"2026-04-28T17:58:48","modified_gmt":"2026-04-28T15:58:48","slug":"toyota-tonero-tc-diesel-3t-500mm-lc","status":"publish","type":"product","link":"https:\/\/repmancarretillas.es\/de\/product\/toyota-tonero-tc-diesel-3t-500mm-lc\/","title":{"rendered":"Toyota Tonero TC Diesel 3t 500mm LC"},"content":{"rendered":"<h2>Wichtigste Vorteile.<\/h2>\n<ul>\n<li data-pm-slice=\"1 1 []\">\n<p data-pm-slice=\"1 1 []\">Dise\u00f1ada para manipulaci\u00f3n de materiales en exteriores en aplicaciones moderadas y exigentes.<\/p>\n<\/li>\n<li data-pm-slice=\"1 1 []\">\n<p data-pm-slice=\"1 1 []\">Transmisi\u00f3n con convertidor de par que garantiza una conducci\u00f3n suave y eficiente.<\/p>\n<\/li>\n<li data-pm-slice=\"1 1 []\">\n<p data-pm-slice=\"1 1 []\">Motor di\u00e9sel industrial Toyota, potente y altamente fiable.<\/p>\n<\/li>\n<li data-pm-slice=\"1 1 []\">\n<p data-pm-slice=\"1 1 []\">Excelente visibilidad de las horquillas a cualquier altura para una operaci\u00f3n segura.<\/p>\n<\/li>\n<li data-pm-slice=\"1 1 []\">\n<p data-pm-slice=\"1 1 []\">Sistema de Estabilidad Activa (SAS) que mejora el control y la estabilidad.<\/p>\n<\/li>\n<\/ul>\n<h2>Spezifikationen.<\/h2>\n<p data-pm-slice=\"0 0 []\">Incluye sistemas SAS, OPS y asiento ORS para seguridad del operador. M\u00e1stil de alta visibilidad de 3000 mm, apoyacargas de 1220 mm, horquillas estrechas y barra larga. Sistema de frenos de discos h\u00famedos, direcci\u00f3n hidr\u00e1ulica, ruedas neum\u00e1ticas, luces LED y display con autodiagn\u00f3stico. Capacidad de carga 3000 kg, altura de elevaci\u00f3n 7000 mm y velocidad m\u00e1xima 19,0 km\/h.<\/p>","protected":false},"excerpt":{"rendered":"<p data-pm-slice=\"1 1 []\">\u00bfBusca una carretilla elevadora di\u00e9sel potente para operaciones intensivas en exteriores? La Toyota Tonero ofrece fiabilidad, durabilidad y excelente maniobrabilidad, garantizando alto rendimiento en aplicaciones desde ligeras hasta exigentes.<\/p>\n<p data-pm-slice=\"1 1 []\"><em><strong>3000 kg | 7000 mm | 19,0 km\/h<\/strong><\/em><\/p>\n<p data-pm-slice=\"1 1 []\">Excelente visibilidad de todo el entorno: El m\u00e1stil permite a los operadores una excelente visi\u00f3n sobre la carga y el entorno.<\/p>","protected":false},"featured_media":2945,"template":"","meta":{"_joinchat":[]},"product_brand":[],"product_cat":[26,33],"product_tag":[],"class_list":{"0":"post-2944","1":"product","2":"type-product","3":"status-publish","4":"has-post-thumbnail","6":"product_cat-carretillas-elevadoras","7":"product_cat-contrapesadas-ci","9":"first","10":"instock","11":"shipping-taxable","12":"product-type-simple"},"_links":{"self":[{"href":"https:\/\/repmancarretillas.es\/de\/wp-json\/wp\/v2\/product\/2944","targetHints":{"allow":["GET"]}}],"collection":[{"href":"https:\/\/repmancarretillas.es\/de\/wp-json\/wp\/v2\/product"}],"about":[{"href":"https:\/\/repmancarretillas.es\/de\/wp-json\/wp\/v2\/types\/product"}],"version-history":[{"count":1,"href":"https:\/\/repmancarretillas.es\/de\/wp-json\/wp\/v2\/product\/2944\/revisions"}],"predecessor-version":[{"id":2952,"href":"https:\/\/repmancarretillas.es\/de\/wp-json\/wp\/v2\/product\/2944\/revisions\/2952"}],"wp:featuredmedia":[{"embeddable":true,"href":"https:\/\/repmancarretillas.es\/de\/wp-json\/wp\/v2\/media\/2945"}],"wp:attachment":[{"href":"https:\/\/repmancarretillas.es\/de\/wp-json\/wp\/v2\/media?parent=2944"}],"wp:term":[{"taxonomy":"product_brand","embeddable":true,"href":"https:\/\/repmancarretillas.es\/de\/wp-json\/wp\/v2\/product_brand?post=2944"},{"taxonomy":"product_cat","embeddable":true,"href":"https:\/\/repmancarretillas.es\/de\/wp-json\/wp\/v2\/product_cat?post=2944"},{"taxonomy":"product_tag","embeddable":true,"href":"https:\/\/repmancarretillas.es\/de\/wp-json\/wp\/v2\/product_tag?post=2944"}],"curies":[{"name":"wp","href":"https:\/\/api.w.org\/{rel}","templated":true}]}}