{"id":2857,"date":"2026-04-28T16:55:05","date_gmt":"2026-04-28T14:55:05","guid":{"rendered":"https:\/\/repmancarretillas.es\/?post_type=product&#038;p=2857"},"modified":"2026-04-28T16:59:19","modified_gmt":"2026-04-28T14:59:19","slug":"toyota-tonero-tc-glp-7t-600mm-lc","status":"publish","type":"product","link":"https:\/\/repmancarretillas.es\/de\/product\/toyota-tonero-tc-glp-7t-600mm-lc\/","title":{"rendered":"Toyota Tonero TC GLP 7t 600mm LC"},"content":{"rendered":"<h2>Wichtigste Vorteile.<\/h2>\n<ul>\n<li data-pm-slice=\"1 1 []\">\n<p data-pm-slice=\"1 1 []\">Ideal para trabajos exigentes en exteriores y cargas m\u00faltiples<\/p>\n<\/li>\n<li data-pm-slice=\"1 1 []\">\n<p data-pm-slice=\"1 1 []\">Transmisi\u00f3n por convertidor de par para conducci\u00f3n suave<\/p>\n<\/li>\n<li data-pm-slice=\"1 1 []\">\n<p data-pm-slice=\"1 1 []\">Motor GLP Toyota potente y fiable<\/p>\n<\/li>\n<li data-pm-slice=\"1 1 []\">\n<p data-pm-slice=\"1 1 []\">Excelente visibilidad en todas las alturas<\/p>\n<\/li>\n<li data-pm-slice=\"1 1 []\">\n<p data-pm-slice=\"1 1 []\">Sistema SAS para mayor seguridad<\/p>\n<\/li>\n<\/ul>\n<h2>Spezifikationen.<\/h2>\n<p data-pm-slice=\"0 0 []\">Toyota SAS y OPS, ORS, capacidad 7000 kg, transmisi\u00f3n hidrodin\u00e1mica, m\u00e1stil 3000 mm, horquillas 1200 mm, freno doble, direcci\u00f3n hidr\u00e1ulica, LED, autodiagn\u00f3stico, elevaci\u00f3n 6000 mm y columna ajustable.<\/p>","protected":false},"excerpt":{"rendered":"<p data-pm-slice=\"1 1 []\">\u00bfBusca una carretilla GLP fiable y productiva? La Toyota Tonero es ideal para trabajos intensivos en exteriores, con gran maniobrabilidad y alto rendimiento operativo.<\/p>\n<p data-pm-slice=\"1 1 []\"><em><strong>7000 kg | 6000 mm | 21,0 km\/h<\/strong><\/em><\/p>\n<p data-pm-slice=\"1 1 []\">Motores industriales lean de Toyota: El motor 1FS est\u00e1 dise\u00f1ado internamente para aplicaciones industriales y permite una r\u00e1pida aceleraci\u00f3n. Combina eficiencia de combustible, bajo mantenimiento y alta durabilidad. El 1FS incluye un filtro para operaciones m\u00e1s limpias y magras, superando la normativa Stage V.<\/p>","protected":false},"featured_media":2858,"template":"","meta":{"_joinchat":[]},"product_brand":[],"product_cat":[26,33],"product_tag":[],"class_list":{"0":"post-2857","1":"product","2":"type-product","3":"status-publish","4":"has-post-thumbnail","6":"product_cat-carretillas-elevadoras","7":"product_cat-contrapesadas-ci","9":"first","10":"instock","11":"shipping-taxable","12":"product-type-simple"},"_links":{"self":[{"href":"https:\/\/repmancarretillas.es\/de\/wp-json\/wp\/v2\/product\/2857","targetHints":{"allow":["GET"]}}],"collection":[{"href":"https:\/\/repmancarretillas.es\/de\/wp-json\/wp\/v2\/product"}],"about":[{"href":"https:\/\/repmancarretillas.es\/de\/wp-json\/wp\/v2\/types\/product"}],"version-history":[{"count":1,"href":"https:\/\/repmancarretillas.es\/de\/wp-json\/wp\/v2\/product\/2857\/revisions"}],"predecessor-version":[{"id":2866,"href":"https:\/\/repmancarretillas.es\/de\/wp-json\/wp\/v2\/product\/2857\/revisions\/2866"}],"wp:featuredmedia":[{"embeddable":true,"href":"https:\/\/repmancarretillas.es\/de\/wp-json\/wp\/v2\/media\/2858"}],"wp:attachment":[{"href":"https:\/\/repmancarretillas.es\/de\/wp-json\/wp\/v2\/media?parent=2857"}],"wp:term":[{"taxonomy":"product_brand","embeddable":true,"href":"https:\/\/repmancarretillas.es\/de\/wp-json\/wp\/v2\/product_brand?post=2857"},{"taxonomy":"product_cat","embeddable":true,"href":"https:\/\/repmancarretillas.es\/de\/wp-json\/wp\/v2\/product_cat?post=2857"},{"taxonomy":"product_tag","embeddable":true,"href":"https:\/\/repmancarretillas.es\/de\/wp-json\/wp\/v2\/product_tag?post=2857"}],"curies":[{"name":"wp","href":"https:\/\/api.w.org\/{rel}","templated":true}]}}