{"id":2785,"date":"2026-04-28T16:13:02","date_gmt":"2026-04-28T14:13:02","guid":{"rendered":"https:\/\/repmancarretillas.es\/?post_type=product&#038;p=2785"},"modified":"2026-04-28T16:17:26","modified_gmt":"2026-04-28T14:17:26","slug":"toyota-tonero-tc-glp-2t-500mm-lc-compact","status":"publish","type":"product","link":"https:\/\/repmancarretillas.es\/de\/product\/toyota-tonero-tc-glp-2t-500mm-lc-compact\/","title":{"rendered":"Toyota Tonero TC GLP 2t 500mm LC Compact"},"content":{"rendered":"<h2>Wichtigste Vorteile.<\/h2>\n<ul>\n<li data-pm-slice=\"1 1 []\">\n<p data-pm-slice=\"1 1 []\">Ideal para trabajos de manipulaci\u00f3n en interiores y exteriores<\/p>\n<\/li>\n<li data-pm-slice=\"1 1 []\">\n<p data-pm-slice=\"1 1 []\">Adecuada para aplicaciones ligeras y moderadas<\/p>\n<\/li>\n<li data-pm-slice=\"1 1 []\">\n<p data-pm-slice=\"1 1 []\">Transmisi\u00f3n por convertidor de par para conducci\u00f3n suave<\/p>\n<\/li>\n<li data-pm-slice=\"1 1 []\">\n<p data-pm-slice=\"1 1 []\">Motor GLP Toyota potente y fiable<\/p>\n<\/li>\n<li data-pm-slice=\"1 1 []\">\n<p data-pm-slice=\"1 1 []\">Sistema SAS para mayor seguridad<\/p>\n<\/li>\n<\/ul>\n<h2>Spezifikationen.<\/h2>\n<p data-pm-slice=\"1 1 []\">Toyota SAS y OPS, ORS, capacidad 2000 kg, elevaci\u00f3n 7000 mm, m\u00e1stil 3000 mm, horquillas 1000 mm, frenos h\u00famedos, direcci\u00f3n hidr\u00e1ulica, luces LED, autodiagn\u00f3stico e inclinaci\u00f3n ajustable.<\/p>","protected":false},"excerpt":{"rendered":"<p data-pm-slice=\"1 1 []\">\u00bfBusca una carretilla de combusti\u00f3n interna fiable y productiva? La Toyota Tonero GLP ofrece gran rendimiento en interiores y exteriores, con excelente maniobrabilidad y eficiencia operativa.<\/p>\n<p data-pm-slice=\"1 1 []\"><em><strong>2000 kg | 7000 mm | 17,5 km\/h<\/strong><\/em><\/p>\n<p data-pm-slice=\"1 1 []\">La potencia Toyota: Dise\u00f1o propio de los motores espec\u00edficamente para aplicaciones industriales y permiten una r\u00e1pida aceleraci\u00f3n con una eficiencia de combustible \u00f3ptima.<\/p>","protected":false},"featured_media":2786,"template":"","meta":{"_joinchat":[]},"product_brand":[],"product_cat":[26,33],"product_tag":[],"class_list":{"0":"post-2785","1":"product","2":"type-product","3":"status-publish","4":"has-post-thumbnail","6":"product_cat-carretillas-elevadoras","7":"product_cat-contrapesadas-ci","9":"first","10":"instock","11":"shipping-taxable","12":"product-type-simple"},"_links":{"self":[{"href":"https:\/\/repmancarretillas.es\/de\/wp-json\/wp\/v2\/product\/2785","targetHints":{"allow":["GET"]}}],"collection":[{"href":"https:\/\/repmancarretillas.es\/de\/wp-json\/wp\/v2\/product"}],"about":[{"href":"https:\/\/repmancarretillas.es\/de\/wp-json\/wp\/v2\/types\/product"}],"version-history":[{"count":1,"href":"https:\/\/repmancarretillas.es\/de\/wp-json\/wp\/v2\/product\/2785\/revisions"}],"predecessor-version":[{"id":2792,"href":"https:\/\/repmancarretillas.es\/de\/wp-json\/wp\/v2\/product\/2785\/revisions\/2792"}],"wp:featuredmedia":[{"embeddable":true,"href":"https:\/\/repmancarretillas.es\/de\/wp-json\/wp\/v2\/media\/2786"}],"wp:attachment":[{"href":"https:\/\/repmancarretillas.es\/de\/wp-json\/wp\/v2\/media?parent=2785"}],"wp:term":[{"taxonomy":"product_brand","embeddable":true,"href":"https:\/\/repmancarretillas.es\/de\/wp-json\/wp\/v2\/product_brand?post=2785"},{"taxonomy":"product_cat","embeddable":true,"href":"https:\/\/repmancarretillas.es\/de\/wp-json\/wp\/v2\/product_cat?post=2785"},{"taxonomy":"product_tag","embeddable":true,"href":"https:\/\/repmancarretillas.es\/de\/wp-json\/wp\/v2\/product_tag?post=2785"}],"curies":[{"name":"wp","href":"https:\/\/api.w.org\/{rel}","templated":true}]}}