{"id":2766,"date":"2026-04-28T16:04:42","date_gmt":"2026-04-28T14:04:42","guid":{"rendered":"https:\/\/repmancarretillas.es\/?post_type=product&#038;p=2766"},"modified":"2026-04-28T16:07:42","modified_gmt":"2026-04-28T14:07:42","slug":"toyota-tonero-tc-diesel-7t-600mm-lc","status":"publish","type":"product","link":"https:\/\/repmancarretillas.es\/de\/product\/toyota-tonero-tc-diesel-7t-600mm-lc\/","title":{"rendered":"Toyota Tonero TC Diesel 7t 600mm LC"},"content":{"rendered":"<h2>Wichtigste Vorteile.<\/h2>\n<ul>\n<li data-pm-slice=\"1 1 []\">\n<p data-pm-slice=\"1 1 []\">Ideal para trabajos exigentes en exteriores y cargas m\u00faltiples<\/p>\n<\/li>\n<li data-pm-slice=\"1 1 []\">\n<p data-pm-slice=\"1 1 []\">Transmisi\u00f3n por convertidor de par para conducci\u00f3n suave<\/p>\n<\/li>\n<li data-pm-slice=\"1 1 []\">\n<p data-pm-slice=\"1 1 []\">Motor di\u00e9sel Toyota potente y fiable<\/p>\n<\/li>\n<li data-pm-slice=\"1 1 []\">\n<p data-pm-slice=\"1 1 []\">Excelente visibilidad para manipulaci\u00f3n segura<\/p>\n<\/li>\n<li data-pm-slice=\"1 1 []\">\n<p data-pm-slice=\"1 1 []\">Sistema SAS para mayor estabilidad<\/p>\n<\/li>\n<\/ul>\n<h2>Spezifikationen.<\/h2>\n<p data-pm-slice=\"1 1 []\">Toyota SAS y OPS, capacidad 5000\u20134500 kg, transmisi\u00f3n hidrodin\u00e1mica, ORS, m\u00e1stil 3000 mm, horquillas 1000 mm, freno doble, direcci\u00f3n hidr\u00e1ulica, LED, autodiagn\u00f3stico y columna ajustable.<\/p>","protected":false},"excerpt":{"rendered":"<p data-pm-slice=\"1 1 []\">\u00bfBusca una carretilla di\u00e9sel potente para exteriores? La Toyota Tonero ofrece fiabilidad, durabilidad y gran maniobrabilidad para operaciones exigentes y de alta productividad.<\/p>\n<p data-pm-slice=\"1 1 []\"><em><strong>7000 kg | 6000 mm | 21,0 km\/h<\/strong><\/em><\/p>\n<p data-pm-slice=\"1 1 []\">Sistema de Estabilidad Activa (SAS): El primer sistema activo para controlar la estabilidad de la carretilla elevadora. SAS proporciona tecnolog\u00eda avanzada para una estabilidad inigualable de la carretilla que aumenta la seguridad y la productividad durante la manipulaci\u00f3n de la carga.<\/p>","protected":false},"featured_media":2767,"template":"","meta":{"_joinchat":[]},"product_brand":[],"product_cat":[26,33],"product_tag":[],"class_list":{"0":"post-2766","1":"product","2":"type-product","3":"status-publish","4":"has-post-thumbnail","6":"product_cat-carretillas-elevadoras","7":"product_cat-contrapesadas-ci","9":"first","10":"instock","11":"shipping-taxable","12":"product-type-simple"},"_links":{"self":[{"href":"https:\/\/repmancarretillas.es\/de\/wp-json\/wp\/v2\/product\/2766","targetHints":{"allow":["GET"]}}],"collection":[{"href":"https:\/\/repmancarretillas.es\/de\/wp-json\/wp\/v2\/product"}],"about":[{"href":"https:\/\/repmancarretillas.es\/de\/wp-json\/wp\/v2\/types\/product"}],"version-history":[{"count":1,"href":"https:\/\/repmancarretillas.es\/de\/wp-json\/wp\/v2\/product\/2766\/revisions"}],"predecessor-version":[{"id":2774,"href":"https:\/\/repmancarretillas.es\/de\/wp-json\/wp\/v2\/product\/2766\/revisions\/2774"}],"wp:featuredmedia":[{"embeddable":true,"href":"https:\/\/repmancarretillas.es\/de\/wp-json\/wp\/v2\/media\/2767"}],"wp:attachment":[{"href":"https:\/\/repmancarretillas.es\/de\/wp-json\/wp\/v2\/media?parent=2766"}],"wp:term":[{"taxonomy":"product_brand","embeddable":true,"href":"https:\/\/repmancarretillas.es\/de\/wp-json\/wp\/v2\/product_brand?post=2766"},{"taxonomy":"product_cat","embeddable":true,"href":"https:\/\/repmancarretillas.es\/de\/wp-json\/wp\/v2\/product_cat?post=2766"},{"taxonomy":"product_tag","embeddable":true,"href":"https:\/\/repmancarretillas.es\/de\/wp-json\/wp\/v2\/product_tag?post=2766"}],"curies":[{"name":"wp","href":"https:\/\/api.w.org\/{rel}","templated":true}]}}