{"id":2692,"date":"2026-04-28T03:14:56","date_gmt":"2026-04-28T01:14:56","guid":{"rendered":"https:\/\/repmancarretillas.es\/?post_type=product&#038;p=2692"},"modified":"2026-04-28T03:18:59","modified_gmt":"2026-04-28T01:18:59","slug":"toyota-traigo-80-4-ruedas-4-5-toneladas-centro-de-carga-extendido","status":"publish","type":"product","link":"https:\/\/repmancarretillas.es\/de\/product\/toyota-traigo-80-4-ruedas-4-5-toneladas-centro-de-carga-extendido\/","title":{"rendered":"Toyota Traigo 80, 4 ruedas, 4.5 toneladas, centro de carga extendido"},"content":{"rendered":"<h2>Wichtigste Vorteile.<\/h2>\n<ul>\n<li data-pm-slice=\"1 1 []\">\n<p data-pm-slice=\"1 1 []\">Chasis robusto para m\u00e1xima resistencia y durabilidad<\/p>\n<\/li>\n<li data-pm-slice=\"1 1 []\">\n<p data-pm-slice=\"1 1 []\">Centro de carga de 600 mm para cargas grandes o m\u00faltiples palets<\/p>\n<\/li>\n<li data-pm-slice=\"1 1 []\">\n<p data-pm-slice=\"1 1 []\">Bater\u00eda de alta capacidad para turnos prolongados<\/p>\n<\/li>\n<li data-pm-slice=\"1 1 []\">\n<p data-pm-slice=\"1 1 []\">Opciones energ\u00e9ticas flexibles<\/p>\n<\/li>\n<li data-pm-slice=\"1 1 []\">\n<p data-pm-slice=\"1 1 []\">Sistema SAS para mayor seguridad<\/p>\n<\/li>\n<\/ul>\n<h2>Spezifikationen.<\/h2>\n<p data-pm-slice=\"1 1 []\">Toyota SAS, sistema AC, ORS y OPS, m\u00e1stil 3300 mm, horquillas 1000\u20131200 mm, frenos h\u00famedos, direcci\u00f3n hidr\u00e1ulica, pantalla t\u00e1ctil, cabina suspendida, cambio lateral de bater\u00eda seguro.<\/p>","protected":false},"excerpt":{"rendered":"<p data-pm-slice=\"0 0 []\">Estas carretillas el\u00e9ctricas de gran tonelaje ofrecen alta fiabilidad en operaciones intensivas como la industria de bebidas, permitiendo la manipulaci\u00f3n eficiente de m\u00faltiples palets con gran rendimiento.<\/p>\n<p data-pm-slice=\"1 1 []\"><em><strong>4500 kg | 6500 mm | 80 volt | 20,0 km\/h<\/strong><\/em><\/p>\n<p data-pm-slice=\"1 1 []\">Seguridad primero: El sistema de estabilidad activa SAS, junto con otras opciones de seguridad como las luces rojas laterales, SEnS+, la c\u00e1mara trasera y las luces azules, est\u00e1n disponibles.<\/p>","protected":false},"featured_media":2693,"template":"","meta":{"_joinchat":[]},"product_brand":[],"product_cat":[26,32],"product_tag":[],"class_list":{"0":"post-2692","1":"product","2":"type-product","3":"status-publish","4":"has-post-thumbnail","6":"product_cat-carretillas-elevadoras","7":"product_cat-contrapesadas-electricas","9":"first","10":"instock","11":"shipping-taxable","12":"product-type-simple"},"_links":{"self":[{"href":"https:\/\/repmancarretillas.es\/de\/wp-json\/wp\/v2\/product\/2692","targetHints":{"allow":["GET"]}}],"collection":[{"href":"https:\/\/repmancarretillas.es\/de\/wp-json\/wp\/v2\/product"}],"about":[{"href":"https:\/\/repmancarretillas.es\/de\/wp-json\/wp\/v2\/types\/product"}],"version-history":[{"count":1,"href":"https:\/\/repmancarretillas.es\/de\/wp-json\/wp\/v2\/product\/2692\/revisions"}],"predecessor-version":[{"id":2703,"href":"https:\/\/repmancarretillas.es\/de\/wp-json\/wp\/v2\/product\/2692\/revisions\/2703"}],"wp:featuredmedia":[{"embeddable":true,"href":"https:\/\/repmancarretillas.es\/de\/wp-json\/wp\/v2\/media\/2693"}],"wp:attachment":[{"href":"https:\/\/repmancarretillas.es\/de\/wp-json\/wp\/v2\/media?parent=2692"}],"wp:term":[{"taxonomy":"product_brand","embeddable":true,"href":"https:\/\/repmancarretillas.es\/de\/wp-json\/wp\/v2\/product_brand?post=2692"},{"taxonomy":"product_cat","embeddable":true,"href":"https:\/\/repmancarretillas.es\/de\/wp-json\/wp\/v2\/product_cat?post=2692"},{"taxonomy":"product_tag","embeddable":true,"href":"https:\/\/repmancarretillas.es\/de\/wp-json\/wp\/v2\/product_tag?post=2692"}],"curies":[{"name":"wp","href":"https:\/\/api.w.org\/{rel}","templated":true}]}}