{"id":2614,"date":"2026-04-28T02:41:25","date_gmt":"2026-04-28T00:41:25","guid":{"rendered":"https:\/\/repmancarretillas.es\/?post_type=product&#038;p=2614"},"modified":"2026-04-28T02:45:34","modified_gmt":"2026-04-28T00:45:34","slug":"toyota-traigo-80-4-ruedas-3-5-toneladas","status":"publish","type":"product","link":"https:\/\/repmancarretillas.es\/de\/product\/toyota-traigo-80-4-ruedas-3-5-toneladas\/","title":{"rendered":"Toyota Traigo 80, 4 ruedas, 3.5 toneladas"},"content":{"rendered":"<h2>Wichtigste Vorteile.<\/h2>\n<ul>\n<li data-pm-slice=\"1 1 []\">\n<p data-pm-slice=\"1 1 []\">Dise\u00f1o compacto y robusto para interiores y exteriores<\/p>\n<\/li>\n<li data-pm-slice=\"1 1 []\">\n<p data-pm-slice=\"1 1 []\">Centro de carga de 600 mm para cargas pesadas o m\u00faltiples palets<\/p>\n<\/li>\n<li data-pm-slice=\"1 1 []\">\n<p data-pm-slice=\"1 1 []\">Alta eficiencia energ\u00e9tica para jornadas prolongadas<\/p>\n<\/li>\n<li data-pm-slice=\"1 1 []\">\n<p data-pm-slice=\"1 1 []\">Soluciones energ\u00e9ticas flexibles seg\u00fan la operaci\u00f3n<\/p>\n<\/li>\n<li data-pm-slice=\"1 1 []\">\n<p data-pm-slice=\"1 1 []\">Sistema SAS para m\u00e1xima seguridad<\/p>\n<\/li>\n<\/ul>\n<h2>Spezifikationen.<\/h2>\n<p data-pm-slice=\"1 1 []\">Toyota SAS, sistema AC, ORS y OPS, m\u00e1stil 3300 mm, horquillas 1000\u20131200 mm, frenos h\u00famedos, direcci\u00f3n hidr\u00e1ulica, pantalla t\u00e1ctil, cabina flotante y bater\u00eda lateral segura.<\/p>","protected":false},"excerpt":{"rendered":"<p data-pm-slice=\"0 0 []\">Estas carretillas el\u00e9ctricas de gran capacidad ofrecen fiabilidad en operaciones intensivas, incluso manejando m\u00faltiples palets. El modelo Toyota 9FBHK35F destaca por su robustez, autonom\u00eda y alto rendimiento.<\/p>\n<p data-pm-slice=\"1 1 []\"><em><strong>3500 kg | 6500 mm| 80 volt | 20,0 km\/h<\/strong><\/em><\/p>\n<p data-pm-slice=\"1 1 []\">Tiempo m\u00ednimo de parada: El chasis abierto en la parte inferior permite una extracci\u00f3n r\u00e1pida de la bater\u00eda, o bien se puede utilizar el enchufe de carga opcional para cargarla directamente. El motor y los componentes de control son f\u00e1cilmente accesibles sin herramientas: basta con aflojar cuatro tornillos para retirar la cubierta trasera.<\/p>","protected":false},"featured_media":2615,"template":"","meta":{"_joinchat":[]},"product_brand":[],"product_cat":[26,32],"product_tag":[],"class_list":{"0":"post-2614","1":"product","2":"type-product","3":"status-publish","4":"has-post-thumbnail","6":"product_cat-carretillas-elevadoras","7":"product_cat-contrapesadas-electricas","9":"first","10":"instock","11":"shipping-taxable","12":"product-type-simple"},"_links":{"self":[{"href":"https:\/\/repmancarretillas.es\/de\/wp-json\/wp\/v2\/product\/2614","targetHints":{"allow":["GET"]}}],"collection":[{"href":"https:\/\/repmancarretillas.es\/de\/wp-json\/wp\/v2\/product"}],"about":[{"href":"https:\/\/repmancarretillas.es\/de\/wp-json\/wp\/v2\/types\/product"}],"version-history":[{"count":1,"href":"https:\/\/repmancarretillas.es\/de\/wp-json\/wp\/v2\/product\/2614\/revisions"}],"predecessor-version":[{"id":2626,"href":"https:\/\/repmancarretillas.es\/de\/wp-json\/wp\/v2\/product\/2614\/revisions\/2626"}],"wp:featuredmedia":[{"embeddable":true,"href":"https:\/\/repmancarretillas.es\/de\/wp-json\/wp\/v2\/media\/2615"}],"wp:attachment":[{"href":"https:\/\/repmancarretillas.es\/de\/wp-json\/wp\/v2\/media?parent=2614"}],"wp:term":[{"taxonomy":"product_brand","embeddable":true,"href":"https:\/\/repmancarretillas.es\/de\/wp-json\/wp\/v2\/product_brand?post=2614"},{"taxonomy":"product_cat","embeddable":true,"href":"https:\/\/repmancarretillas.es\/de\/wp-json\/wp\/v2\/product_cat?post=2614"},{"taxonomy":"product_tag","embeddable":true,"href":"https:\/\/repmancarretillas.es\/de\/wp-json\/wp\/v2\/product_tag?post=2614"}],"curies":[{"name":"wp","href":"https:\/\/api.w.org\/{rel}","templated":true}]}}