{"id":2473,"date":"2026-04-27T19:57:05","date_gmt":"2026-04-27T17:57:05","guid":{"rendered":"https:\/\/repmancarretillas.es\/?post_type=product&#038;p=2473"},"modified":"2026-04-27T20:01:18","modified_gmt":"2026-04-27T18:01:18","slug":"toyota-traigo-24v-3-ruedas-1-5-toneladas","status":"publish","type":"product","link":"https:\/\/repmancarretillas.es\/de\/product\/toyota-traigo-24v-3-ruedas-1-5-toneladas\/","title":{"rendered":"Toyota Traigo 24V 3 Ruedas 1.5 Toneladas"},"content":{"rendered":"<h2>Wichtigste Vorteile.<\/h2>\n<ul>\n<li data-pm-slice=\"1 1 []\">\n<p data-pm-slice=\"1 1 []\">Carretilla contrapesada compacta para operaciones sencillas<\/p>\n<\/li>\n<li data-pm-slice=\"1 1 []\">\n<p data-pm-slice=\"1 1 []\">Maniobrabilidad \u00f3ptima en pasillos estrechos y espacios reducidos<\/p>\n<\/li>\n<li data-pm-slice=\"1 1 []\">\n<p data-pm-slice=\"1 1 []\">Sistemas inteligentes de bater\u00edas de litio adaptables<\/p>\n<\/li>\n<li data-pm-slice=\"1 1 []\">\n<p data-pm-slice=\"1 1 []\">Excelente visibilidad a trav\u00e9s del m\u00e1stil<\/p>\n<\/li>\n<li data-pm-slice=\"1 1 []\">\n<p data-pm-slice=\"1 1 []\">Salpicadero bajo con display integrado para el operario<\/p>\n<\/li>\n<\/ul>\n<h2>Spezifikationen.<\/h2>\n<p data-pm-slice=\"1 1 []\">Carretilla con SAS Toyota, sistema AC2, OPS, asiento PVC Grammer, m\u00e1stil 3270 mm, horquillas 800 mm, direcci\u00f3n hidr\u00e1ulica, ruedas neum\u00e1ticas, display digital, elevaci\u00f3n suave y bot\u00f3n de emergencia integrado.<\/p>","protected":false},"excerpt":{"rendered":"<p data-pm-slice=\"0 0 []\">\u00bfBusca una carretilla compacta y vers\u00e1til? La Toyota Traigo24 contrapesada ofrece excelente maniobrabilidad en espacios reducidos, ideal para almacenes, tiendas y entornos productivos.<\/p>\n<p data-pm-slice=\"1 1 []\"><em><strong>1500kg | 6510mm | 24volt | 12,5km\/h<\/strong><\/em><\/p>\n<p data-pm-slice=\"1 1 []\">Paquetes de energ\u00eda inteligentes de litio: Disponible con diferentes paquetes de energ\u00eda inteligentes para adaptarse a su aplicaci\u00f3n. Basados en las soluciones de bater\u00edas de litio de alta eficiencia energ\u00e9tica propias de Toyota, que permiten ahorrar costes y reducir las emisiones de CO2.<\/p>","protected":false},"featured_media":2474,"template":"","meta":{"_joinchat":[]},"product_brand":[],"product_cat":[26,32],"product_tag":[],"class_list":{"0":"post-2473","1":"product","2":"type-product","3":"status-publish","4":"has-post-thumbnail","6":"product_cat-carretillas-elevadoras","7":"product_cat-contrapesadas-electricas","9":"first","10":"instock","11":"shipping-taxable","12":"product-type-simple"},"_links":{"self":[{"href":"https:\/\/repmancarretillas.es\/de\/wp-json\/wp\/v2\/product\/2473","targetHints":{"allow":["GET"]}}],"collection":[{"href":"https:\/\/repmancarretillas.es\/de\/wp-json\/wp\/v2\/product"}],"about":[{"href":"https:\/\/repmancarretillas.es\/de\/wp-json\/wp\/v2\/types\/product"}],"version-history":[{"count":1,"href":"https:\/\/repmancarretillas.es\/de\/wp-json\/wp\/v2\/product\/2473\/revisions"}],"predecessor-version":[{"id":2478,"href":"https:\/\/repmancarretillas.es\/de\/wp-json\/wp\/v2\/product\/2473\/revisions\/2478"}],"wp:featuredmedia":[{"embeddable":true,"href":"https:\/\/repmancarretillas.es\/de\/wp-json\/wp\/v2\/media\/2474"}],"wp:attachment":[{"href":"https:\/\/repmancarretillas.es\/de\/wp-json\/wp\/v2\/media?parent=2473"}],"wp:term":[{"taxonomy":"product_brand","embeddable":true,"href":"https:\/\/repmancarretillas.es\/de\/wp-json\/wp\/v2\/product_brand?post=2473"},{"taxonomy":"product_cat","embeddable":true,"href":"https:\/\/repmancarretillas.es\/de\/wp-json\/wp\/v2\/product_cat?post=2473"},{"taxonomy":"product_tag","embeddable":true,"href":"https:\/\/repmancarretillas.es\/de\/wp-json\/wp\/v2\/product_tag?post=2473"}],"curies":[{"name":"wp","href":"https:\/\/api.w.org\/{rel}","templated":true}]}}