{"id":2417,"date":"2026-04-27T04:20:59","date_gmt":"2026-04-27T02:20:59","guid":{"rendered":"https:\/\/repmancarretillas.es\/?post_type=product&#038;p=2417"},"modified":"2026-04-27T04:26:47","modified_gmt":"2026-04-27T02:26:47","slug":"toyota-traigo-80v-4-ruedas-7-toneladas","status":"publish","type":"product","link":"https:\/\/repmancarretillas.es\/de\/product\/toyota-traigo-80v-4-ruedas-7-toneladas\/","title":{"rendered":"Toyota Traigo 80V 4 Ruedas 7 Toneladas"},"content":{"rendered":"<h2>Wichtigste Vorteile.<\/h2>\n<ul>\n<li data-pm-slice=\"1 1 []\">\n<p data-pm-slice=\"1 1 []\">Manejo f\u00e1cil de cargas pesadas<\/p>\n<\/li>\n<li data-pm-slice=\"1 1 []\">\n<p data-pm-slice=\"1 1 []\">Alta potencia con eficiencia energ\u00e9tica<\/p>\n<\/li>\n<li data-pm-slice=\"1 1 []\">\n<p data-pm-slice=\"1 1 []\">Fiabilidad en condiciones exigentes<\/p>\n<\/li>\n<li data-pm-slice=\"1 1 []\">\n<p data-pm-slice=\"1 1 []\">Excelente rendimiento en elevaci\u00f3n<\/p>\n<\/li>\n<li data-pm-slice=\"1 1 []\">\n<p data-pm-slice=\"1 1 []\">Maniobrabilidad segura y precisa<\/p>\n<\/li>\n<\/ul>\n<h2>Spezifikationen.<\/h2>\n<p data-pm-slice=\"1 1 []\">Carretilla de 7 t con SAS Toyota, sistema AC2, OPS y ORS, m\u00e1stil 3300 mm, EPS, frenos h\u00famedos, elevaci\u00f3n amortiguada, pantalla digital, neum\u00e1ticos macizos y compartimento del conductor flotante.<\/p>","protected":false},"excerpt":{"rendered":"<p data-pm-slice=\"1 1 []\">\u00bfBusca una carretilla contrapesada de alta capacidad? La Toyota Traigo80 de 6 a 8 toneladas ofrece potencia el\u00e9ctrica, eficiencia y funcionamiento silencioso para trabajos exigentes en interiores y exteriores.<\/p>\n<p data-pm-slice=\"1 1 []\"><em><strong>7000 kg | 7000 mm | 80 volt | 20,0 km\/h<\/strong><\/em><\/p>\n<p data-pm-slice=\"1 1 []\">Sistema de Estabilidad Activa (SAS): El primer sistema activo para controlar la estabilidad de la carretilla elevadora. SAS proporciona tecnolog\u00eda avanzada para una estabilidad inigualable de la carretilla que aumenta la seguridad y la productividad durante la manipulaci\u00f3n de la carga.<\/p>","protected":false},"featured_media":2418,"template":"","meta":{"_joinchat":[]},"product_brand":[],"product_cat":[26,32],"product_tag":[],"class_list":{"0":"post-2417","1":"product","2":"type-product","3":"status-publish","4":"has-post-thumbnail","6":"product_cat-carretillas-elevadoras","7":"product_cat-contrapesadas-electricas","9":"first","10":"instock","11":"shipping-taxable","12":"product-type-simple"},"_links":{"self":[{"href":"https:\/\/repmancarretillas.es\/de\/wp-json\/wp\/v2\/product\/2417","targetHints":{"allow":["GET"]}}],"collection":[{"href":"https:\/\/repmancarretillas.es\/de\/wp-json\/wp\/v2\/product"}],"about":[{"href":"https:\/\/repmancarretillas.es\/de\/wp-json\/wp\/v2\/types\/product"}],"version-history":[{"count":1,"href":"https:\/\/repmancarretillas.es\/de\/wp-json\/wp\/v2\/product\/2417\/revisions"}],"predecessor-version":[{"id":2428,"href":"https:\/\/repmancarretillas.es\/de\/wp-json\/wp\/v2\/product\/2417\/revisions\/2428"}],"wp:featuredmedia":[{"embeddable":true,"href":"https:\/\/repmancarretillas.es\/de\/wp-json\/wp\/v2\/media\/2418"}],"wp:attachment":[{"href":"https:\/\/repmancarretillas.es\/de\/wp-json\/wp\/v2\/media?parent=2417"}],"wp:term":[{"taxonomy":"product_brand","embeddable":true,"href":"https:\/\/repmancarretillas.es\/de\/wp-json\/wp\/v2\/product_brand?post=2417"},{"taxonomy":"product_cat","embeddable":true,"href":"https:\/\/repmancarretillas.es\/de\/wp-json\/wp\/v2\/product_cat?post=2417"},{"taxonomy":"product_tag","embeddable":true,"href":"https:\/\/repmancarretillas.es\/de\/wp-json\/wp\/v2\/product_tag?post=2417"}],"curies":[{"name":"wp","href":"https:\/\/api.w.org\/{rel}","templated":true}]}}