{"id":2223,"date":"2026-04-27T01:39:12","date_gmt":"2026-04-26T23:39:12","guid":{"rendered":"https:\/\/repmancarretillas.es\/?post_type=product&#038;p=2223"},"modified":"2026-04-27T01:43:14","modified_gmt":"2026-04-26T23:43:14","slug":"bt-optio-10-t-de-bajo-nivel-con-jaula","status":"publish","type":"product","link":"https:\/\/repmancarretillas.es\/de\/product\/bt-optio-10-t-de-bajo-nivel-con-jaula\/","title":{"rendered":"BT Optio 1,0 t de bajo nivel con jaula"},"content":{"rendered":"<h2>Beneficios clave.<\/h2>\n<ul>\n<li data-section-id=\"1pdpuhq\" data-start=\"137\" data-end=\"194\">\n<p data-pm-slice=\"1 1 []\">Recogida de pedidos hasta 2,8 m con manejo de cargas voluminosas<\/p>\n<\/li>\n<li data-section-id=\"1pdpuhq\" data-start=\"137\" data-end=\"194\">\n<p data-pm-slice=\"1 1 []\">Plataforma elevadora para preparaci\u00f3n en tercer nivel<\/p>\n<\/li>\n<li data-section-id=\"1pdpuhq\" data-start=\"137\" data-end=\"194\">\n<p data-pm-slice=\"1 1 []\">Control sencillo con una mano mediante sistema E-man<\/p>\n<\/li>\n<li data-section-id=\"1pdpuhq\" data-start=\"137\" data-end=\"194\">\n<p data-pm-slice=\"1 1 []\">Acceso f\u00e1cil y seguro para el operario<\/p>\n<\/li>\n<li data-section-id=\"1pdpuhq\" data-start=\"137\" data-end=\"194\">\n<p data-pm-slice=\"1 1 []\">Tecnolog\u00eda de bater\u00eda Li-ion disponible<\/p>\n<\/li>\n<\/ul>\n<h2>Especificaciones.<\/h2>\n<p data-pm-slice=\"1 1 []\">OSE100W con capacidad 1000 kg, elevaci\u00f3n 1100 mm, 24 V, velocidad 12 km\/h, E-man, BT Powerdrive, escal\u00f3n bajo, hombre arriba, soporte retr\u00e1ctil, almacenamiento m\u00faltiple y telem\u00e1tica integrada.<\/p>\n<p>&nbsp;<\/p>","protected":false},"excerpt":{"rendered":"<p data-pm-slice=\"1 1 []\">El recogepedidos BT Optio con plataforma elevadora hasta 1,2 m permite la preparaci\u00f3n de pedidos hasta el tercer nivel, facilitando el acceso del operario para cargas de mayor tama\u00f1o.<\/p>\n<p data-pm-slice=\"1 1 []\"><em><strong>1000 kg | 1100 mm | 12,0 km\/h | Carretilla inteligente<\/strong><\/em><\/p>\n<p data-pm-slice=\"1 1 []\">Funciones walkie; Unos botones situados en el lateral de la m\u00e1quina permiten hacer avanzar la carretilla o subir\/bajar las horquillas<\/p>","protected":false},"featured_media":2224,"template":"","meta":{"_joinchat":[]},"product_brand":[],"product_cat":[26,30],"product_tag":[],"class_list":{"0":"post-2223","1":"product","2":"type-product","3":"status-publish","4":"has-post-thumbnail","6":"product_cat-carretillas-elevadoras","7":"product_cat-recogepedidos","9":"first","10":"instock","11":"shipping-taxable","12":"product-type-simple"},"_links":{"self":[{"href":"https:\/\/repmancarretillas.es\/de\/wp-json\/wp\/v2\/product\/2223","targetHints":{"allow":["GET"]}}],"collection":[{"href":"https:\/\/repmancarretillas.es\/de\/wp-json\/wp\/v2\/product"}],"about":[{"href":"https:\/\/repmancarretillas.es\/de\/wp-json\/wp\/v2\/types\/product"}],"version-history":[{"count":1,"href":"https:\/\/repmancarretillas.es\/de\/wp-json\/wp\/v2\/product\/2223\/revisions"}],"predecessor-version":[{"id":2230,"href":"https:\/\/repmancarretillas.es\/de\/wp-json\/wp\/v2\/product\/2223\/revisions\/2230"}],"wp:featuredmedia":[{"embeddable":true,"href":"https:\/\/repmancarretillas.es\/de\/wp-json\/wp\/v2\/media\/2224"}],"wp:attachment":[{"href":"https:\/\/repmancarretillas.es\/de\/wp-json\/wp\/v2\/media?parent=2223"}],"wp:term":[{"taxonomy":"product_brand","embeddable":true,"href":"https:\/\/repmancarretillas.es\/de\/wp-json\/wp\/v2\/product_brand?post=2223"},{"taxonomy":"product_cat","embeddable":true,"href":"https:\/\/repmancarretillas.es\/de\/wp-json\/wp\/v2\/product_cat?post=2223"},{"taxonomy":"product_tag","embeddable":true,"href":"https:\/\/repmancarretillas.es\/de\/wp-json\/wp\/v2\/product_tag?post=2223"}],"curies":[{"name":"wp","href":"https:\/\/api.w.org\/{rel}","templated":true}]}}