{"id":2214,"date":"2026-04-27T01:34:17","date_gmt":"2026-04-26T23:34:17","guid":{"rendered":"https:\/\/repmancarretillas.es\/?post_type=product&#038;p=2214"},"modified":"2026-04-27T01:38:36","modified_gmt":"2026-04-26T23:38:36","slug":"bt-optio-10-t-de-nivel-bajo-con-horquillas-elevables","status":"publish","type":"product","link":"https:\/\/repmancarretillas.es\/de\/product\/bt-optio-10-t-de-nivel-bajo-con-horquillas-elevables\/","title":{"rendered":"BT Optio 1,0 t de nivel bajo con horquillas elevables"},"content":{"rendered":"<h2>Beneficios clave.<\/h2>\n<ul>\n<li data-section-id=\"1pdpuhq\" data-start=\"137\" data-end=\"194\">\n<p data-pm-slice=\"1 1 []\">Picking hasta 2,8 m con horquillas elevables para mayor ergonom\u00eda<\/p>\n<\/li>\n<li data-section-id=\"1pdpuhq\" data-start=\"137\" data-end=\"194\">\n<p data-pm-slice=\"1 1 []\">Plataforma elevadora para preparaci\u00f3n en tercer nivel<\/p>\n<\/li>\n<li data-section-id=\"1pdpuhq\" data-start=\"137\" data-end=\"194\">\n<p data-pm-slice=\"1 1 []\">Manejo sencillo con una sola mano mediante sistema E-man<\/p>\n<\/li>\n<li data-section-id=\"1pdpuhq\" data-start=\"137\" data-end=\"194\">\n<p data-pm-slice=\"1 1 []\">Acceso f\u00e1cil y seguro para el operario<\/p>\n<\/li>\n<li data-section-id=\"1pdpuhq\" data-start=\"137\" data-end=\"194\">\n<p data-pm-slice=\"1 1 []\">Tecnolog\u00eda de bater\u00eda Li-ion disponible<\/p>\n<\/li>\n<\/ul>\n<h2>Especificaciones.<\/h2>\n<p data-pm-slice=\"1 1 []\">OSE100 con capacidad 1000 kg, elevaci\u00f3n 1880 mm, 24 V, velocidad 12 km\/h, E-man, BT Powerdrive, escal\u00f3n bajo, hombre arriba, soporte retr\u00e1ctil, E-bar opcional y telem\u00e1tica integrada.<\/p>\n<p>&nbsp;<\/p>","protected":false},"excerpt":{"rendered":"<p data-pm-slice=\"1 1 []\">El recogepedidos BT Optio hombre a bordo de bajo nivel con plataforma elevadora hasta 1,2 m permite preparar pedidos hasta el tercer nivel, mejorando la ergonom\u00eda y la eficiencia operativa.<\/p>\n<p data-pm-slice=\"1 1 []\"><em><strong>1000 kg | 1880 mm | 12,0 km\/h | Carretilla inteligente<\/strong><\/em><\/p>\n<p data-pm-slice=\"1 1 []\">Sistema de direcci\u00f3n E-man: Permite al operario mover la columna de direcci\u00f3n a ambos lados de la posici\u00f3n central, permitiendo al operario mover la carretilla hacia atr\u00e1s\/adelante mientras camina junto al veh\u00edculo. Un dispositivo de seguridad de la direcci\u00f3n protege al carretillero cuando la carretilla no est\u00e1 en la posici\u00f3n normal de funcionamiento.<\/p>","protected":false},"featured_media":2215,"template":"","meta":{"_joinchat":[]},"product_brand":[],"product_cat":[26,30],"product_tag":[],"class_list":{"0":"post-2214","1":"product","2":"type-product","3":"status-publish","4":"has-post-thumbnail","6":"product_cat-carretillas-elevadoras","7":"product_cat-recogepedidos","9":"first","10":"instock","11":"shipping-taxable","12":"product-type-simple"},"_links":{"self":[{"href":"https:\/\/repmancarretillas.es\/de\/wp-json\/wp\/v2\/product\/2214","targetHints":{"allow":["GET"]}}],"collection":[{"href":"https:\/\/repmancarretillas.es\/de\/wp-json\/wp\/v2\/product"}],"about":[{"href":"https:\/\/repmancarretillas.es\/de\/wp-json\/wp\/v2\/types\/product"}],"version-history":[{"count":1,"href":"https:\/\/repmancarretillas.es\/de\/wp-json\/wp\/v2\/product\/2214\/revisions"}],"predecessor-version":[{"id":2222,"href":"https:\/\/repmancarretillas.es\/de\/wp-json\/wp\/v2\/product\/2214\/revisions\/2222"}],"wp:featuredmedia":[{"embeddable":true,"href":"https:\/\/repmancarretillas.es\/de\/wp-json\/wp\/v2\/media\/2215"}],"wp:attachment":[{"href":"https:\/\/repmancarretillas.es\/de\/wp-json\/wp\/v2\/media?parent=2214"}],"wp:term":[{"taxonomy":"product_brand","embeddable":true,"href":"https:\/\/repmancarretillas.es\/de\/wp-json\/wp\/v2\/product_brand?post=2214"},{"taxonomy":"product_cat","embeddable":true,"href":"https:\/\/repmancarretillas.es\/de\/wp-json\/wp\/v2\/product_cat?post=2214"},{"taxonomy":"product_tag","embeddable":true,"href":"https:\/\/repmancarretillas.es\/de\/wp-json\/wp\/v2\/product_tag?post=2214"}],"curies":[{"name":"wp","href":"https:\/\/api.w.org\/{rel}","templated":true}]}}