{"id":2063,"date":"2026-04-27T00:05:41","date_gmt":"2026-04-26T22:05:41","guid":{"rendered":"https:\/\/repmancarretillas.es\/?post_type=product&#038;p=2063"},"modified":"2026-04-27T00:09:38","modified_gmt":"2026-04-26T22:09:38","slug":"bt-staxio-1-45t","status":"publish","type":"product","link":"https:\/\/repmancarretillas.es\/de\/product\/bt-staxio-1-45t\/","title":{"rendered":"BT Staxio 1.45t"},"content":{"rendered":"<h2>Beneficios clave.<\/h2>\n<ul>\n<li data-pm-slice=\"1 1 []\">\n<p data-pm-slice=\"1 1 []\">Apilador robusto para aplicaciones exigentes<\/p>\n<\/li>\n<li data-pm-slice=\"1 1 []\">\n<p data-pm-slice=\"1 1 []\">Chasis de 5 puntos para m\u00e1xima estabilidad y control<\/p>\n<\/li>\n<li data-pm-slice=\"1 1 []\">\n<p data-pm-slice=\"1 1 []\">Excelente visibilidad de las horquillas<\/p>\n<\/li>\n<li data-pm-slice=\"1 1 []\">\n<p data-pm-slice=\"1 1 []\">Alta elevaci\u00f3n y gran capacidad energ\u00e9tica de bater\u00eda<\/p>\n<\/li>\n<li data-pm-slice=\"1 1 []\">\n<p data-pm-slice=\"1 1 []\">Sistema inteligente f\u00e1cil de conectar, monitorizar y optimizar<\/p>\n<\/li>\n<\/ul>\n<h2>Especificaciones.<\/h2>\n<p data-pm-slice=\"1 1 []\">BT Staxio con elevaci\u00f3n 5,4 m, velocidad 6 km\/h, Powertrak, controles ergon\u00f3micos, frenado electr\u00f3nico, seguridad operario, rendimiento programable, excelente visibilidad, telem\u00e1tica integrada y calidad Toyota de alta durabilidad.<\/p>","protected":false},"excerpt":{"rendered":"<p data-pm-slice=\"1 1 []\">\u00bfBusca una soluci\u00f3n de apilamiento de alto rendimiento? El BT Staxio SWE145, con 1450 kg de capacidad, ofrece gran estabilidad, altas elevaciones y excelente rendimiento para aplicaciones intensivas.<\/p>\n<p><em><strong>1450 kg | 5400 mm | 6,0 km\/h | Carretilla inteligente<\/strong><\/em><\/p>\n<p>Excelente visibilidad: Visi\u00f3n clara del m\u00e1stil y gran visibilidad desde la posici\u00f3n del operario hacia las puntas de las horquillas.<\/p>","protected":false},"featured_media":2064,"template":"","meta":{"_joinchat":[]},"product_brand":[],"product_cat":[29,26],"product_tag":[],"class_list":{"0":"post-2063","1":"product","2":"type-product","3":"status-publish","4":"has-post-thumbnail","6":"product_cat-apiladores-electricos","7":"product_cat-carretillas-elevadoras","9":"first","10":"instock","11":"shipping-taxable","12":"product-type-simple"},"_links":{"self":[{"href":"https:\/\/repmancarretillas.es\/de\/wp-json\/wp\/v2\/product\/2063","targetHints":{"allow":["GET"]}}],"collection":[{"href":"https:\/\/repmancarretillas.es\/de\/wp-json\/wp\/v2\/product"}],"about":[{"href":"https:\/\/repmancarretillas.es\/de\/wp-json\/wp\/v2\/types\/product"}],"version-history":[{"count":1,"href":"https:\/\/repmancarretillas.es\/de\/wp-json\/wp\/v2\/product\/2063\/revisions"}],"predecessor-version":[{"id":2070,"href":"https:\/\/repmancarretillas.es\/de\/wp-json\/wp\/v2\/product\/2063\/revisions\/2070"}],"wp:featuredmedia":[{"embeddable":true,"href":"https:\/\/repmancarretillas.es\/de\/wp-json\/wp\/v2\/media\/2064"}],"wp:attachment":[{"href":"https:\/\/repmancarretillas.es\/de\/wp-json\/wp\/v2\/media?parent=2063"}],"wp:term":[{"taxonomy":"product_brand","embeddable":true,"href":"https:\/\/repmancarretillas.es\/de\/wp-json\/wp\/v2\/product_brand?post=2063"},{"taxonomy":"product_cat","embeddable":true,"href":"https:\/\/repmancarretillas.es\/de\/wp-json\/wp\/v2\/product_cat?post=2063"},{"taxonomy":"product_tag","embeddable":true,"href":"https:\/\/repmancarretillas.es\/de\/wp-json\/wp\/v2\/product_tag?post=2063"}],"curies":[{"name":"wp","href":"https:\/\/api.w.org\/{rel}","templated":true}]}}