{"id":2057,"date":"2026-04-27T00:01:13","date_gmt":"2026-04-26T22:01:13","guid":{"rendered":"https:\/\/repmancarretillas.es\/?post_type=product&#038;p=2057"},"modified":"2026-04-27T00:05:17","modified_gmt":"2026-04-26T22:05:17","slug":"bt-staxio-1-2t-doble-apilador-con-plataforma-y-mastil-retractil","status":"publish","type":"product","link":"https:\/\/repmancarretillas.es\/de\/product\/bt-staxio-1-2t-doble-apilador-con-plataforma-y-mastil-retractil\/","title":{"rendered":"BT Staxio 1.2t doble apilador con plataforma y m\u00e1stil retr\u00e1ctil"},"content":{"rendered":"<h2>Beneficios clave.<\/h2>\n<ul>\n<li data-pm-slice=\"1 1 []\">\n<p data-pm-slice=\"1 1 []\">Combina la compacidad de un apilador con la flexibilidad de una retr\u00e1ctil<\/p>\n<\/li>\n<li data-pm-slice=\"1 1 []\">\n<p data-pm-slice=\"1 1 []\">Permite la manipulaci\u00f3n de pal\u00e9s dobles con m\u00e1stil retr\u00e1ctil<\/p>\n<\/li>\n<li data-pm-slice=\"1 1 []\">\n<p data-pm-slice=\"1 1 []\">Compartimiento del operador ajustable para mayor comodidad<\/p>\n<\/li>\n<li data-pm-slice=\"1 1 []\">\n<p data-pm-slice=\"1 1 []\">Tim\u00f3n ergon\u00f3mico que garantiza seguridad y control<\/p>\n<\/li>\n<li data-pm-slice=\"1 1 []\">\n<p data-pm-slice=\"1 1 []\">Sistema inteligente f\u00e1cil de conectar, monitorizar y optimizar<\/p>\n<\/li>\n<\/ul>\n<h2>Especificaciones.<\/h2>\n<p data-pm-slice=\"1 1 []\">Direcci\u00f3n 180\u00b0 asistida, m\u00e1stil retr\u00e1ctil pant\u00f3grafo, manejo de doble pallet, horquillas ajustables, Sensi-lift, Click-2-Creep, controles electr\u00f3nicos, tim\u00f3n ajustable, rendimiento programable, acceso f\u00e1cil mantenimiento y telem\u00e1tica inteligente integrada.<\/p>","protected":false},"excerpt":{"rendered":"<p data-pm-slice=\"1 1 []\">La combinaci\u00f3n de un dise\u00f1o compacto con la flexibilidad de una carretilla retr\u00e1ctil ofrece una soluci\u00f3n vers\u00e1til capaz de manipular cualquier tipo de pallet, ideal para pasillos estrechos.<\/p>\n<p><em><strong>1200 kg | 2800 mm | 8,0 km\/h | Carretilla inteligente<\/strong><\/em><\/p>\n<p>Carretilla inteligente: Las carretillas inteligentes incluyen hardware telem\u00e1tico de serie. Estas carretillas pueden conectarse f\u00e1cilmente con I_Site de Toyota, que ofrece informaci\u00f3n sobre la gesti\u00f3n de la bater\u00eda, la geolocalizaci\u00f3n, los impactos y mucho m\u00e1s.<\/p>","protected":false},"featured_media":2058,"template":"","meta":{"_joinchat":[]},"product_brand":[],"product_cat":[29,26],"product_tag":[],"class_list":{"0":"post-2057","1":"product","2":"type-product","3":"status-publish","4":"has-post-thumbnail","6":"product_cat-apiladores-electricos","7":"product_cat-carretillas-elevadoras","9":"first","10":"instock","11":"shipping-taxable","12":"product-type-simple"},"_links":{"self":[{"href":"https:\/\/repmancarretillas.es\/de\/wp-json\/wp\/v2\/product\/2057","targetHints":{"allow":["GET"]}}],"collection":[{"href":"https:\/\/repmancarretillas.es\/de\/wp-json\/wp\/v2\/product"}],"about":[{"href":"https:\/\/repmancarretillas.es\/de\/wp-json\/wp\/v2\/types\/product"}],"version-history":[{"count":1,"href":"https:\/\/repmancarretillas.es\/de\/wp-json\/wp\/v2\/product\/2057\/revisions"}],"predecessor-version":[{"id":2062,"href":"https:\/\/repmancarretillas.es\/de\/wp-json\/wp\/v2\/product\/2057\/revisions\/2062"}],"wp:featuredmedia":[{"embeddable":true,"href":"https:\/\/repmancarretillas.es\/de\/wp-json\/wp\/v2\/media\/2058"}],"wp:attachment":[{"href":"https:\/\/repmancarretillas.es\/de\/wp-json\/wp\/v2\/media?parent=2057"}],"wp:term":[{"taxonomy":"product_brand","embeddable":true,"href":"https:\/\/repmancarretillas.es\/de\/wp-json\/wp\/v2\/product_brand?post=2057"},{"taxonomy":"product_cat","embeddable":true,"href":"https:\/\/repmancarretillas.es\/de\/wp-json\/wp\/v2\/product_cat?post=2057"},{"taxonomy":"product_tag","embeddable":true,"href":"https:\/\/repmancarretillas.es\/de\/wp-json\/wp\/v2\/product_tag?post=2057"}],"curies":[{"name":"wp","href":"https:\/\/api.w.org\/{rel}","templated":true}]}}