{"id":1975,"date":"2026-04-26T23:10:52","date_gmt":"2026-04-26T21:10:52","guid":{"rendered":"https:\/\/repmancarretillas.es\/?post_type=product&#038;p=1975"},"modified":"2026-04-26T23:15:27","modified_gmt":"2026-04-26T21:15:27","slug":"bt-staxio-1-2t-plataforma-y-de-brazos-soporte-elevables","status":"publish","type":"product","link":"https:\/\/repmancarretillas.es\/de\/product\/bt-staxio-1-2t-plataforma-y-de-brazos-soporte-elevables\/","title":{"rendered":"BT Staxio 1.2t plataforma y de brazos soporte elevables"},"content":{"rendered":"<h2>Beneficios clave.<\/h2>\n<ul>\n<li data-pm-slice=\"1 1 []\">\n<p data-pm-slice=\"1 1 []\">Ideales para largos desplazamientos y apilamiento de intensidad media y alta<\/p>\n<\/li>\n<li data-pm-slice=\"1 1 []\">\n<p data-pm-slice=\"1 1 []\">Plataforma del operador abatible para mayor flexibilidad<\/p>\n<\/li>\n<li data-pm-slice=\"1 1 []\">\n<p data-pm-slice=\"1 1 []\">Aptas para suelos irregulares y manipulaci\u00f3n de pal\u00e9s dobles<\/p>\n<\/li>\n<li data-pm-slice=\"1 1 []\">\n<p data-pm-slice=\"1 1 []\">Tim\u00f3n ergon\u00f3mico que mejora la seguridad y el control<\/p>\n<\/li>\n<li data-pm-slice=\"1 1 []\">\n<p data-pm-slice=\"1 1 []\">Sistema inteligente f\u00e1cil de conectar, monitorizar y optimizar<\/p>\n<\/li>\n<\/ul>\n<h2>Especificaciones.<\/h2>\n<p data-pm-slice=\"1 1 []\">BT Staxio SPE120L con brazos elevables, altura 4,8 m, velocidad 8 km\/h, BT Powertrak, frenado electr\u00f3nico, controles fingertip, seguridad operario, Sensilift, apagado autom\u00e1tico, telem\u00e1tica inteligente y calidad Toyota.<\/p>","protected":false},"excerpt":{"rendered":"<p data-pm-slice=\"1 1 []\">\u00bfBusca una soluci\u00f3n de apilamiento para largas distancias? Las BT Staxio con plataforma de conductor ofrecen estabilidad, rapidez y seguridad, con brazos elevadores ideales para superficies irregulares y pendientes.<\/p>\n<p><em><strong>1200 kg | 4800 mm | 8,0 km\/h | Carretilla inteligente<\/strong><\/em><\/p>\n<p>Sensi-lift: La velocidad de elevaci\u00f3n puede controlarse con precisi\u00f3n mediante el interruptor basculante de dise\u00f1o intuitivo que se encuentra en la empu\u00f1adura. Esto permite ciclos de trabajo m\u00e1s r\u00e1pidos, ya que el operador tiene un control excelente de la carga en todo momento. Esto reduce el riesgo de error y los costes.<\/p>","protected":false},"featured_media":1976,"template":"","meta":{"_joinchat":[]},"product_brand":[],"product_cat":[29,26],"product_tag":[],"class_list":{"0":"post-1975","1":"product","2":"type-product","3":"status-publish","4":"has-post-thumbnail","6":"product_cat-apiladores-electricos","7":"product_cat-carretillas-elevadoras","9":"first","10":"instock","11":"shipping-taxable","12":"product-type-simple"},"_links":{"self":[{"href":"https:\/\/repmancarretillas.es\/de\/wp-json\/wp\/v2\/product\/1975","targetHints":{"allow":["GET"]}}],"collection":[{"href":"https:\/\/repmancarretillas.es\/de\/wp-json\/wp\/v2\/product"}],"about":[{"href":"https:\/\/repmancarretillas.es\/de\/wp-json\/wp\/v2\/types\/product"}],"version-history":[{"count":1,"href":"https:\/\/repmancarretillas.es\/de\/wp-json\/wp\/v2\/product\/1975\/revisions"}],"predecessor-version":[{"id":1982,"href":"https:\/\/repmancarretillas.es\/de\/wp-json\/wp\/v2\/product\/1975\/revisions\/1982"}],"wp:featuredmedia":[{"embeddable":true,"href":"https:\/\/repmancarretillas.es\/de\/wp-json\/wp\/v2\/media\/1976"}],"wp:attachment":[{"href":"https:\/\/repmancarretillas.es\/de\/wp-json\/wp\/v2\/media?parent=1975"}],"wp:term":[{"taxonomy":"product_brand","embeddable":true,"href":"https:\/\/repmancarretillas.es\/de\/wp-json\/wp\/v2\/product_brand?post=1975"},{"taxonomy":"product_cat","embeddable":true,"href":"https:\/\/repmancarretillas.es\/de\/wp-json\/wp\/v2\/product_cat?post=1975"},{"taxonomy":"product_tag","embeddable":true,"href":"https:\/\/repmancarretillas.es\/de\/wp-json\/wp\/v2\/product_tag?post=1975"}],"curies":[{"name":"wp","href":"https:\/\/api.w.org\/{rel}","templated":true}]}}