{"id":1933,"date":"2026-04-26T22:42:23","date_gmt":"2026-04-26T20:42:23","guid":{"rendered":"https:\/\/repmancarretillas.es\/?post_type=product&#038;p=1933"},"modified":"2026-04-26T22:46:26","modified_gmt":"2026-04-26T20:46:26","slug":"bt-staxio-1-2t-con-brazos-de-soporte-separados","status":"publish","type":"product","link":"https:\/\/repmancarretillas.es\/de\/product\/bt-staxio-1-2t-con-brazos-de-soporte-separados\/","title":{"rendered":"BT Staxio 1.2t con brazos de soporte separados"},"content":{"rendered":"<h2>Wichtigste Vorteile.<\/h2>\n<ul>\n<li data-pm-slice=\"1 1 []\">\n<p data-pm-slice=\"1 1 []\">Brazos de soporte aptos para pallets cerrados y abiertos<\/p>\n<\/li>\n<li data-pm-slice=\"1 1 []\">\n<p data-pm-slice=\"1 1 []\">Chasis de 5 puntos de apoyo para m\u00e1xima estabilidad y control<\/p>\n<\/li>\n<li data-pm-slice=\"1 1 []\">\n<p data-pm-slice=\"1 1 []\">Excelente visibilidad de las horquillas para mayor seguridad<\/p>\n<\/li>\n<li data-pm-slice=\"1 1 []\">\n<p data-pm-slice=\"1 1 []\">Funci\u00f3n Click-2-Creep para acceso r\u00e1pido a marcha lenta<\/p>\n<\/li>\n<li data-pm-slice=\"1 1 []\">\n<p data-pm-slice=\"1 1 []\">Sistema inteligente f\u00e1cil de conectar, monitorizar y optimizar<\/p>\n<\/li>\n<\/ul>\n<h2>Spezifikationen.<\/h2>\n<p data-pm-slice=\"1 1 []\">BT Staxio SWE120S con brazos de soporte, elevaci\u00f3n 4,75 m, velocidad 6 km\/h, BT Powerdrive, frenado electr\u00f3nico, seguridad operario, Click-2-Creep, rendimiento programable, telem\u00e1tica inteligente y fabricaci\u00f3n Toyota de alta calidad.<\/p>","protected":false},"excerpt":{"rendered":"<p>\u00bfBusca una soluci\u00f3n de apilamiento de alto rendimiento para distintos tipos de pallets? La BT Staxio Serie W, con 1200 kg de capacidad y brazos de soporte separados, ofrece seguridad, facilidad de uso y excelente maniobrabilidad en espacios reducidos.<\/p>\n<p><em><strong>1200kg | 4755mm | 6,0km\/h | Carretilla inteligente<\/strong><\/em><\/p>\n<p>Ancho de hoquillas ajustable: Se pueden manipular pallets cerrados o diferentes tipos de portadores de cargas gracias a los brazos de soporte en horquilla y al ancho de horquillas ajustable, lo que aumenta la flexibilidad.<\/p>","protected":false},"featured_media":1934,"template":"","meta":{"_joinchat":[]},"product_brand":[],"product_cat":[29,26],"product_tag":[],"class_list":{"0":"post-1933","1":"product","2":"type-product","3":"status-publish","4":"has-post-thumbnail","6":"product_cat-apiladores-electricos","7":"product_cat-carretillas-elevadoras","9":"first","10":"instock","11":"shipping-taxable","12":"product-type-simple"},"_links":{"self":[{"href":"https:\/\/repmancarretillas.es\/de\/wp-json\/wp\/v2\/product\/1933","targetHints":{"allow":["GET"]}}],"collection":[{"href":"https:\/\/repmancarretillas.es\/de\/wp-json\/wp\/v2\/product"}],"about":[{"href":"https:\/\/repmancarretillas.es\/de\/wp-json\/wp\/v2\/types\/product"}],"version-history":[{"count":1,"href":"https:\/\/repmancarretillas.es\/de\/wp-json\/wp\/v2\/product\/1933\/revisions"}],"predecessor-version":[{"id":1940,"href":"https:\/\/repmancarretillas.es\/de\/wp-json\/wp\/v2\/product\/1933\/revisions\/1940"}],"wp:featuredmedia":[{"embeddable":true,"href":"https:\/\/repmancarretillas.es\/de\/wp-json\/wp\/v2\/media\/1934"}],"wp:attachment":[{"href":"https:\/\/repmancarretillas.es\/de\/wp-json\/wp\/v2\/media?parent=1933"}],"wp:term":[{"taxonomy":"product_brand","embeddable":true,"href":"https:\/\/repmancarretillas.es\/de\/wp-json\/wp\/v2\/product_brand?post=1933"},{"taxonomy":"product_cat","embeddable":true,"href":"https:\/\/repmancarretillas.es\/de\/wp-json\/wp\/v2\/product_cat?post=1933"},{"taxonomy":"product_tag","embeddable":true,"href":"https:\/\/repmancarretillas.es\/de\/wp-json\/wp\/v2\/product_tag?post=1933"}],"curies":[{"name":"wp","href":"https:\/\/api.w.org\/{rel}","templated":true}]}}