{"id":1863,"date":"2026-04-26T22:03:04","date_gmt":"2026-04-26T20:03:04","guid":{"rendered":"https:\/\/repmancarretillas.es\/?post_type=product&#038;p=1863"},"modified":"2026-04-26T22:07:12","modified_gmt":"2026-04-26T20:07:12","slug":"bt-levio-2-5-toneladas-con-plataforma","status":"publish","type":"product","link":"https:\/\/repmancarretillas.es\/de\/product\/bt-levio-2-5-toneladas-con-plataforma\/","title":{"rendered":"BT Levio 2.5 Toneladas con Plataforma"},"content":{"rendered":"<h2>Beneficios clave.<\/h2>\n<ul>\n<li data-pm-slice=\"1 1 []\">\n<p data-pm-slice=\"1 1 []\">M\u00e1xima velocidad y capacidad para aplicaciones exigentes<\/p>\n<\/li>\n<li data-pm-slice=\"1 1 []\">\n<p data-pm-slice=\"1 1 []\">Puertas laterales de seguridad plegables para mayor protecci\u00f3n<\/p>\n<\/li>\n<li data-pm-slice=\"1 1 []\">\n<p data-pm-slice=\"1 1 []\">Control de velocidad en curvas para operaci\u00f3n segura<\/p>\n<\/li>\n<li data-pm-slice=\"1 1 []\">\n<p data-pm-slice=\"1 1 []\">Sistema de un solo toque para plegar protectores laterales<\/p>\n<\/li>\n<li data-pm-slice=\"1 1 []\">\n<p data-pm-slice=\"1 1 []\">Carretilla inteligente f\u00e1cil de conectar, monitorizar y optimizar<\/p>\n<\/li>\n<\/ul>\n<h2>Especificaciones.<\/h2>\n<p data-pm-slice=\"1 1 []\">Sistema BT Powertrak, controles fingertip, pantalla informativa, frenado electr\u00f3nico y regenerativo, detecci\u00f3n del conductor, freno autom\u00e1tico, rueda motriz con muelle, giro 180\u00b0, indicador bater\u00eda y telem\u00e1tica integrada.<\/p>","protected":false},"excerpt":{"rendered":"<p data-pm-slice=\"1 1 []\">La BT Levio es una transpaleta el\u00e9ctrica con plataforma de operador, alta capacidad de carga y dise\u00f1o compacto. Ofrece gran maniobrabilidad, radio de giro reducido y velocidad de hasta 12,5 km\/h para m\u00e1xima productividad.<\/p>\n<p data-start=\"100\" data-end=\"364\"><em><strong>2500 kg | 12,5 km\/h | Carretilla inteligente<\/strong><\/em><\/p>\n<p data-start=\"100\" data-end=\"364\">Concepto Totalview: La gama BT Levio serie P cumple \u00edntegramente la norma ISO 13564-1:2012 que garantiza una clara visibilidad de las horquillas desde la posici\u00f3n de conducci\u00f3n.<\/p>","protected":false},"featured_media":1864,"template":"","meta":{"_joinchat":[]},"product_brand":[],"product_cat":[26,28],"product_tag":[],"class_list":{"0":"post-1863","1":"product","2":"type-product","3":"status-publish","4":"has-post-thumbnail","6":"product_cat-carretillas-elevadoras","7":"product_cat-transpaletas-electricas","9":"first","10":"instock","11":"shipping-taxable","12":"product-type-simple"},"_links":{"self":[{"href":"https:\/\/repmancarretillas.es\/de\/wp-json\/wp\/v2\/product\/1863","targetHints":{"allow":["GET"]}}],"collection":[{"href":"https:\/\/repmancarretillas.es\/de\/wp-json\/wp\/v2\/product"}],"about":[{"href":"https:\/\/repmancarretillas.es\/de\/wp-json\/wp\/v2\/types\/product"}],"version-history":[{"count":1,"href":"https:\/\/repmancarretillas.es\/de\/wp-json\/wp\/v2\/product\/1863\/revisions"}],"predecessor-version":[{"id":1872,"href":"https:\/\/repmancarretillas.es\/de\/wp-json\/wp\/v2\/product\/1863\/revisions\/1872"}],"wp:featuredmedia":[{"embeddable":true,"href":"https:\/\/repmancarretillas.es\/de\/wp-json\/wp\/v2\/media\/1864"}],"wp:attachment":[{"href":"https:\/\/repmancarretillas.es\/de\/wp-json\/wp\/v2\/media?parent=1863"}],"wp:term":[{"taxonomy":"product_brand","embeddable":true,"href":"https:\/\/repmancarretillas.es\/de\/wp-json\/wp\/v2\/product_brand?post=1863"},{"taxonomy":"product_cat","embeddable":true,"href":"https:\/\/repmancarretillas.es\/de\/wp-json\/wp\/v2\/product_cat?post=1863"},{"taxonomy":"product_tag","embeddable":true,"href":"https:\/\/repmancarretillas.es\/de\/wp-json\/wp\/v2\/product_tag?post=1863"}],"curies":[{"name":"wp","href":"https:\/\/api.w.org\/{rel}","templated":true}]}}