{"id":1787,"date":"2026-04-26T21:22:39","date_gmt":"2026-04-26T19:22:39","guid":{"rendered":"https:\/\/repmancarretillas.es\/?post_type=product&#038;p=1787"},"modified":"2026-04-26T21:27:24","modified_gmt":"2026-04-26T19:27:24","slug":"bt-levio-1-6t","status":"publish","type":"product","link":"https:\/\/repmancarretillas.es\/de\/product\/bt-levio-1-6t\/","title":{"rendered":"BT Levio 1.6t"},"content":{"rendered":"<h2>Wichtigste Vorteile.<\/h2>\n<ul>\n<li data-pm-slice=\"1 1 []\">\n<p data-pm-slice=\"1 1 []\">Modelo compacto ideal para uso de intensidad media<\/p>\n<\/li>\n<li data-pm-slice=\"1 1 []\">\n<p data-pm-slice=\"1 1 []\">Control fingertip para conducci\u00f3n, elevaci\u00f3n y descenso con funci\u00f3n Click-2-Creep<\/p>\n<\/li>\n<li data-pm-slice=\"1 1 []\">\n<p data-pm-slice=\"1 1 []\">Excelente visibilidad de las horquillas para mayor seguridad<\/p>\n<\/li>\n<li data-pm-slice=\"1 1 []\">\n<p data-pm-slice=\"1 1 []\">Dise\u00f1o que garantiza una operaci\u00f3n clara y precisa<\/p>\n<\/li>\n<li data-pm-slice=\"1 1 []\">\n<p data-pm-slice=\"1 1 []\">Sistema inteligente f\u00e1cil de conectar, monitorizar y optimizar<\/p>\n<\/li>\n<\/ul>\n<h2>Spezifikationen.<\/h2>\n<p data-pm-slice=\"1 1 []\">Carretilla con sistema BT Powerdrive y Castor Link, Click-2-Creep, controles fingertip, frenado electr\u00f3nico, control de velocidad, seguridad del operador, apagado autom\u00e1tico, par\u00e1metros programables, telem\u00e1tica integrada y bot\u00f3n tortuga opcional.<\/p>","protected":false},"excerpt":{"rendered":"<p data-start=\"100\" data-end=\"364\">\u00bfBusca una soluci\u00f3n pr\u00e1ctica y vers\u00e1til para distintas aplicaciones? Esta carretilla cuenta con un tim\u00f3n ergon\u00f3mico y mandos intuitivos, ofreciendo maniobrabilidad sencilla incluso en espacios reducidos.<\/p>\n<p data-start=\"100\" data-end=\"364\"><em><strong>1600 kg | 6,0 km\/h | Carretilla inteligente<\/strong><\/em><\/p>\n<p data-start=\"100\" data-end=\"364\">Standardkonfiguration: Dieses meistverkaufte Modell verf\u00fcgt \u00fcber eine Standardkonfiguration, die Sie problemlos an Ihre spezifischen Bed\u00fcrfnisse anpassen k\u00f6nnen.<\/p>","protected":false},"featured_media":1788,"template":"","meta":{"_joinchat":[]},"product_brand":[],"product_cat":[26,28],"product_tag":[],"class_list":{"0":"post-1787","1":"product","2":"type-product","3":"status-publish","4":"has-post-thumbnail","6":"product_cat-carretillas-elevadoras","7":"product_cat-transpaletas-electricas","9":"first","10":"instock","11":"shipping-taxable","12":"product-type-simple"},"_links":{"self":[{"href":"https:\/\/repmancarretillas.es\/de\/wp-json\/wp\/v2\/product\/1787","targetHints":{"allow":["GET"]}}],"collection":[{"href":"https:\/\/repmancarretillas.es\/de\/wp-json\/wp\/v2\/product"}],"about":[{"href":"https:\/\/repmancarretillas.es\/de\/wp-json\/wp\/v2\/types\/product"}],"version-history":[{"count":1,"href":"https:\/\/repmancarretillas.es\/de\/wp-json\/wp\/v2\/product\/1787\/revisions"}],"predecessor-version":[{"id":1798,"href":"https:\/\/repmancarretillas.es\/de\/wp-json\/wp\/v2\/product\/1787\/revisions\/1798"}],"wp:featuredmedia":[{"embeddable":true,"href":"https:\/\/repmancarretillas.es\/de\/wp-json\/wp\/v2\/media\/1788"}],"wp:attachment":[{"href":"https:\/\/repmancarretillas.es\/de\/wp-json\/wp\/v2\/media?parent=1787"}],"wp:term":[{"taxonomy":"product_brand","embeddable":true,"href":"https:\/\/repmancarretillas.es\/de\/wp-json\/wp\/v2\/product_brand?post=1787"},{"taxonomy":"product_cat","embeddable":true,"href":"https:\/\/repmancarretillas.es\/de\/wp-json\/wp\/v2\/product_cat?post=1787"},{"taxonomy":"product_tag","embeddable":true,"href":"https:\/\/repmancarretillas.es\/de\/wp-json\/wp\/v2\/product_tag?post=1787"}],"curies":[{"name":"wp","href":"https:\/\/api.w.org\/{rel}","templated":true}]}}