{"id":1665,"date":"2026-04-21T16:07:15","date_gmt":"2026-04-21T14:07:15","guid":{"rendered":"https:\/\/repmancarretillas.es\/?post_type=product&#038;p=1665"},"modified":"2026-04-21T16:17:12","modified_gmt":"2026-04-21T14:17:12","slug":"toyota-lifter-con-bascula","status":"publish","type":"product","link":"https:\/\/repmancarretillas.es\/de\/product\/toyota-lifter-con-bascula\/","title":{"rendered":"Toyota Lifter con b\u00e1scula"},"content":{"rendered":"<div class=\"beneficios-producto\">\n<h2>Beneficios clave.<\/h2>\n<ul class=\"beneficios-lista\">\n<li>\n<p data-pm-slice=\"1 1 []\">B\u00e1scula integrada de alta precisi\u00f3n (\u00b10,1 kg)<\/p>\n<\/li>\n<li>\n<p data-pm-slice=\"1 1 []\">Permite pesar y manipular cargas simult\u00e1neamente<\/p>\n<\/li>\n<li>\n<p data-pm-slice=\"1 1 []\">Ideal para entornos industriales y comerciales<\/p>\n<\/li>\n<li>\n<p data-pm-slice=\"1 1 []\">Hasta 5 veces m\u00e1s duradera que productos similares<\/p>\n<\/li>\n<\/ul>\n<h2>Especificaciones.<\/h2>\n<p data-pm-slice=\"0 0 []\">Modelo LHM200SC con tim\u00f3n est\u00e1ndar y b\u00e1scula integrada. Horquillas 540\u00d71150 mm. Ruedas nylon opcionales. Capacidad 2000 kg, elevaci\u00f3n 205 mm, bomba est\u00e1ndar para operaciones de pesaje y transporte.<\/p>\n<\/div>","protected":false},"excerpt":{"rendered":"<p data-pm-slice=\"1 1 []\">\u00bfDesea pesar y transportar mercanc\u00edas en un solo paso? La transpaleta Toyota con b\u00e1scula integrada permite controlar el peso en cualquier punto de la operaci\u00f3n<span style=\"font-size: 16px;\">.<\/span><\/p>\n<p><em><strong>2000 kg | 205 mm | B\u00e1scula<\/strong><\/em><\/p>\n<p>Configure su carretilla seg\u00fan: Longitud de horquillas,\u00a0 B\u00e1scula est\u00e1ndar, Rueda directriz.<\/p>","protected":false},"featured_media":1666,"template":"","meta":{"_joinchat":[]},"product_brand":[],"product_cat":[26,27],"product_tag":[],"class_list":{"0":"post-1665","1":"product","2":"type-product","3":"status-publish","4":"has-post-thumbnail","6":"product_cat-carretillas-elevadoras","7":"product_cat-transpaletas-manuales","9":"first","10":"instock","11":"shipping-taxable","12":"product-type-simple"},"_links":{"self":[{"href":"https:\/\/repmancarretillas.es\/de\/wp-json\/wp\/v2\/product\/1665","targetHints":{"allow":["GET"]}}],"collection":[{"href":"https:\/\/repmancarretillas.es\/de\/wp-json\/wp\/v2\/product"}],"about":[{"href":"https:\/\/repmancarretillas.es\/de\/wp-json\/wp\/v2\/types\/product"}],"version-history":[{"count":1,"href":"https:\/\/repmancarretillas.es\/de\/wp-json\/wp\/v2\/product\/1665\/revisions"}],"predecessor-version":[{"id":1675,"href":"https:\/\/repmancarretillas.es\/de\/wp-json\/wp\/v2\/product\/1665\/revisions\/1675"}],"wp:featuredmedia":[{"embeddable":true,"href":"https:\/\/repmancarretillas.es\/de\/wp-json\/wp\/v2\/media\/1666"}],"wp:attachment":[{"href":"https:\/\/repmancarretillas.es\/de\/wp-json\/wp\/v2\/media?parent=1665"}],"wp:term":[{"taxonomy":"product_brand","embeddable":true,"href":"https:\/\/repmancarretillas.es\/de\/wp-json\/wp\/v2\/product_brand?post=1665"},{"taxonomy":"product_cat","embeddable":true,"href":"https:\/\/repmancarretillas.es\/de\/wp-json\/wp\/v2\/product_cat?post=1665"},{"taxonomy":"product_tag","embeddable":true,"href":"https:\/\/repmancarretillas.es\/de\/wp-json\/wp\/v2\/product_tag?post=1665"}],"curies":[{"name":"wp","href":"https:\/\/api.w.org\/{rel}","templated":true}]}}