{"id":933,"date":"2026-04-12T23:03:25","date_gmt":"2026-04-12T21:03:25","guid":{"rendered":"https:\/\/repmancarretillas.es\/?post_type=product&#038;p=933"},"modified":"2026-04-19T20:01:51","modified_gmt":"2026-04-19T18:01:51","slug":"toyota-tracto-3t","status":"publish","type":"product","link":"https:\/\/repmancarretillas.es\/ar\/product\/toyota-tracto-3t\/","title":{"rendered":"Toyota Tracto 3t"},"content":{"rendered":"<h2>\u0627\u0644\u0641\u0648\u0627\u0626\u062f \u0627\u0644\u0631\u0626\u064a\u0633\u064a\u0629.<\/h2>\n<ul>\n<li data-pm-slice=\"1 1 []\">Tractora de arrastre ideal para transporte horizontal con uso frecuente<\/li>\n<li data-pm-slice=\"1 1 []\">Escal\u00f3n bajo y suelo con opci\u00f3n de amortiguaci\u00f3n de vibraciones<\/li>\n<li data-pm-slice=\"1 1 []\">Sistema E-man ajustable para operaci\u00f3n lateral o acompa\u00f1ada<\/li>\n<li data-pm-slice=\"1 1 []\">Carretilla inteligente f\u00e1cil de conectar, monitorizar y optimizar<\/li>\n<\/ul>\n<h2>\u0627\u0644\u0645\u0648\u0627\u0635\u0641\u0627\u062a.<\/h2>\n<p data-pm-slice=\"1 1 []\">Tractora de alto rendimiento con direcci\u00f3n BT E-man, sistema Powerdrive, escal\u00f3n bajo y m\u00faltiples enganches. Incluye telem\u00e1tica integrada, soporte de film y opciones avanzadas como E-bar y suspensi\u00f3n adaptada.<\/p>","protected":false},"excerpt":{"rendered":"<p data-pm-slice=\"0 0 []\">La serie S de Toyota Tracto es una carretilla contrapesada de alto rendimiento, con capacidad de hasta 5 toneladas y velocidad de hasta 12 km\/h. Ideal para remolque, preparaci\u00f3n de pedidos y transporte eficiente en entornos industriales, con opci\u00f3n de bater\u00eda de litio.<\/p>\n<p data-pm-slice=\"0 0 []\"><em><strong>3000 kg | 620 Ah | 12,0 km\/h | Carretilla inteligente<\/strong><\/em><\/p>\n<p data-pm-slice=\"0 0 []\">Carretilla inteligente: Las carretillas inteligentes incluyen hardware telem\u00e1tico de serie. Estas carretillas pueden conectarse f\u00e1cilmente con I_Site de Toyota, que ofrece informaci\u00f3n sobre la gesti\u00f3n de la bater\u00eda, la geolocalizaci\u00f3n, los impactos y mucho m\u00e1s.<\/p>","protected":false},"featured_media":934,"template":"","meta":{"_joinchat":[]},"product_brand":[],"product_cat":[26,34],"product_tag":[],"class_list":{"0":"post-933","1":"product","2":"type-product","3":"status-publish","4":"has-post-thumbnail","6":"product_cat-carretillas-elevadoras","7":"product_cat-tractores-de-arrastre","9":"first","10":"instock","11":"shipping-taxable","12":"product-type-simple"},"_links":{"self":[{"href":"https:\/\/repmancarretillas.es\/ar\/wp-json\/wp\/v2\/product\/933","targetHints":{"allow":["GET"]}}],"collection":[{"href":"https:\/\/repmancarretillas.es\/ar\/wp-json\/wp\/v2\/product"}],"about":[{"href":"https:\/\/repmancarretillas.es\/ar\/wp-json\/wp\/v2\/types\/product"}],"version-history":[{"count":3,"href":"https:\/\/repmancarretillas.es\/ar\/wp-json\/wp\/v2\/product\/933\/revisions"}],"predecessor-version":[{"id":1034,"href":"https:\/\/repmancarretillas.es\/ar\/wp-json\/wp\/v2\/product\/933\/revisions\/1034"}],"wp:featuredmedia":[{"embeddable":true,"href":"https:\/\/repmancarretillas.es\/ar\/wp-json\/wp\/v2\/media\/934"}],"wp:attachment":[{"href":"https:\/\/repmancarretillas.es\/ar\/wp-json\/wp\/v2\/media?parent=933"}],"wp:term":[{"taxonomy":"product_brand","embeddable":true,"href":"https:\/\/repmancarretillas.es\/ar\/wp-json\/wp\/v2\/product_brand?post=933"},{"taxonomy":"product_cat","embeddable":true,"href":"https:\/\/repmancarretillas.es\/ar\/wp-json\/wp\/v2\/product_cat?post=933"},{"taxonomy":"product_tag","embeddable":true,"href":"https:\/\/repmancarretillas.es\/ar\/wp-json\/wp\/v2\/product_tag?post=933"}],"curies":[{"name":"wp","href":"https:\/\/api.w.org\/{rel}","templated":true}]}}