{"id":923,"date":"2026-04-12T22:55:17","date_gmt":"2026-04-12T20:55:17","guid":{"rendered":"https:\/\/repmancarretillas.es\/?post_type=product&#038;p=923"},"modified":"2026-04-19T19:58:50","modified_gmt":"2026-04-19T17:58:50","slug":"toyota-tonero-tc-glp-1-5t-500mm-lc","status":"publish","type":"product","link":"https:\/\/repmancarretillas.es\/ar\/product\/toyota-tonero-tc-glp-1-5t-500mm-lc\/","title":{"rendered":"\u062a\u0648\u064a\u0648\u062a\u0627 \u062a\u0648\u0646\u064a\u0631\u0648 TC LPG 1.5 \u0637\u0646 500 \u0645\u0645 LC"},"content":{"rendered":"<h2>\u0627\u0644\u0641\u0648\u0627\u0626\u062f \u0627\u0644\u0631\u0626\u064a\u0633\u064a\u0629.<\/h2>\n<ul>\n<li data-pm-slice=\"1 1 []\">Ideal para manipulaci\u00f3n de materiales en interiores y exteriores<\/li>\n<li data-pm-slice=\"1 1 []\">Transmisi\u00f3n por convertidor de par para una conducci\u00f3n suave<\/li>\n<li data-pm-slice=\"1 1 []\">Motor GLP Toyota potente y fiable<\/li>\n<li data-pm-slice=\"1 1 []\">\u0631\u0624\u064a\u0629 \u0645\u0645\u062a\u0627\u0632\u0629 \u0644\u0644\u0634\u0648\u0643 \u0644\u0632\u064a\u0627\u062f\u0629 \u0627\u0644\u0623\u0645\u0627\u0646<\/li>\n<li data-pm-slice=\"1 1 []\">Sistema de Estabilidad Activa (SAS)<\/li>\n<\/ul>\n<h2>\u0627\u0644\u0645\u0648\u0627\u0635\u0641\u0627\u062a.<\/h2>\n<p data-pm-slice=\"1 1 []\">Carretilla con sistemas SAS, OPS y ORS, m\u00e1stil de alta visibilidad, direcci\u00f3n hidr\u00e1ulica, frenos h\u00famedos, ruedas neum\u00e1ticas, filtro cicl\u00f3nico, luces integradas, display con autodiagn\u00f3stico y columna ajustable.<\/p>","protected":false},"excerpt":{"rendered":"<p data-pm-slice=\"1 1 []\">\u00bfBusca una carretilla de combusti\u00f3n interna fiable y eficiente? Las Tonero GLP ofrecen alto rendimiento en trabajos intensivos, tanto en interiores como exteriores, con excelente maniobrabilidad y r\u00e1pida respuesta.<\/p>\n<p data-pm-slice=\"1 1 []\"><em><strong>1500 kg | 7000 mm | 19,0 km\/h<\/strong><\/em><\/p>\n<p data-pm-slice=\"1 1 []\">Excelente visibilidad de todo el entorno: El m\u00e1stil permite a los operadores una excelente visi\u00f3n sobre la carga y el entorno.<\/p>","protected":false},"featured_media":924,"template":"","meta":{"_joinchat":[]},"product_brand":[],"product_cat":[26,33],"product_tag":[],"class_list":{"0":"post-923","1":"product","2":"type-product","3":"status-publish","4":"has-post-thumbnail","6":"product_cat-carretillas-elevadoras","7":"product_cat-contrapesadas-ci","9":"first","10":"instock","11":"shipping-taxable","12":"product-type-simple"},"_links":{"self":[{"href":"https:\/\/repmancarretillas.es\/ar\/wp-json\/wp\/v2\/product\/923","targetHints":{"allow":["GET"]}}],"collection":[{"href":"https:\/\/repmancarretillas.es\/ar\/wp-json\/wp\/v2\/product"}],"about":[{"href":"https:\/\/repmancarretillas.es\/ar\/wp-json\/wp\/v2\/types\/product"}],"version-history":[{"count":3,"href":"https:\/\/repmancarretillas.es\/ar\/wp-json\/wp\/v2\/product\/923\/revisions"}],"predecessor-version":[{"id":1032,"href":"https:\/\/repmancarretillas.es\/ar\/wp-json\/wp\/v2\/product\/923\/revisions\/1032"}],"wp:featuredmedia":[{"embeddable":true,"href":"https:\/\/repmancarretillas.es\/ar\/wp-json\/wp\/v2\/media\/924"}],"wp:attachment":[{"href":"https:\/\/repmancarretillas.es\/ar\/wp-json\/wp\/v2\/media?parent=923"}],"wp:term":[{"taxonomy":"product_brand","embeddable":true,"href":"https:\/\/repmancarretillas.es\/ar\/wp-json\/wp\/v2\/product_brand?post=923"},{"taxonomy":"product_cat","embeddable":true,"href":"https:\/\/repmancarretillas.es\/ar\/wp-json\/wp\/v2\/product_cat?post=923"},{"taxonomy":"product_tag","embeddable":true,"href":"https:\/\/repmancarretillas.es\/ar\/wp-json\/wp\/v2\/product_tag?post=923"}],"curies":[{"name":"wp","href":"https:\/\/api.w.org\/{rel}","templated":true}]}}