{"id":900,"date":"2026-04-12T22:39:55","date_gmt":"2026-04-12T20:39:55","guid":{"rendered":"https:\/\/repmancarretillas.es\/?post_type=product&#038;p=900"},"modified":"2026-04-19T19:39:56","modified_gmt":"2026-04-19T17:39:56","slug":"bt-reflex-1-2-basic","status":"publish","type":"product","link":"https:\/\/repmancarretillas.es\/ar\/product\/bt-reflex-1-2-basic\/","title":{"rendered":"\u0628\u064a \u062a\u064a \u0631\u064a\u0641\u0644\u0643\u0633 1.2 \u0627\u0644\u0623\u0633\u0627\u0633\u064a"},"content":{"rendered":"<h2>\u0627\u0644\u0641\u0648\u0627\u0626\u062f \u0627\u0644\u0631\u0626\u064a\u0633\u064a\u0629.<\/h2>\n<ul>\n<li data-pm-slice=\"1 1 []\">Carretilla retr\u00e1ctil para aplicaciones de baja intensidad<\/li>\n<li data-pm-slice=\"1 1 []\">Manejo sencillo e intuitivo<\/li>\n<li data-pm-slice=\"1 1 []\">Compartimiento del operador ajustable para mayor comodidad<\/li>\n<li data-pm-slice=\"1 1 []\">Direcci\u00f3n de 360\u00b0 que permite movimientos \u00e1giles y fluidos<\/li>\n<\/ul>\n<h2>\u0627\u0644\u0645\u0648\u0627\u0635\u0641\u0627\u062a.<\/h2>\n<p data-pm-slice=\"1 1 []\">El modelo RRE120B soporta 1200 kg y eleva hasta 7000 mm. Funciona a 48 V con bater\u00eda de 465 Ah, alcanzando una velocidad m\u00e1xima de 10,0 km\/h en operaci\u00f3n.<\/p>","protected":false},"excerpt":{"rendered":"<p data-start=\"100\" data-end=\"298\">\u00bfBusca una carretilla retr\u00e1ctil eficiente y f\u00e1cil de manejar? La BT Reflex RRE120B es ideal para aplicaciones b\u00e1sicas, ofreciendo un rendimiento fiable y una altura de elevaci\u00f3n de hasta 8,5 metros.<\/p>\n<p data-start=\"100\" data-end=\"298\"><em><strong>1200 kg | 7000 mm | 10,0 km\/h<\/strong><\/em><\/p>\n<p data-start=\"100\" data-end=\"298\">\u0627\u0644\u062a\u0643\u0648\u064a\u0646 \u0627\u0644\u0642\u064a\u0627\u0633\u064a: \u064a\u062a\u0636\u0645\u0646 \u0647\u0630\u0627 \u0627\u0644\u0637\u0631\u0627\u0632 \u0627\u0644\u0623\u0643\u062b\u0631 \u0645\u0628\u064a\u0639\u064b\u0627 \u062a\u0643\u0648\u064a\u0646\u064b\u0627 \u0627\u0641\u062a\u0631\u0627\u0636\u064a\u064b\u0627 \u064a\u0645\u0643\u0646\u0643 \u062a\u0639\u062f\u064a\u0644\u0647 \u0628\u0633\u0647\u0648\u0644\u0629 \u0644\u064a\u0646\u0627\u0633\u0628 \u0627\u062d\u062a\u064a\u0627\u062c\u0627\u062a\u0643 \u0627\u0644\u062e\u0627\u0635\u0629.<\/p>","protected":false},"featured_media":901,"template":"","meta":{"_joinchat":[]},"product_brand":[],"product_cat":[26,31],"product_tag":[],"class_list":{"0":"post-900","1":"product","2":"type-product","3":"status-publish","4":"has-post-thumbnail","6":"product_cat-carretillas-elevadoras","7":"product_cat-carretillas-retractiles","9":"first","10":"instock","11":"shipping-taxable","12":"product-type-simple"},"_links":{"self":[{"href":"https:\/\/repmancarretillas.es\/ar\/wp-json\/wp\/v2\/product\/900","targetHints":{"allow":["GET"]}}],"collection":[{"href":"https:\/\/repmancarretillas.es\/ar\/wp-json\/wp\/v2\/product"}],"about":[{"href":"https:\/\/repmancarretillas.es\/ar\/wp-json\/wp\/v2\/types\/product"}],"version-history":[{"count":3,"href":"https:\/\/repmancarretillas.es\/ar\/wp-json\/wp\/v2\/product\/900\/revisions"}],"predecessor-version":[{"id":1028,"href":"https:\/\/repmancarretillas.es\/ar\/wp-json\/wp\/v2\/product\/900\/revisions\/1028"}],"wp:featuredmedia":[{"embeddable":true,"href":"https:\/\/repmancarretillas.es\/ar\/wp-json\/wp\/v2\/media\/901"}],"wp:attachment":[{"href":"https:\/\/repmancarretillas.es\/ar\/wp-json\/wp\/v2\/media?parent=900"}],"wp:term":[{"taxonomy":"product_brand","embeddable":true,"href":"https:\/\/repmancarretillas.es\/ar\/wp-json\/wp\/v2\/product_brand?post=900"},{"taxonomy":"product_cat","embeddable":true,"href":"https:\/\/repmancarretillas.es\/ar\/wp-json\/wp\/v2\/product_cat?post=900"},{"taxonomy":"product_tag","embeddable":true,"href":"https:\/\/repmancarretillas.es\/ar\/wp-json\/wp\/v2\/product_tag?post=900"}],"curies":[{"name":"wp","href":"https:\/\/api.w.org\/{rel}","templated":true}]}}