{"id":891,"date":"2026-04-12T22:29:51","date_gmt":"2026-04-12T20:29:51","guid":{"rendered":"https:\/\/repmancarretillas.es\/?post_type=product&#038;p=891"},"modified":"2026-04-19T19:35:28","modified_gmt":"2026-04-19T17:35:28","slug":"bt-optio-10-t-de-nivel-medio-con-horquillas-elevables","status":"publish","type":"product","link":"https:\/\/repmancarretillas.es\/ar\/product\/bt-optio-10-t-de-nivel-medio-con-horquillas-elevables\/","title":{"rendered":"BT Optio 1.0 t \u0645\u062a\u0648\u0633\u0637 \u0627\u0644\u0645\u0633\u062a\u0648\u0649 \u0645\u0639 \u0634\u0648\u0643\u0627\u062a \u0631\u0641\u0639"},"content":{"rendered":"<h2>\u0627\u0644\u0641\u0648\u0627\u0626\u062f \u0627\u0644\u0631\u0626\u064a\u0633\u064a\u0629.<\/h2>\n<ul>\n<li data-pm-slice=\"1 1 []\">Recogida de pedidos hasta 3,4 m en espacios reducidos<\/li>\n<li data-pm-slice=\"1 1 []\">Elevador auxiliar para mantener una posici\u00f3n ergon\u00f3mica de trabajo<\/li>\n<li data-pm-slice=\"1 1 []\">Chasis estrecho de 810 mm para mayor maniobrabilidad<\/li>\n<li data-pm-slice=\"1 1 []\">Acceso c\u00f3modo para subir y bajar del equipo<\/li>\n<li data-pm-slice=\"1 1 []\">Disponible con bater\u00eda de tecnolog\u00eda Li-ion<\/li>\n<\/ul>\n<h2>\u0627\u0644\u0645\u0648\u0627\u0635\u0641\u0627\u062a.<\/h2>\n<p data-pm-slice=\"1 1 []\">El modelo OME100N soporta 1000 kg y eleva hasta 2480 mm. Funciona a 24 V con bater\u00eda de 620 Ah, alcanzando una velocidad m\u00e1xima de 12,0 km\/h.<\/p>\n<p>&nbsp;<\/p>","protected":false},"excerpt":{"rendered":"<p data-pm-slice=\"1 1 []\">Los recogepedidos de nivel medio BT Optio, con chasis estrecho, est\u00e1n dise\u00f1ados para operaciones de picking hasta 3,4 metros. Incorporan horquillas elevables que facilitan la colocaci\u00f3n de los art\u00edculos en el pallet o plataforma.<\/p>\n<p data-pm-slice=\"1 1 []\"><em><strong>1000 kg | 2480 mm | 12,0 km\/h | Carretilla inteligente<\/strong><\/em><\/p>\n<p data-pm-slice=\"1 1 []\">Carretilla inteligente: Las carretillas inteligentes incluyen hardware telem\u00e1tico de serie. Estas carretillas pueden conectarse f\u00e1cilmente con I_Site de Toyota, que ofrece informaci\u00f3n sobre la gesti\u00f3n de la bater\u00eda, la geolocalizaci\u00f3n, los impactos y mucho m\u00e1s.<\/p>","protected":false},"featured_media":892,"template":"","meta":{"_joinchat":[]},"product_brand":[],"product_cat":[26,30],"product_tag":[],"class_list":{"0":"post-891","1":"product","2":"type-product","3":"status-publish","4":"has-post-thumbnail","6":"product_cat-carretillas-elevadoras","7":"product_cat-recogepedidos","9":"first","10":"instock","11":"shipping-taxable","12":"product-type-simple"},"_links":{"self":[{"href":"https:\/\/repmancarretillas.es\/ar\/wp-json\/wp\/v2\/product\/891","targetHints":{"allow":["GET"]}}],"collection":[{"href":"https:\/\/repmancarretillas.es\/ar\/wp-json\/wp\/v2\/product"}],"about":[{"href":"https:\/\/repmancarretillas.es\/ar\/wp-json\/wp\/v2\/types\/product"}],"version-history":[{"count":3,"href":"https:\/\/repmancarretillas.es\/ar\/wp-json\/wp\/v2\/product\/891\/revisions"}],"predecessor-version":[{"id":1026,"href":"https:\/\/repmancarretillas.es\/ar\/wp-json\/wp\/v2\/product\/891\/revisions\/1026"}],"wp:featuredmedia":[{"embeddable":true,"href":"https:\/\/repmancarretillas.es\/ar\/wp-json\/wp\/v2\/media\/892"}],"wp:attachment":[{"href":"https:\/\/repmancarretillas.es\/ar\/wp-json\/wp\/v2\/media?parent=891"}],"wp:term":[{"taxonomy":"product_brand","embeddable":true,"href":"https:\/\/repmancarretillas.es\/ar\/wp-json\/wp\/v2\/product_brand?post=891"},{"taxonomy":"product_cat","embeddable":true,"href":"https:\/\/repmancarretillas.es\/ar\/wp-json\/wp\/v2\/product_cat?post=891"},{"taxonomy":"product_tag","embeddable":true,"href":"https:\/\/repmancarretillas.es\/ar\/wp-json\/wp\/v2\/product_tag?post=891"}],"curies":[{"name":"wp","href":"https:\/\/api.w.org\/{rel}","templated":true}]}}