{"id":3745,"date":"2026-04-29T18:54:41","date_gmt":"2026-04-29T16:54:41","guid":{"rendered":"https:\/\/repmancarretillas.es\/?post_type=product&#038;p=3745"},"modified":"2026-04-29T18:58:40","modified_gmt":"2026-04-29T16:58:40","slug":"bt-staxio-1-2t-con-plataforma-y-mastil-retractil","status":"publish","type":"product","link":"https:\/\/repmancarretillas.es\/ar\/product\/bt-staxio-1-2t-con-plataforma-y-mastil-retractil\/","title":{"rendered":"BT Staxio 1.2t con plataforma y m\u00e1stil retr\u00e1ctil"},"content":{"rendered":"<h2>\u0627\u0644\u0641\u0648\u0627\u0626\u062f \u0627\u0644\u0631\u0626\u064a\u0633\u064a\u0629.<\/h2>\n<ul>\n<li data-pm-slice=\"1 1 []\">\n<p data-pm-slice=\"1 1 []\">Integra la compacidad de un apilador con la versatilidad de una retr\u00e1ctil<\/p>\n<\/li>\n<li data-pm-slice=\"1 1 []\">\n<p data-pm-slice=\"1 1 []\">Compartimiento del operador ajustable para mayor comodidad<\/p>\n<\/li>\n<li data-pm-slice=\"1 1 []\">\n<p data-pm-slice=\"1 1 []\">Tim\u00f3n con dise\u00f1o ergon\u00f3mico para un manejo eficiente<\/p>\n<\/li>\n<li data-pm-slice=\"1 1 []\">\n<p data-pm-slice=\"1 1 []\">Sistema de control que garantiza una operaci\u00f3n segura<\/p>\n<\/li>\n<li data-pm-slice=\"1 1 []\">\n<p data-pm-slice=\"1 1 []\">Carretilla inteligente con conectividad, monitoreo y optimizaci\u00f3n avanzada<\/p>\n<\/li>\n<\/ul>\n<h2>\u0627\u0644\u0645\u0648\u0627\u0635\u0641\u0627\u062a.<\/h2>\n<p data-pm-slice=\"1 1 []\">Direcci\u00f3n de 180\u00b0 con asistencia electr\u00f3nica, m\u00e1stil retr\u00e1ctil tipo pant\u00f3grafo, horquillas ajustables, Sensi-lift, tim\u00f3n regulable, controles electr\u00f3nicos, acceso seguro, mantenimiento f\u00e1cil y sistema telematics integrado inteligente.<\/p>","protected":false},"excerpt":{"rendered":"<p data-pm-slice=\"1 1 []\">La uni\u00f3n entre la compacidad de un apilador y la versatilidad de una carretilla retr\u00e1ctil da como resultado una soluci\u00f3n eficiente capaz de manipular todo tipo de pal\u00e9s. Este apilador con plataforma es perfecto para pasillos estrechos, optimizando el espacio de almacenamiento y reduciendo costos operativos.<\/p>\n<p><em><strong>1200 kg | 4800 mm | 8,0 km\/h | Carretilla inteligente<\/strong><\/em><\/p>\n<p>Plataforma del operador abatible: Permite largos desplazamientos a bordo y tambi\u00e9n el plegado para facilitar las maniobras<\/p>","protected":false},"featured_media":3746,"template":"","meta":{"_joinchat":[]},"product_brand":[],"product_cat":[29,26],"product_tag":[],"class_list":{"0":"post-3745","1":"product","2":"type-product","3":"status-publish","4":"has-post-thumbnail","6":"product_cat-apiladores-electricos","7":"product_cat-carretillas-elevadoras","9":"first","10":"instock","11":"shipping-taxable","12":"product-type-simple"},"_links":{"self":[{"href":"https:\/\/repmancarretillas.es\/ar\/wp-json\/wp\/v2\/product\/3745","targetHints":{"allow":["GET"]}}],"collection":[{"href":"https:\/\/repmancarretillas.es\/ar\/wp-json\/wp\/v2\/product"}],"about":[{"href":"https:\/\/repmancarretillas.es\/ar\/wp-json\/wp\/v2\/types\/product"}],"version-history":[{"count":1,"href":"https:\/\/repmancarretillas.es\/ar\/wp-json\/wp\/v2\/product\/3745\/revisions"}],"predecessor-version":[{"id":3749,"href":"https:\/\/repmancarretillas.es\/ar\/wp-json\/wp\/v2\/product\/3745\/revisions\/3749"}],"wp:featuredmedia":[{"embeddable":true,"href":"https:\/\/repmancarretillas.es\/ar\/wp-json\/wp\/v2\/media\/3746"}],"wp:attachment":[{"href":"https:\/\/repmancarretillas.es\/ar\/wp-json\/wp\/v2\/media?parent=3745"}],"wp:term":[{"taxonomy":"product_brand","embeddable":true,"href":"https:\/\/repmancarretillas.es\/ar\/wp-json\/wp\/v2\/product_brand?post=3745"},{"taxonomy":"product_cat","embeddable":true,"href":"https:\/\/repmancarretillas.es\/ar\/wp-json\/wp\/v2\/product_cat?post=3745"},{"taxonomy":"product_tag","embeddable":true,"href":"https:\/\/repmancarretillas.es\/ar\/wp-json\/wp\/v2\/product_tag?post=3745"}],"curies":[{"name":"wp","href":"https:\/\/api.w.org\/{rel}","templated":true}]}}