{"id":3623,"date":"2026-04-29T02:36:08","date_gmt":"2026-04-29T00:36:08","guid":{"rendered":"https:\/\/repmancarretillas.es\/?post_type=product&#038;p=3623"},"modified":"2026-04-29T02:40:06","modified_gmt":"2026-04-29T00:40:06","slug":"toyota-traigo-48v-4-ruedas-2-toneladas","status":"publish","type":"product","link":"https:\/\/repmancarretillas.es\/ar\/product\/toyota-traigo-48v-4-ruedas-2-toneladas\/","title":{"rendered":"Toyota Traigo 48V 4 Ruedas 2 Toneladas"},"content":{"rendered":"<h2>\u0627\u0644\u0641\u0648\u0627\u0626\u062f \u0627\u0644\u0631\u0626\u064a\u0633\u064a\u0629.<\/h2>\n<ul>\n<li data-pm-slice=\"1 1 []\">\n<p data-pm-slice=\"1 1 []\">Operaci\u00f3n eficiente tanto en interiores como exteriores.<\/p>\n<\/li>\n<li data-pm-slice=\"1 1 []\">\n<p data-pm-slice=\"1 1 []\">Alta estabilidad en todo tipo de condiciones.<\/p>\n<\/li>\n<li data-pm-slice=\"1 1 []\">\n<p data-pm-slice=\"1 1 []\">Excelente visibilidad de las horquillas a cualquier altura.<\/p>\n<\/li>\n<li data-pm-slice=\"1 1 []\">\n<p data-pm-slice=\"1 1 []\">Manipulaci\u00f3n de cargas segura y fiable.<\/p>\n<\/li>\n<li data-pm-slice=\"1 1 []\">\n<p data-pm-slice=\"1 1 []\">Disponible con bater\u00edas de litio.<\/p>\n<\/li>\n<\/ul>\n<h2>\u0627\u0644\u0645\u0648\u0627\u0635\u0641\u0627\u062a.<\/h2>\n<p data-pm-slice=\"1 1 []\">Carretilla con Toyota SAS, sistema AC2, asiento ORS, m\u00e1stil 3300 mm, horquillas 1000 mm, frenos en aceite, ruedas superel\u00e1sticas, direcci\u00f3n hidr\u00e1ulica y display digital multifunci\u00f3n.<\/p>","protected":false},"excerpt":{"rendered":"<p data-pm-slice=\"1 1 []\">\u00bfBusca una carretilla contrapesada fiable y vers\u00e1til? La Traigo48 combina potencia y flexibilidad, alcanzando hasta 20 km\/h y ofreciendo alta aceleraci\u00f3n para operaciones intensivas en interior y exterior. Su dise\u00f1o de cuatro ruedas garantiza estabilidad en superficies irregulares.<\/p>\n<p data-pm-slice=\"1 1 []\"><em><strong>2000 kg | 48 volt | 20,0 km\/h<\/strong><\/em><\/p>\n<ul>\n<li data-pm-slice=\"1 1 []\">Entrega disponible en 24 horas.<\/li>\n<li data-pm-slice=\"1 1 []\">Cancelaci\u00f3n gratuita hasta 2 d\u00edas antes del inicio del alquiler.<\/li>\n<li data-pm-slice=\"1 1 []\">Amplia gama de equipos con servicio completo incluido.<\/li>\n<li data-pm-slice=\"1 1 []\">Alta flexibilidad adaptada a las necesidades del negocio.<\/li>\n<\/ul>","protected":false},"featured_media":3624,"template":"","meta":{"_joinchat":[]},"product_brand":[],"product_cat":[36,41],"product_tag":[],"class_list":{"0":"post-3623","1":"product","2":"type-product","3":"status-publish","4":"has-post-thumbnail","6":"product_cat-carretillas-elevadoras-para-alquiler","7":"product_cat-contrapesadas-electricas-alquiler","9":"first","10":"instock","11":"shipping-taxable","12":"product-type-simple"},"_links":{"self":[{"href":"https:\/\/repmancarretillas.es\/ar\/wp-json\/wp\/v2\/product\/3623","targetHints":{"allow":["GET"]}}],"collection":[{"href":"https:\/\/repmancarretillas.es\/ar\/wp-json\/wp\/v2\/product"}],"about":[{"href":"https:\/\/repmancarretillas.es\/ar\/wp-json\/wp\/v2\/types\/product"}],"version-history":[{"count":1,"href":"https:\/\/repmancarretillas.es\/ar\/wp-json\/wp\/v2\/product\/3623\/revisions"}],"predecessor-version":[{"id":3632,"href":"https:\/\/repmancarretillas.es\/ar\/wp-json\/wp\/v2\/product\/3623\/revisions\/3632"}],"wp:featuredmedia":[{"embeddable":true,"href":"https:\/\/repmancarretillas.es\/ar\/wp-json\/wp\/v2\/media\/3624"}],"wp:attachment":[{"href":"https:\/\/repmancarretillas.es\/ar\/wp-json\/wp\/v2\/media?parent=3623"}],"wp:term":[{"taxonomy":"product_brand","embeddable":true,"href":"https:\/\/repmancarretillas.es\/ar\/wp-json\/wp\/v2\/product_brand?post=3623"},{"taxonomy":"product_cat","embeddable":true,"href":"https:\/\/repmancarretillas.es\/ar\/wp-json\/wp\/v2\/product_cat?post=3623"},{"taxonomy":"product_tag","embeddable":true,"href":"https:\/\/repmancarretillas.es\/ar\/wp-json\/wp\/v2\/product_tag?post=3623"}],"curies":[{"name":"wp","href":"https:\/\/api.w.org\/{rel}","templated":true}]}}