{"id":3496,"date":"2026-04-29T01:28:39","date_gmt":"2026-04-28T23:28:39","guid":{"rendered":"https:\/\/repmancarretillas.es\/?post_type=product&#038;p=3496"},"modified":"2026-04-29T01:32:51","modified_gmt":"2026-04-28T23:32:51","slug":"bt-optio-10-t-de-nivel-bajo-con-horquillas-elevables-2","status":"publish","type":"product","link":"https:\/\/repmancarretillas.es\/ar\/product\/bt-optio-10-t-de-nivel-bajo-con-horquillas-elevables-2\/","title":{"rendered":"BT Optio 1.0 t \u0645\u0633\u062a\u0648\u0649 \u0645\u0646\u062e\u0641\u0636 \u0645\u0639 \u0634\u0648\u0643\u0627\u062a \u0631\u0641\u0639"},"content":{"rendered":"<h2>\u0627\u0644\u0641\u0648\u0627\u0626\u062f \u0627\u0644\u0631\u0626\u064a\u0633\u064a\u0629.<\/h2>\n<ul>\n<li data-pm-slice=\"1 1 []\">\n<p data-pm-slice=\"1 1 []\">Preparaci\u00f3n de pedidos hasta 2,8 m con horquillas elevables para mayor ergonom\u00eda.<\/p>\n<\/li>\n<li data-pm-slice=\"1 1 []\">\n<p data-pm-slice=\"1 1 []\">Plataforma elevadora que facilita el acceso al tercer nivel.<\/p>\n<\/li>\n<li data-pm-slice=\"1 1 []\">\n<p data-pm-slice=\"1 1 []\">Manejo sencillo con una sola mano mediante funci\u00f3n E-man.<\/p>\n<\/li>\n<li data-pm-slice=\"1 1 []\">\n<p data-pm-slice=\"1 1 []\">Acceso c\u00f3modo de subida y bajada.<\/p>\n<\/li>\n<li data-pm-slice=\"1 1 []\">\n<p data-pm-slice=\"1 1 []\">Disponible con tecnolog\u00eda de bater\u00eda Li-ion.<\/p>\n<\/li>\n<\/ul>\n<h2>\u0627\u0644\u0645\u0648\u0627\u0635\u0641\u0627\u062a.<\/h2>\n<p data-pm-slice=\"1 1 []\">Recogepedidos BT Optio con direcci\u00f3n E-man, escal\u00f3n bajo, variantes hombre arriba, sistema BT Powerdrive, soporte retr\u00e1ctil integrado, gesti\u00f3n E-bar opcional y telem\u00e1tica inteligente para alto rendimiento operativo.<\/p>","protected":false},"excerpt":{"rendered":"<p data-pm-slice=\"1 1 []\">El recogepedidos BT Optio de bajo nivel con operador a bordo y plataforma elevable hasta 1,2 m permite preparar pedidos hasta el tercer nivel. La elevaci\u00f3n inicial de las horquillas mejora la ergonom\u00eda al posicionar la carga a una altura \u00f3ptima.<\/p>\n<p data-pm-slice=\"1 1 []\"><em><strong>1000 kg | 1880 mm | 12,0 km\/h | Carretilla inteligente<\/strong><\/em><\/p>\n<ul>\n<li data-pm-slice=\"1 1 []\">Entrega disponible en 24 horas.<\/li>\n<li data-pm-slice=\"1 1 []\">Cancelaci\u00f3n gratuita hasta 2 d\u00edas antes del inicio del alquiler.<\/li>\n<li data-pm-slice=\"1 1 []\">Amplia gama de equipos con servicio completo incluido.<\/li>\n<li data-pm-slice=\"1 1 []\">Alta flexibilidad adaptada a las necesidades del negocio.<\/li>\n<\/ul>","protected":false},"featured_media":3497,"template":"","meta":{"_joinchat":[]},"product_brand":[],"product_cat":[36,39],"product_tag":[],"class_list":{"0":"post-3496","1":"product","2":"type-product","3":"status-publish","4":"has-post-thumbnail","6":"product_cat-carretillas-elevadoras-para-alquiler","7":"product_cat-recogepedidos-alquiler","9":"first","10":"instock","11":"shipping-taxable","12":"product-type-simple"},"_links":{"self":[{"href":"https:\/\/repmancarretillas.es\/ar\/wp-json\/wp\/v2\/product\/3496","targetHints":{"allow":["GET"]}}],"collection":[{"href":"https:\/\/repmancarretillas.es\/ar\/wp-json\/wp\/v2\/product"}],"about":[{"href":"https:\/\/repmancarretillas.es\/ar\/wp-json\/wp\/v2\/types\/product"}],"version-history":[{"count":1,"href":"https:\/\/repmancarretillas.es\/ar\/wp-json\/wp\/v2\/product\/3496\/revisions"}],"predecessor-version":[{"id":3504,"href":"https:\/\/repmancarretillas.es\/ar\/wp-json\/wp\/v2\/product\/3496\/revisions\/3504"}],"wp:featuredmedia":[{"embeddable":true,"href":"https:\/\/repmancarretillas.es\/ar\/wp-json\/wp\/v2\/media\/3497"}],"wp:attachment":[{"href":"https:\/\/repmancarretillas.es\/ar\/wp-json\/wp\/v2\/media?parent=3496"}],"wp:term":[{"taxonomy":"product_brand","embeddable":true,"href":"https:\/\/repmancarretillas.es\/ar\/wp-json\/wp\/v2\/product_brand?post=3496"},{"taxonomy":"product_cat","embeddable":true,"href":"https:\/\/repmancarretillas.es\/ar\/wp-json\/wp\/v2\/product_cat?post=3496"},{"taxonomy":"product_tag","embeddable":true,"href":"https:\/\/repmancarretillas.es\/ar\/wp-json\/wp\/v2\/product_tag?post=3496"}],"curies":[{"name":"wp","href":"https:\/\/api.w.org\/{rel}","templated":true}]}}