{"id":3490,"date":"2026-04-29T01:23:24","date_gmt":"2026-04-28T23:23:24","guid":{"rendered":"https:\/\/repmancarretillas.es\/?post_type=product&#038;p=3490"},"modified":"2026-04-29T01:28:24","modified_gmt":"2026-04-28T23:28:24","slug":"bt-optio-10-t-de-nivel-alto-con-horquillas-elevables-2","status":"publish","type":"product","link":"https:\/\/repmancarretillas.es\/ar\/product\/bt-optio-10-t-de-nivel-alto-con-horquillas-elevables-2\/","title":{"rendered":"\u0631\u0627\u0641\u0639\u0629 BT Optio 1.0 t \u0639\u0627\u0644\u064a\u0629 \u0627\u0644\u0645\u0633\u062a\u0648\u0649 \u0645\u0632\u0648\u062f\u0629 \u0628\u0634\u0648\u0643\u0627\u062a \u0631\u0641\u0639"},"content":{"rendered":"<h2>\u0627\u0644\u0641\u0648\u0627\u0626\u062f \u0627\u0644\u0631\u0626\u064a\u0633\u064a\u0629.<\/h2>\n<ul>\n<li data-pm-slice=\"1 1 []\">\n<p data-pm-slice=\"1 1 []\">Preparaci\u00f3n de pedidos hasta 12,1 m con horquillas elevables para mayor ergonom\u00eda.<\/p>\n<\/li>\n<li data-pm-slice=\"1 1 []\">\n<p data-pm-slice=\"1 1 []\">Elevador inicial que optimiza la altura de trabajo.<\/p>\n<\/li>\n<li data-pm-slice=\"1 1 []\">\n<p data-pm-slice=\"1 1 []\">Excelente visibilidad panor\u00e1mica para mayor seguridad.<\/p>\n<\/li>\n<li data-pm-slice=\"1 1 []\">\n<p data-pm-slice=\"1 1 []\">Cabina confortable con mandos ajustables para todo tipo de operarios.<\/p>\n<\/li>\n<li data-pm-slice=\"1 1 []\">\n<p data-pm-slice=\"1 1 []\">Disponible con tecnolog\u00eda de bater\u00eda Li-ion.<\/p>\n<\/li>\n<\/ul>\n<h2>\u0627\u0644\u0645\u0648\u0627\u0635\u0641\u0627\u062a.<\/h2>\n<p data-pm-slice=\"1 1 []\">Recogepedidos BT Optio con gran altura, motor AC potente, frenado regenerativo, cabina amplia, controles ajustables, guiado por cable o ra\u00edl, sistema Optipace, rendimiento programable y telem\u00e1tica inteligente integrada.<\/p>","protected":false},"excerpt":{"rendered":"<p data-pm-slice=\"1 1 []\">El recogepedidos BT Optio de alto nivel de la serie H establece nuevos est\u00e1ndares en la preparaci\u00f3n de pedidos en altura. Su dise\u00f1o compacto garantiza m\u00e1xima flexibilidad y eficiencia operativa.<\/p>\n<p data-pm-slice=\"1 1 []\"><em><strong>1000 kg | 11137 mm | 12,0 km\/h | Carretilla inteligente<\/strong><\/em><\/p>\n<ul>\n<li data-pm-slice=\"1 1 []\">Entrega disponible en 24 horas.<\/li>\n<li data-pm-slice=\"1 1 []\">Cancelaci\u00f3n gratuita hasta 2 d\u00edas antes del inicio del alquiler.<\/li>\n<li data-pm-slice=\"1 1 []\">Amplia gama de equipos con servicio completo incluido.<\/li>\n<li data-pm-slice=\"1 1 []\">Alta flexibilidad adaptada a las necesidades del negocio.<\/li>\n<\/ul>","protected":false},"featured_media":3491,"template":"","meta":{"_joinchat":[]},"product_brand":[],"product_cat":[36,39],"product_tag":[],"class_list":{"0":"post-3490","1":"product","2":"type-product","3":"status-publish","4":"has-post-thumbnail","6":"product_cat-carretillas-elevadoras-para-alquiler","7":"product_cat-recogepedidos-alquiler","9":"first","10":"instock","11":"shipping-taxable","12":"product-type-simple"},"_links":{"self":[{"href":"https:\/\/repmancarretillas.es\/ar\/wp-json\/wp\/v2\/product\/3490","targetHints":{"allow":["GET"]}}],"collection":[{"href":"https:\/\/repmancarretillas.es\/ar\/wp-json\/wp\/v2\/product"}],"about":[{"href":"https:\/\/repmancarretillas.es\/ar\/wp-json\/wp\/v2\/types\/product"}],"version-history":[{"count":1,"href":"https:\/\/repmancarretillas.es\/ar\/wp-json\/wp\/v2\/product\/3490\/revisions"}],"predecessor-version":[{"id":3495,"href":"https:\/\/repmancarretillas.es\/ar\/wp-json\/wp\/v2\/product\/3490\/revisions\/3495"}],"wp:featuredmedia":[{"embeddable":true,"href":"https:\/\/repmancarretillas.es\/ar\/wp-json\/wp\/v2\/media\/3491"}],"wp:attachment":[{"href":"https:\/\/repmancarretillas.es\/ar\/wp-json\/wp\/v2\/media?parent=3490"}],"wp:term":[{"taxonomy":"product_brand","embeddable":true,"href":"https:\/\/repmancarretillas.es\/ar\/wp-json\/wp\/v2\/product_brand?post=3490"},{"taxonomy":"product_cat","embeddable":true,"href":"https:\/\/repmancarretillas.es\/ar\/wp-json\/wp\/v2\/product_cat?post=3490"},{"taxonomy":"product_tag","embeddable":true,"href":"https:\/\/repmancarretillas.es\/ar\/wp-json\/wp\/v2\/product_tag?post=3490"}],"curies":[{"name":"wp","href":"https:\/\/api.w.org\/{rel}","templated":true}]}}