{"id":3323,"date":"2026-04-28T22:36:55","date_gmt":"2026-04-28T20:36:55","guid":{"rendered":"https:\/\/repmancarretillas.es\/?post_type=product&#038;p=3323"},"modified":"2026-04-28T22:43:36","modified_gmt":"2026-04-28T20:43:36","slug":"bt-levio-2-toneladas-2","status":"publish","type":"product","link":"https:\/\/repmancarretillas.es\/ar\/product\/bt-levio-2-toneladas-2\/","title":{"rendered":"BT Levio 2 \u0637\u0646"},"content":{"rendered":"<h2>\u0627\u0644\u0641\u0648\u0627\u0626\u062f \u0627\u0644\u0631\u0626\u064a\u0633\u064a\u0629.<\/h2>\n<ul>\n<li data-pm-slice=\"1 1 []\">\n<p data-pm-slice=\"1 1 []\">Dise\u00f1ada para uso intensivo con cargas pesadas.<\/p>\n<\/li>\n<li data-pm-slice=\"1 1 []\">\n<p data-pm-slice=\"1 1 []\">Control con los dedos para conducci\u00f3n, elevaci\u00f3n y descenso, con funci\u00f3n Click-2-Creep.<\/p>\n<\/li>\n<li data-pm-slice=\"1 1 []\">\n<p data-pm-slice=\"1 1 []\">Visi\u00f3n clara y segura de las horquillas.<\/p>\n<\/li>\n<li data-pm-slice=\"1 1 []\">\n<p data-pm-slice=\"1 1 []\">Carretilla inteligente de f\u00e1cil conexi\u00f3n, monitorizaci\u00f3n y optimizaci\u00f3n.<\/p>\n<\/li>\n<\/ul>\n<h2>\u0627\u0644\u0645\u0648\u0627\u0635\u0641\u0627\u062a.<\/h2>\n<p data-pm-slice=\"1 1 []\">Transpaleta el\u00e9ctrica con BT Powerdrive y Castor Link, Click-2-Creep, controles ergon\u00f3micos, frenado electr\u00f3nico, control de velocidad, seguridad del operador, desconexi\u00f3n autom\u00e1tica, par\u00e1metros programables y telem\u00e1tica inteligente con opciones avanzadas integradas.<\/p>","protected":false},"excerpt":{"rendered":"<p data-pm-slice=\"1 1 []\">\u00bfBusca una soluci\u00f3n vers\u00e1til y f\u00e1cil de operar para m\u00faltiples aplicaciones? Las transpaletas el\u00e9ctricas BT Levio est\u00e1n dise\u00f1adas con un enfoque en la seguridad e incorporan un tim\u00f3n ergon\u00f3mico con controles accesibles. En espacios reducidos, permiten maniobras precisas mediante el sistema Click-2-Creep con el tim\u00f3n en posici\u00f3n vertical.<\/p>\n<p data-pm-slice=\"1 1 []\"><em><strong>2000 \u0643\u062c\u0645 | 6.0 \u0643\u0645\/\u0633\u0627\u0639\u0629 | \u0631\u0627\u0641\u0639\u0629 \u0634\u0648\u0643\u064a\u0629 \u0630\u0643\u064a\u0629<\/strong><\/em><\/p>\n<ul>\n<li data-pm-slice=\"1 1 []\">Entrega disponible en 24 horas.<\/li>\n<li data-pm-slice=\"1 1 []\">Cancelaci\u00f3n gratuita hasta 2 d\u00edas antes del inicio del alquiler.<\/li>\n<li data-pm-slice=\"1 1 []\">Amplia gama de equipos con servicio completo incluido.<\/li>\n<li data-pm-slice=\"1 1 []\">Alta flexibilidad adaptada a las necesidades del negocio.<\/li>\n<\/ul>","protected":false},"featured_media":3324,"template":"","meta":{"_joinchat":[]},"product_brand":[],"product_cat":[36,37],"product_tag":[],"class_list":{"0":"post-3323","1":"product","2":"type-product","3":"status-publish","4":"has-post-thumbnail","6":"product_cat-carretillas-elevadoras-para-alquiler","7":"product_cat-transpaletas-electricas-alquiler","9":"first","10":"instock","11":"shipping-taxable","12":"product-type-simple"},"_links":{"self":[{"href":"https:\/\/repmancarretillas.es\/ar\/wp-json\/wp\/v2\/product\/3323","targetHints":{"allow":["GET"]}}],"collection":[{"href":"https:\/\/repmancarretillas.es\/ar\/wp-json\/wp\/v2\/product"}],"about":[{"href":"https:\/\/repmancarretillas.es\/ar\/wp-json\/wp\/v2\/types\/product"}],"version-history":[{"count":1,"href":"https:\/\/repmancarretillas.es\/ar\/wp-json\/wp\/v2\/product\/3323\/revisions"}],"predecessor-version":[{"id":3333,"href":"https:\/\/repmancarretillas.es\/ar\/wp-json\/wp\/v2\/product\/3323\/revisions\/3333"}],"wp:featuredmedia":[{"embeddable":true,"href":"https:\/\/repmancarretillas.es\/ar\/wp-json\/wp\/v2\/media\/3324"}],"wp:attachment":[{"href":"https:\/\/repmancarretillas.es\/ar\/wp-json\/wp\/v2\/media?parent=3323"}],"wp:term":[{"taxonomy":"product_brand","embeddable":true,"href":"https:\/\/repmancarretillas.es\/ar\/wp-json\/wp\/v2\/product_brand?post=3323"},{"taxonomy":"product_cat","embeddable":true,"href":"https:\/\/repmancarretillas.es\/ar\/wp-json\/wp\/v2\/product_cat?post=3323"},{"taxonomy":"product_tag","embeddable":true,"href":"https:\/\/repmancarretillas.es\/ar\/wp-json\/wp\/v2\/product_tag?post=3323"}],"curies":[{"name":"wp","href":"https:\/\/api.w.org\/{rel}","templated":true}]}}